{"id":2469,"date":"2020-12-18T09:54:25","date_gmt":"2020-12-18T09:54:25","guid":{"rendered":"http:\/\/www.ocariz.es\/?post_type=product&#038;p=2469"},"modified":"2021-06-03T06:42:56","modified_gmt":"2021-06-03T06:42:56","slug":"mirilla-digital-531","status":"publish","type":"product","link":"https:\/\/www.ocariz.es\/index.php\/producto\/mirilla-digital-531\/","title":{"rendered":"MIRILLA DIGITAL 531"},"content":{"rendered":"<p>Sustituyen a la mirilla tradicional aumentando la seguridad de su hogar y protegiendo la privacidad. No necesitan cableado y son de f\u00e1cil instalaci\u00f3n. V\u00e1lida para espesores de puerta de 40 a 72 mm, con un orificio de alojamiento del visor de 14 a 30 mm de di\u00e1metro.<\/p>\n<p>Caracter\u00edsticas:<\/p>\n<p>\u00c1ngulo de visi\u00f3n 160\u00ba<\/p>\n<p>Pantalla LCD de 3,2\u201d TFT y 320&#215;240 de resoluci\u00f3n<\/p>\n<p>Imagen grande y n\u00edtida<\/p>\n<p>(sensor de c\u00e1mara de 1,3 megap\u00edxeles CMOS)<\/p>\n<p>Respuesta: 1 segundo despu\u00e9s de presionar el bot\u00f3n<\/p>\n<p>Ahorro de energ\u00eda: apagado autom\u00e1tico\u00a0 a los 10 segundos<\/p>\n<p>Fuente de alimentaci\u00f3n: 3 pilas AAA (en uso normal 5.000 encendidos)<\/p>\n<p>Rango de uso: desde -15\u00baC hasta 50\u00ba C<\/p>\n<p>Colores: Oro \/ Plata<\/p>\n<p>&nbsp;<\/p>\n","protected":false},"excerpt":{"rendered":"<p>MIRILLA DIGITAL 531<\/p>\n","protected":false},"featured_media":2474,"comment_status":"open","ping_status":"closed","template":"","meta":[],"product_brand":[],"product_cat":[27],"product_tag":[],"class_list":{"0":"post-2469","1":"product","2":"type-product","3":"status-publish","4":"has-post-thumbnail","6":"product_cat-mirilla-digital","8":"first","9":"instock","10":"sale","11":"taxable","12":"shipping-taxable","13":"purchasable","14":"product-type-variable"},"yoast_head":"<!-- This site is optimized with the Yoast SEO plugin v27.5 - https:\/\/yoast.com\/product\/yoast-seo-wordpress\/ -->\n<title>MIRILLA DIGITAL 531 - Herrajes Ocariz, S.A.<\/title>\n<meta name=\"robots\" content=\"index, follow, max-snippet:-1, max-image-preview:large, max-video-preview:-1\" \/>\n<link rel=\"canonical\" href=\"https:\/\/www.ocariz.es\/index.php\/producto\/mirilla-digital-531\/\" \/>\n<meta property=\"og:locale\" content=\"es_ES\" \/>\n<meta property=\"og:type\" content=\"article\" \/>\n<meta property=\"og:title\" content=\"MIRILLA DIGITAL 531 - Herrajes Ocariz, S.A.\" \/>\n<meta property=\"og:description\" content=\"MIRILLA DIGITAL 531\" \/>\n<meta property=\"og:url\" content=\"https:\/\/www.ocariz.es\/index.php\/producto\/mirilla-digital-531\/\" \/>\n<meta property=\"og:site_name\" content=\"Herrajes Ocariz, S.A.\" \/>\n<meta property=\"article:modified_time\" content=\"2021-06-03T06:42:56+00:00\" \/>\n<meta property=\"og:image\" content=\"https:\/\/www.ocariz.es\/wp-content\/uploads\/2020\/12\/531-envio.png\" \/>\n\t<meta property=\"og:image:width\" content=\"500\" \/>\n\t<meta property=\"og:image:height\" content=\"513\" \/>\n\t<meta property=\"og:image:type\" content=\"image\/png\" \/>\n<meta name=\"twitter:card\" content=\"summary_large_image\" \/>\n<meta name=\"twitter:label1\" content=\"Tiempo de lectura\" \/>\n\t<meta name=\"twitter:data1\" content=\"1 minuto\" \/>\n<script type=\"application\/ld+json\" class=\"yoast-schema-graph\">{\"@context\":\"https:\\\/\\\/schema.org\",\"@graph\":[{\"@type\":\"WebPage\",\"@id\":\"https:\\\/\\\/www.ocariz.es\\\/index.php\\\/producto\\\/mirilla-digital-531\\\/\",\"url\":\"https:\\\/\\\/www.ocariz.es\\\/index.php\\\/producto\\\/mirilla-digital-531\\\/\",\"name\":\"MIRILLA DIGITAL 531 - Herrajes Ocariz, S.A.\",\"isPartOf\":{\"@id\":\"https:\\\/\\\/www.ocariz.es\\\/#website\"},\"primaryImageOfPage\":{\"@id\":\"https:\\\/\\\/www.ocariz.es\\\/index.php\\\/producto\\\/mirilla-digital-531\\\/#primaryimage\"},\"image\":{\"@id\":\"https:\\\/\\\/www.ocariz.es\\\/index.php\\\/producto\\\/mirilla-digital-531\\\/#primaryimage\"},\"thumbnailUrl\":\"https:\\\/\\\/www.ocariz.es\\\/wp-content\\\/uploads\\\/2020\\\/12\\\/531-envio.png\",\"datePublished\":\"2020-12-18T09:54:25+00:00\",\"dateModified\":\"2021-06-03T06:42:56+00:00\",\"breadcrumb\":{\"@id\":\"https:\\\/\\\/www.ocariz.es\\\/index.php\\\/producto\\\/mirilla-digital-531\\\/#breadcrumb\"},\"inLanguage\":\"es\",\"potentialAction\":[{\"@type\":\"ReadAction\",\"target\":[\"https:\\\/\\\/www.ocariz.es\\\/index.php\\\/producto\\\/mirilla-digital-531\\\/\"]}]},{\"@type\":\"ImageObject\",\"inLanguage\":\"es\",\"@id\":\"https:\\\/\\\/www.ocariz.es\\\/index.php\\\/producto\\\/mirilla-digital-531\\\/#primaryimage\",\"url\":\"https:\\\/\\\/www.ocariz.es\\\/wp-content\\\/uploads\\\/2020\\\/12\\\/531-envio.png\",\"contentUrl\":\"https:\\\/\\\/www.ocariz.es\\\/wp-content\\\/uploads\\\/2020\\\/12\\\/531-envio.png\",\"width\":500,\"height\":513},{\"@type\":\"BreadcrumbList\",\"@id\":\"https:\\\/\\\/www.ocariz.es\\\/index.php\\\/producto\\\/mirilla-digital-531\\\/#breadcrumb\",\"itemListElement\":[{\"@type\":\"ListItem\",\"position\":1,\"name\":\"Portada\",\"item\":\"https:\\\/\\\/www.ocariz.es\\\/\"},{\"@type\":\"ListItem\",\"position\":2,\"name\":\"Tienda\",\"item\":\"https:\\\/\\\/www.ocariz.es\\\/?page_id=2104\"},{\"@type\":\"ListItem\",\"position\":3,\"name\":\"MIRILLA DIGITAL 531\"}]},{\"@type\":\"WebSite\",\"@id\":\"https:\\\/\\\/www.ocariz.es\\\/#website\",\"url\":\"https:\\\/\\\/www.ocariz.es\\\/\",\"name\":\"Herrajes Ocariz, S.A.\",\"description\":\"Atenci\u00f3n telef\u00f3nica +34 945 263 400\",\"publisher\":{\"@id\":\"https:\\\/\\\/www.ocariz.es\\\/#organization\"},\"potentialAction\":[{\"@type\":\"SearchAction\",\"target\":{\"@type\":\"EntryPoint\",\"urlTemplate\":\"https:\\\/\\\/www.ocariz.es\\\/?s={search_term_string}\"},\"query-input\":{\"@type\":\"PropertyValueSpecification\",\"valueRequired\":true,\"valueName\":\"search_term_string\"}}],\"inLanguage\":\"es\"},{\"@type\":\"Organization\",\"@id\":\"https:\\\/\\\/www.ocariz.es\\\/#organization\",\"name\":\"HERRAJES OCARIZ, S.A.\",\"url\":\"https:\\\/\\\/www.ocariz.es\\\/\",\"logo\":{\"@type\":\"ImageObject\",\"inLanguage\":\"es\",\"@id\":\"https:\\\/\\\/www.ocariz.es\\\/#\\\/schema\\\/logo\\\/image\\\/\",\"url\":\"https:\\\/\\\/www.ocariz.es\\\/wp-content\\\/uploads\\\/2019\\\/01\\\/ocariz90.png\",\"contentUrl\":\"https:\\\/\\\/www.ocariz.es\\\/wp-content\\\/uploads\\\/2019\\\/01\\\/ocariz90.png\",\"width\":94,\"height\":76,\"caption\":\"HERRAJES OCARIZ, S.A.\"},\"image\":{\"@id\":\"https:\\\/\\\/www.ocariz.es\\\/#\\\/schema\\\/logo\\\/image\\\/\"}}]}<\/script>\n<!-- \/ Yoast SEO plugin. -->","yoast_head_json":{"title":"MIRILLA DIGITAL 531 - Herrajes Ocariz, S.A.","robots":{"index":"index","follow":"follow","max-snippet":"max-snippet:-1","max-image-preview":"max-image-preview:large","max-video-preview":"max-video-preview:-1"},"canonical":"https:\/\/www.ocariz.es\/index.php\/producto\/mirilla-digital-531\/","og_locale":"es_ES","og_type":"article","og_title":"MIRILLA DIGITAL 531 - Herrajes Ocariz, S.A.","og_description":"MIRILLA DIGITAL 531","og_url":"https:\/\/www.ocariz.es\/index.php\/producto\/mirilla-digital-531\/","og_site_name":"Herrajes Ocariz, S.A.","article_modified_time":"2021-06-03T06:42:56+00:00","og_image":[{"width":500,"height":513,"url":"https:\/\/www.ocariz.es\/wp-content\/uploads\/2020\/12\/531-envio.png","type":"image\/png"}],"twitter_card":"summary_large_image","twitter_misc":{"Tiempo de lectura":"1 minuto"},"schema":{"@context":"https:\/\/schema.org","@graph":[{"@type":"WebPage","@id":"https:\/\/www.ocariz.es\/index.php\/producto\/mirilla-digital-531\/","url":"https:\/\/www.ocariz.es\/index.php\/producto\/mirilla-digital-531\/","name":"MIRILLA DIGITAL 531 - Herrajes Ocariz, S.A.","isPartOf":{"@id":"https:\/\/www.ocariz.es\/#website"},"primaryImageOfPage":{"@id":"https:\/\/www.ocariz.es\/index.php\/producto\/mirilla-digital-531\/#primaryimage"},"image":{"@id":"https:\/\/www.ocariz.es\/index.php\/producto\/mirilla-digital-531\/#primaryimage"},"thumbnailUrl":"https:\/\/www.ocariz.es\/wp-content\/uploads\/2020\/12\/531-envio.png","datePublished":"2020-12-18T09:54:25+00:00","dateModified":"2021-06-03T06:42:56+00:00","breadcrumb":{"@id":"https:\/\/www.ocariz.es\/index.php\/producto\/mirilla-digital-531\/#breadcrumb"},"inLanguage":"es","potentialAction":[{"@type":"ReadAction","target":["https:\/\/www.ocariz.es\/index.php\/producto\/mirilla-digital-531\/"]}]},{"@type":"ImageObject","inLanguage":"es","@id":"https:\/\/www.ocariz.es\/index.php\/producto\/mirilla-digital-531\/#primaryimage","url":"https:\/\/www.ocariz.es\/wp-content\/uploads\/2020\/12\/531-envio.png","contentUrl":"https:\/\/www.ocariz.es\/wp-content\/uploads\/2020\/12\/531-envio.png","width":500,"height":513},{"@type":"BreadcrumbList","@id":"https:\/\/www.ocariz.es\/index.php\/producto\/mirilla-digital-531\/#breadcrumb","itemListElement":[{"@type":"ListItem","position":1,"name":"Portada","item":"https:\/\/www.ocariz.es\/"},{"@type":"ListItem","position":2,"name":"Tienda","item":"https:\/\/www.ocariz.es\/?page_id=2104"},{"@type":"ListItem","position":3,"name":"MIRILLA DIGITAL 531"}]},{"@type":"WebSite","@id":"https:\/\/www.ocariz.es\/#website","url":"https:\/\/www.ocariz.es\/","name":"Herrajes Ocariz, S.A.","description":"Atenci\u00f3n telef\u00f3nica +34 945 263 400","publisher":{"@id":"https:\/\/www.ocariz.es\/#organization"},"potentialAction":[{"@type":"SearchAction","target":{"@type":"EntryPoint","urlTemplate":"https:\/\/www.ocariz.es\/?s={search_term_string}"},"query-input":{"@type":"PropertyValueSpecification","valueRequired":true,"valueName":"search_term_string"}}],"inLanguage":"es"},{"@type":"Organization","@id":"https:\/\/www.ocariz.es\/#organization","name":"HERRAJES OCARIZ, S.A.","url":"https:\/\/www.ocariz.es\/","logo":{"@type":"ImageObject","inLanguage":"es","@id":"https:\/\/www.ocariz.es\/#\/schema\/logo\/image\/","url":"https:\/\/www.ocariz.es\/wp-content\/uploads\/2019\/01\/ocariz90.png","contentUrl":"https:\/\/www.ocariz.es\/wp-content\/uploads\/2019\/01\/ocariz90.png","width":94,"height":76,"caption":"HERRAJES OCARIZ, S.A."},"image":{"@id":"https:\/\/www.ocariz.es\/#\/schema\/logo\/image\/"}}]}},"_links":{"self":[{"href":"https:\/\/www.ocariz.es\/index.php\/wp-json\/wp\/v2\/product\/2469","targetHints":{"allow":["GET"]}}],"collection":[{"href":"https:\/\/www.ocariz.es\/index.php\/wp-json\/wp\/v2\/product"}],"about":[{"href":"https:\/\/www.ocariz.es\/index.php\/wp-json\/wp\/v2\/types\/product"}],"replies":[{"embeddable":true,"href":"https:\/\/www.ocariz.es\/index.php\/wp-json\/wp\/v2\/comments?post=2469"}],"wp:featuredmedia":[{"embeddable":true,"href":"https:\/\/www.ocariz.es\/index.php\/wp-json\/wp\/v2\/media\/2474"}],"wp:attachment":[{"href":"https:\/\/www.ocariz.es\/index.php\/wp-json\/wp\/v2\/media?parent=2469"}],"wp:term":[{"taxonomy":"product_brand","embeddable":true,"href":"https:\/\/www.ocariz.es\/index.php\/wp-json\/wp\/v2\/product_brand?post=2469"},{"taxonomy":"product_cat","embeddable":true,"href":"https:\/\/www.ocariz.es\/index.php\/wp-json\/wp\/v2\/product_cat?post=2469"},{"taxonomy":"product_tag","embeddable":true,"href":"https:\/\/www.ocariz.es\/index.php\/wp-json\/wp\/v2\/product_tag?post=2469"}],"curies":[{"name":"wp","href":"https:\/\/api.w.org\/{rel}","templated":true}]}}