{"id":2467,"date":"2020-12-18T08:36:34","date_gmt":"2020-12-18T08:36:34","guid":{"rendered":"http:\/\/www.ocariz.es\/?post_type=product&#038;p=2467"},"modified":"2021-06-24T06:12:20","modified_gmt":"2021-06-24T06:12:20","slug":"kit-alarma-inteligente-camara-ip-hd-sirena","status":"publish","type":"product","link":"https:\/\/www.ocariz.es\/index.php\/producto\/kit-alarma-inteligente-camara-ip-hd-sirena\/","title":{"rendered":"KIT ALARMA INTELIGENTE + CAMARA IP HD + SIRENA"},"content":{"rendered":"<p>Caracter\u00edsticas:<\/p>\n<p>Seguridad aut\u00f3noma inal\u00e1mbrica ( sin cuotas y sin obra ) para su hogar,negocio,etc.<\/p>\n<p>C\u00e1mara IP y sirena (opcional)<\/p>\n<p>DATOS T\u00c9CNICOS DE LOS COMPONENTES<\/p>\n<p>CENTRAL INTELIGENTE (WIFI\/GSM) CON VOZ ( 1 UNIDAD)<br \/>\nAntisabotaje<br \/>\nDimensiones: 160x100x12 mm<br \/>\nFuente de alimentaci\u00f3n: cable micro USB \/ DC 5V1A y bater\u00eda de litio recargable incorporada (4 h de<br \/>\nautonom\u00eda)<br \/>\nPotente CPU<br \/>\nPantalla a color: LCD 1,7\u201d TFT<br \/>\nTeclado t\u00e1ctil<br \/>\nIndicador de voz<br \/>\nIncluye sonido de alarma<br \/>\nTemperatura de trabajo: desde 0\u00ba C hasta 55\u00ba C (solo en interiores)<br \/>\nFrecuencia WIFI: 433 MHz<br \/>\nQuedan registrados los \u00faltimos 100 eventos<br \/>\nAmpliable hasta 99 zonas inal\u00e1mbricas (99 mandos y 99 sensores)<br \/>\nRadio de alcance m\u00e1ximo: 100 m. en campo abierto (dependiendo de la distribuci\u00f3n del habit\u00e1culo)<\/p>\n<p>MANDOS A DISTANCIA ( 2 UNIDADES)<br \/>\nDimensiones: 73x32x12 mm<br \/>\nFuente de alimentaci\u00f3n: 1 pila CR2032<br \/>\nDistancia de apertura de 8 a10 m<\/p>\n<p>SENSOR DE MOVIMIENTO ( 1 UNIDAD)<br \/>\nAntisabotaje<br \/>\nDimensiones: 89x58x83 mm<br \/>\nFuente de alimentaci\u00f3n: cable micro USB y\/o 2 pilas AA<br \/>\nAngulo de visi\u00f3n: 110\u00ba<br \/>\nDistancia focal: de 4 a 8m<br \/>\nProvista de luz infrarroja<br \/>\nSe direcciona 360\u00ba mediante rotula<\/p>\n<p>SENSOR MAGN\u00c9TICO DE APERTURA PARA PUERTAS Y VENTANAS (1 UNIDAD)<br \/>\nDimensiones: 49x75x17 mm<br \/>\nFuente de alimentaci\u00f3n: 1 pila alcalina 12V 23A<\/p>\n<p>C\u00c1MARA IP HD Video\/Fotos<br \/>\n\u00a1\u00a1\u00a1Atenci\u00f3n!!!<br \/>\nSe pueden configurar cuantas c\u00e1maras necesite el usuario.<br \/>\nRef.: OC-N61<br \/>\nConectividad: WIFI<br \/>\nAlmacenamiento: 32 G<br \/>\nDimensiones: 120x120x110 mm<br \/>\nFuente de alimentaci\u00f3n: cable micro USB<br \/>\nAngulo de visi\u00f3n: 120\u00ba<br \/>\nLente 3,6mm<br \/>\nSensor de c\u00e1mara: 1,3 megap\u00edxeles<br \/>\nVideo HD 720 px<br \/>\nPuede sacar fotos<br \/>\nProvista de luz infrarroja y visi\u00f3n nocturna. Distancia IR: de 6 a 8 m<br \/>\nIncoropora la funci\u00f3n de voz bidireccional pudiendo hablar, escuchar y ver en tiempo real lo que esta<br \/>\nsucediendo en el habitaculo<br \/>\nM\u00e9todo de decodificaci\u00f3n: H.264<br \/>\nSe direcciona 360\u00ba mediante rotula<\/p>\n<p>SIRENA CON EFECTO ESTROBOSC\u00d3PICO<br \/>\nRef.: OC-J3<br \/>\nDimensiones: 190x80x66 mm<br \/>\nFuente de alimentaci\u00f3n: cable micro USB y\/o 4 pilas AA<br \/>\nIntensidad sonora regulable: 120 dB max.<\/p>\n","protected":false},"excerpt":{"rendered":"<p>KIT ALARMA INTELIGENTE+ CAMARA IP HD + SIRENA<\/p>\n","protected":false},"featured_media":2468,"comment_status":"open","ping_status":"closed","template":"","meta":[],"product_brand":[],"product_cat":[25],"product_tag":[],"class_list":{"0":"post-2467","1":"product","2":"type-product","3":"status-publish","4":"has-post-thumbnail","6":"product_cat-alarma-inteligente","8":"first","9":"instock","10":"sale","11":"taxable","12":"shipping-taxable","13":"purchasable","14":"product-type-simple"},"yoast_head":"<!-- This site is optimized with the Yoast SEO plugin v27.3 - https:\/\/yoast.com\/product\/yoast-seo-wordpress\/ -->\n<title>KIT ALARMA INTELIGENTE + CAMARA IP HD + SIRENA - Herrajes Ocariz, S.A.<\/title>\n<meta name=\"robots\" content=\"index, follow, max-snippet:-1, max-image-preview:large, max-video-preview:-1\" \/>\n<link rel=\"canonical\" href=\"https:\/\/www.ocariz.es\/index.php\/producto\/kit-alarma-inteligente-camara-ip-hd-sirena\/\" \/>\n<meta property=\"og:locale\" content=\"es_ES\" \/>\n<meta property=\"og:type\" content=\"article\" \/>\n<meta property=\"og:title\" content=\"KIT ALARMA INTELIGENTE + CAMARA IP HD + SIRENA - Herrajes Ocariz, S.A.\" \/>\n<meta property=\"og:description\" content=\"KIT ALARMA INTELIGENTE+ CAMARA IP HD + SIRENA\" \/>\n<meta property=\"og:url\" content=\"https:\/\/www.ocariz.es\/index.php\/producto\/kit-alarma-inteligente-camara-ip-hd-sirena\/\" \/>\n<meta property=\"og:site_name\" content=\"Herrajes Ocariz, S.A.\" \/>\n<meta property=\"article:modified_time\" content=\"2021-06-24T06:12:20+00:00\" \/>\n<meta property=\"og:image\" content=\"https:\/\/www.ocariz.es\/wp-content\/uploads\/2020\/12\/KIT-ALARMA-CAMARA-SIRENA.png\" \/>\n\t<meta property=\"og:image:width\" content=\"2479\" \/>\n\t<meta property=\"og:image:height\" content=\"3508\" \/>\n\t<meta property=\"og:image:type\" content=\"image\/png\" \/>\n<meta name=\"twitter:card\" content=\"summary_large_image\" \/>\n<meta name=\"twitter:label1\" content=\"Tiempo de lectura\" \/>\n\t<meta name=\"twitter:data1\" content=\"2 minutos\" \/>\n<script type=\"application\/ld+json\" class=\"yoast-schema-graph\">{\"@context\":\"https:\\\/\\\/schema.org\",\"@graph\":[{\"@type\":\"WebPage\",\"@id\":\"https:\\\/\\\/www.ocariz.es\\\/index.php\\\/producto\\\/kit-alarma-inteligente-camara-ip-hd-sirena\\\/\",\"url\":\"https:\\\/\\\/www.ocariz.es\\\/index.php\\\/producto\\\/kit-alarma-inteligente-camara-ip-hd-sirena\\\/\",\"name\":\"KIT ALARMA INTELIGENTE + CAMARA IP HD + SIRENA - Herrajes Ocariz, S.A.\",\"isPartOf\":{\"@id\":\"https:\\\/\\\/www.ocariz.es\\\/#website\"},\"primaryImageOfPage\":{\"@id\":\"https:\\\/\\\/www.ocariz.es\\\/index.php\\\/producto\\\/kit-alarma-inteligente-camara-ip-hd-sirena\\\/#primaryimage\"},\"image\":{\"@id\":\"https:\\\/\\\/www.ocariz.es\\\/index.php\\\/producto\\\/kit-alarma-inteligente-camara-ip-hd-sirena\\\/#primaryimage\"},\"thumbnailUrl\":\"https:\\\/\\\/www.ocariz.es\\\/wp-content\\\/uploads\\\/2020\\\/12\\\/KIT-ALARMA-CAMARA-SIRENA.png\",\"datePublished\":\"2020-12-18T08:36:34+00:00\",\"dateModified\":\"2021-06-24T06:12:20+00:00\",\"breadcrumb\":{\"@id\":\"https:\\\/\\\/www.ocariz.es\\\/index.php\\\/producto\\\/kit-alarma-inteligente-camara-ip-hd-sirena\\\/#breadcrumb\"},\"inLanguage\":\"es\",\"potentialAction\":[{\"@type\":\"ReadAction\",\"target\":[\"https:\\\/\\\/www.ocariz.es\\\/index.php\\\/producto\\\/kit-alarma-inteligente-camara-ip-hd-sirena\\\/\"]}]},{\"@type\":\"ImageObject\",\"inLanguage\":\"es\",\"@id\":\"https:\\\/\\\/www.ocariz.es\\\/index.php\\\/producto\\\/kit-alarma-inteligente-camara-ip-hd-sirena\\\/#primaryimage\",\"url\":\"https:\\\/\\\/www.ocariz.es\\\/wp-content\\\/uploads\\\/2020\\\/12\\\/KIT-ALARMA-CAMARA-SIRENA.png\",\"contentUrl\":\"https:\\\/\\\/www.ocariz.es\\\/wp-content\\\/uploads\\\/2020\\\/12\\\/KIT-ALARMA-CAMARA-SIRENA.png\",\"width\":2479,\"height\":3508},{\"@type\":\"BreadcrumbList\",\"@id\":\"https:\\\/\\\/www.ocariz.es\\\/index.php\\\/producto\\\/kit-alarma-inteligente-camara-ip-hd-sirena\\\/#breadcrumb\",\"itemListElement\":[{\"@type\":\"ListItem\",\"position\":1,\"name\":\"Portada\",\"item\":\"https:\\\/\\\/www.ocariz.es\\\/\"},{\"@type\":\"ListItem\",\"position\":2,\"name\":\"Tienda\",\"item\":\"https:\\\/\\\/www.ocariz.es\\\/?page_id=2104\"},{\"@type\":\"ListItem\",\"position\":3,\"name\":\"KIT ALARMA INTELIGENTE + CAMARA IP HD + SIRENA\"}]},{\"@type\":\"WebSite\",\"@id\":\"https:\\\/\\\/www.ocariz.es\\\/#website\",\"url\":\"https:\\\/\\\/www.ocariz.es\\\/\",\"name\":\"Herrajes Ocariz, S.A.\",\"description\":\"Atenci\u00f3n telef\u00f3nica +34 945 263 400\",\"publisher\":{\"@id\":\"https:\\\/\\\/www.ocariz.es\\\/#organization\"},\"potentialAction\":[{\"@type\":\"SearchAction\",\"target\":{\"@type\":\"EntryPoint\",\"urlTemplate\":\"https:\\\/\\\/www.ocariz.es\\\/?s={search_term_string}\"},\"query-input\":{\"@type\":\"PropertyValueSpecification\",\"valueRequired\":true,\"valueName\":\"search_term_string\"}}],\"inLanguage\":\"es\"},{\"@type\":\"Organization\",\"@id\":\"https:\\\/\\\/www.ocariz.es\\\/#organization\",\"name\":\"HERRAJES OCARIZ, S.A.\",\"url\":\"https:\\\/\\\/www.ocariz.es\\\/\",\"logo\":{\"@type\":\"ImageObject\",\"inLanguage\":\"es\",\"@id\":\"https:\\\/\\\/www.ocariz.es\\\/#\\\/schema\\\/logo\\\/image\\\/\",\"url\":\"https:\\\/\\\/www.ocariz.es\\\/wp-content\\\/uploads\\\/2019\\\/01\\\/ocariz90.png\",\"contentUrl\":\"https:\\\/\\\/www.ocariz.es\\\/wp-content\\\/uploads\\\/2019\\\/01\\\/ocariz90.png\",\"width\":94,\"height\":76,\"caption\":\"HERRAJES OCARIZ, S.A.\"},\"image\":{\"@id\":\"https:\\\/\\\/www.ocariz.es\\\/#\\\/schema\\\/logo\\\/image\\\/\"}}]}<\/script>\n<!-- \/ Yoast SEO plugin. -->","yoast_head_json":{"title":"KIT ALARMA INTELIGENTE + CAMARA IP HD + SIRENA - Herrajes Ocariz, S.A.","robots":{"index":"index","follow":"follow","max-snippet":"max-snippet:-1","max-image-preview":"max-image-preview:large","max-video-preview":"max-video-preview:-1"},"canonical":"https:\/\/www.ocariz.es\/index.php\/producto\/kit-alarma-inteligente-camara-ip-hd-sirena\/","og_locale":"es_ES","og_type":"article","og_title":"KIT ALARMA INTELIGENTE + CAMARA IP HD + SIRENA - Herrajes Ocariz, S.A.","og_description":"KIT ALARMA INTELIGENTE+ CAMARA IP HD + SIRENA","og_url":"https:\/\/www.ocariz.es\/index.php\/producto\/kit-alarma-inteligente-camara-ip-hd-sirena\/","og_site_name":"Herrajes Ocariz, S.A.","article_modified_time":"2021-06-24T06:12:20+00:00","og_image":[{"width":2479,"height":3508,"url":"https:\/\/www.ocariz.es\/wp-content\/uploads\/2020\/12\/KIT-ALARMA-CAMARA-SIRENA.png","type":"image\/png"}],"twitter_card":"summary_large_image","twitter_misc":{"Tiempo de lectura":"2 minutos"},"schema":{"@context":"https:\/\/schema.org","@graph":[{"@type":"WebPage","@id":"https:\/\/www.ocariz.es\/index.php\/producto\/kit-alarma-inteligente-camara-ip-hd-sirena\/","url":"https:\/\/www.ocariz.es\/index.php\/producto\/kit-alarma-inteligente-camara-ip-hd-sirena\/","name":"KIT ALARMA INTELIGENTE + CAMARA IP HD + SIRENA - Herrajes Ocariz, S.A.","isPartOf":{"@id":"https:\/\/www.ocariz.es\/#website"},"primaryImageOfPage":{"@id":"https:\/\/www.ocariz.es\/index.php\/producto\/kit-alarma-inteligente-camara-ip-hd-sirena\/#primaryimage"},"image":{"@id":"https:\/\/www.ocariz.es\/index.php\/producto\/kit-alarma-inteligente-camara-ip-hd-sirena\/#primaryimage"},"thumbnailUrl":"https:\/\/www.ocariz.es\/wp-content\/uploads\/2020\/12\/KIT-ALARMA-CAMARA-SIRENA.png","datePublished":"2020-12-18T08:36:34+00:00","dateModified":"2021-06-24T06:12:20+00:00","breadcrumb":{"@id":"https:\/\/www.ocariz.es\/index.php\/producto\/kit-alarma-inteligente-camara-ip-hd-sirena\/#breadcrumb"},"inLanguage":"es","potentialAction":[{"@type":"ReadAction","target":["https:\/\/www.ocariz.es\/index.php\/producto\/kit-alarma-inteligente-camara-ip-hd-sirena\/"]}]},{"@type":"ImageObject","inLanguage":"es","@id":"https:\/\/www.ocariz.es\/index.php\/producto\/kit-alarma-inteligente-camara-ip-hd-sirena\/#primaryimage","url":"https:\/\/www.ocariz.es\/wp-content\/uploads\/2020\/12\/KIT-ALARMA-CAMARA-SIRENA.png","contentUrl":"https:\/\/www.ocariz.es\/wp-content\/uploads\/2020\/12\/KIT-ALARMA-CAMARA-SIRENA.png","width":2479,"height":3508},{"@type":"BreadcrumbList","@id":"https:\/\/www.ocariz.es\/index.php\/producto\/kit-alarma-inteligente-camara-ip-hd-sirena\/#breadcrumb","itemListElement":[{"@type":"ListItem","position":1,"name":"Portada","item":"https:\/\/www.ocariz.es\/"},{"@type":"ListItem","position":2,"name":"Tienda","item":"https:\/\/www.ocariz.es\/?page_id=2104"},{"@type":"ListItem","position":3,"name":"KIT ALARMA INTELIGENTE + CAMARA IP HD + SIRENA"}]},{"@type":"WebSite","@id":"https:\/\/www.ocariz.es\/#website","url":"https:\/\/www.ocariz.es\/","name":"Herrajes Ocariz, S.A.","description":"Atenci\u00f3n telef\u00f3nica +34 945 263 400","publisher":{"@id":"https:\/\/www.ocariz.es\/#organization"},"potentialAction":[{"@type":"SearchAction","target":{"@type":"EntryPoint","urlTemplate":"https:\/\/www.ocariz.es\/?s={search_term_string}"},"query-input":{"@type":"PropertyValueSpecification","valueRequired":true,"valueName":"search_term_string"}}],"inLanguage":"es"},{"@type":"Organization","@id":"https:\/\/www.ocariz.es\/#organization","name":"HERRAJES OCARIZ, S.A.","url":"https:\/\/www.ocariz.es\/","logo":{"@type":"ImageObject","inLanguage":"es","@id":"https:\/\/www.ocariz.es\/#\/schema\/logo\/image\/","url":"https:\/\/www.ocariz.es\/wp-content\/uploads\/2019\/01\/ocariz90.png","contentUrl":"https:\/\/www.ocariz.es\/wp-content\/uploads\/2019\/01\/ocariz90.png","width":94,"height":76,"caption":"HERRAJES OCARIZ, S.A."},"image":{"@id":"https:\/\/www.ocariz.es\/#\/schema\/logo\/image\/"}}]}},"_links":{"self":[{"href":"https:\/\/www.ocariz.es\/index.php\/wp-json\/wp\/v2\/product\/2467","targetHints":{"allow":["GET"]}}],"collection":[{"href":"https:\/\/www.ocariz.es\/index.php\/wp-json\/wp\/v2\/product"}],"about":[{"href":"https:\/\/www.ocariz.es\/index.php\/wp-json\/wp\/v2\/types\/product"}],"replies":[{"embeddable":true,"href":"https:\/\/www.ocariz.es\/index.php\/wp-json\/wp\/v2\/comments?post=2467"}],"wp:featuredmedia":[{"embeddable":true,"href":"https:\/\/www.ocariz.es\/index.php\/wp-json\/wp\/v2\/media\/2468"}],"wp:attachment":[{"href":"https:\/\/www.ocariz.es\/index.php\/wp-json\/wp\/v2\/media?parent=2467"}],"wp:term":[{"taxonomy":"product_brand","embeddable":true,"href":"https:\/\/www.ocariz.es\/index.php\/wp-json\/wp\/v2\/product_brand?post=2467"},{"taxonomy":"product_cat","embeddable":true,"href":"https:\/\/www.ocariz.es\/index.php\/wp-json\/wp\/v2\/product_cat?post=2467"},{"taxonomy":"product_tag","embeddable":true,"href":"https:\/\/www.ocariz.es\/index.php\/wp-json\/wp\/v2\/product_tag?post=2467"}],"curies":[{"name":"wp","href":"https:\/\/api.w.org\/{rel}","templated":true}]}}