{"id":2297,"date":"2020-11-11T18:07:17","date_gmt":"2020-11-11T18:07:17","guid":{"rendered":"http:\/\/www.ocariz.es\/?post_type=product&#038;p=2297"},"modified":"2022-09-12T06:44:37","modified_gmt":"2022-09-12T06:44:37","slug":"termoestufa-pellet-eco-hidro-20-kw","status":"publish","type":"product","link":"https:\/\/www.ocariz.es\/index.php\/producto\/termoestufa-pellet-eco-hidro-20-kw\/","title":{"rendered":"TERMOESTUFA PELLET  ECO-HIDRO 20 KW"},"content":{"rendered":"<p>Caracteristicas:<\/p>\n<div>\n<div>\n<ul>\n<li>Volumen orientativo de calentamiento 450 m3<\/li>\n<li>Potencia t\u00e9rmica hacia el ambiente 0,6 &#8211; 1 kW<\/li>\n<li>Potencia t\u00e9rmica hacia el agua 6,4 &#8211; 18,7 kW<\/li>\n<li>Potencia t\u00e9rmica a la llama 7 &#8211; 19,7 kW<\/li>\n<li>Rendimiento 88,5 &#8211; 90,8 %<\/li>\n<li>Capacidad del dep\u00f3sito de pellets 35 Kg<\/li>\n<li>Consumo de pellets 1,6 &#8211; 4,4 Kg\/h<\/li>\n<li>Autonom\u00eda m\u00e1xima orientativa 21 h<\/li>\n<li>Peso 190 Kg<\/li>\n<li>Medidas ancho\/profundidad\/altura 580 x 590 x1200 mm<\/li>\n<li>Salida de humos \u00d8 80 mm<\/li>\n<li>Toma de aire\u00a0\u00d8 60 mm<\/li>\n<li>Alimentaci\u00f3n el\u00e9ctrica 220-230V \/ 50 Hz<\/li>\n<li>Revestimiento lateral Acero<\/li>\n<li>Revestimiento superior Acero<\/li>\n<\/ul>\n<p>&nbsp;<\/p>\n<div>\n<div>\n<div>\n<div>Colores disponibles<strong>:<\/strong><\/div>\n<\/div>\n<\/div>\n<\/div>\n<ul>\n<li>Beige<\/li>\n<li>Burdeos<\/li>\n<li>Negro opaco<\/li>\n<\/ul>\n<div>\u00a0Certificados EN 14785:2006 y Art. 15a BV-G<\/div>\n<\/div>\n<div>LRV, BIMSchv y Flamme Verte<\/div>\n<div><\/div>\n<div><\/div>\n<div>Equipamiento:<\/div>\n<div>\n<ul>\n<li>Cronotermostato semanal 28 programas.<\/li>\n<li>Display LCD 22 caracteres.<\/li>\n<li>Mando a distancia por infrarrojos (bater\u00eda 12V\/23A) opcional.<\/li>\n<li>Regulaci\u00f3n sobre 5 niveles de potencia modulables.<\/li>\n<li>Regulaci\u00f3n autom\u00e1tica de la dosificaci\u00f3n de los pellets.<\/li>\n<li>Vidrio cer\u00e1mico autolimpiante de alta resistencia 800 \u00baC y 4 mm de espesor.<\/li>\n<li>Caj\u00f3n cenicero extra\u00edble de gran capacidad.<\/li>\n<li>Cestillo de acero inoxidable AISI 304.<\/li>\n<li>Capacidad del dep\u00f3sito de agua 60 litros.<\/li>\n<li>Vaso de expansi\u00f3n de 10 litros.<\/li>\n<li>Bomba hidr\u00e1ulica.<\/li>\n<li>Hidr\u00f3metro.<\/li>\n<li>V\u00e1lvula de purga de aire autom\u00e1tica y manual.\n<div><\/div>\n<\/li>\n<li><\/li>\n<li>\n<div>Equipamiento de seguridad:<\/div>\n<div>\n<ul>\n<li>Medidor de flujo del aire de combusti\u00f3n.<\/li>\n<li>Monitorizaci\u00f3n continua del aire de combusti\u00f3n y de la temperatura de humos.<\/li>\n<li>Termostato mec\u00e1nico interno a contacto.<\/li>\n<li>Termostato de seguridad autom\u00e1tico en el dep\u00f3sito de pellets.<\/li>\n<li>Control de giros del motor de humos.<\/li>\n<li>V\u00e1lvula de seguridad de 3 bares.<\/li>\n<li>Control de la temperatura del agua<\/li>\n<\/ul>\n<\/div>\n<\/li>\n<\/ul>\n<\/div>\n<\/div>\n","protected":false},"excerpt":{"rendered":"<p>TERMOESTUFA PELLET ECO-HIDRO 20 KW<\/p>\n","protected":false},"featured_media":2449,"comment_status":"open","ping_status":"closed","template":"","meta":[],"product_brand":[],"product_cat":[16],"product_tag":[],"class_list":{"0":"post-2297","1":"product","2":"type-product","3":"status-publish","4":"has-post-thumbnail","6":"product_cat-estufa-pellet","8":"first","9":"instock","10":"taxable","11":"shipping-taxable","12":"purchasable","13":"product-type-variable"},"yoast_head":"<!-- This site is optimized with the Yoast SEO plugin v27.4 - https:\/\/yoast.com\/product\/yoast-seo-wordpress\/ -->\n<title>TERMOESTUFA PELLET ECO-HIDRO 20 KW - Herrajes Ocariz, S.A.<\/title>\n<meta name=\"robots\" content=\"index, follow, max-snippet:-1, max-image-preview:large, max-video-preview:-1\" \/>\n<link rel=\"canonical\" href=\"https:\/\/www.ocariz.es\/index.php\/producto\/termoestufa-pellet-eco-hidro-20-kw\/\" \/>\n<meta property=\"og:locale\" content=\"es_ES\" \/>\n<meta property=\"og:type\" content=\"article\" \/>\n<meta property=\"og:title\" content=\"TERMOESTUFA PELLET ECO-HIDRO 20 KW - Herrajes Ocariz, S.A.\" \/>\n<meta property=\"og:description\" content=\"TERMOESTUFA PELLET ECO-HIDRO 20 KW\" \/>\n<meta property=\"og:url\" content=\"https:\/\/www.ocariz.es\/index.php\/producto\/termoestufa-pellet-eco-hidro-20-kw\/\" \/>\n<meta property=\"og:site_name\" content=\"Herrajes Ocariz, S.A.\" \/>\n<meta property=\"article:modified_time\" content=\"2022-09-12T06:44:37+00:00\" \/>\n<meta property=\"og:image\" content=\"https:\/\/www.ocariz.es\/wp-content\/uploads\/2020\/11\/Termoestufas_de_pellet_Ocariz_Eco_Hidro_20_Kw.jpg\" \/>\n\t<meta property=\"og:image:width\" content=\"1200\" \/>\n\t<meta property=\"og:image:height\" content=\"1001\" \/>\n\t<meta property=\"og:image:type\" content=\"image\/jpeg\" \/>\n<meta name=\"twitter:card\" content=\"summary_large_image\" \/>\n<meta name=\"twitter:label1\" content=\"Tiempo de lectura\" \/>\n\t<meta name=\"twitter:data1\" content=\"2 minutos\" \/>\n<script type=\"application\/ld+json\" class=\"yoast-schema-graph\">{\"@context\":\"https:\\\/\\\/schema.org\",\"@graph\":[{\"@type\":\"WebPage\",\"@id\":\"https:\\\/\\\/www.ocariz.es\\\/index.php\\\/producto\\\/termoestufa-pellet-eco-hidro-20-kw\\\/\",\"url\":\"https:\\\/\\\/www.ocariz.es\\\/index.php\\\/producto\\\/termoestufa-pellet-eco-hidro-20-kw\\\/\",\"name\":\"TERMOESTUFA PELLET ECO-HIDRO 20 KW - Herrajes Ocariz, S.A.\",\"isPartOf\":{\"@id\":\"https:\\\/\\\/www.ocariz.es\\\/#website\"},\"primaryImageOfPage\":{\"@id\":\"https:\\\/\\\/www.ocariz.es\\\/index.php\\\/producto\\\/termoestufa-pellet-eco-hidro-20-kw\\\/#primaryimage\"},\"image\":{\"@id\":\"https:\\\/\\\/www.ocariz.es\\\/index.php\\\/producto\\\/termoestufa-pellet-eco-hidro-20-kw\\\/#primaryimage\"},\"thumbnailUrl\":\"https:\\\/\\\/www.ocariz.es\\\/wp-content\\\/uploads\\\/2020\\\/11\\\/Termoestufas_de_pellet_Ocariz_Eco_Hidro_20_Kw.jpg\",\"datePublished\":\"2020-11-11T18:07:17+00:00\",\"dateModified\":\"2022-09-12T06:44:37+00:00\",\"breadcrumb\":{\"@id\":\"https:\\\/\\\/www.ocariz.es\\\/index.php\\\/producto\\\/termoestufa-pellet-eco-hidro-20-kw\\\/#breadcrumb\"},\"inLanguage\":\"es\",\"potentialAction\":[{\"@type\":\"ReadAction\",\"target\":[\"https:\\\/\\\/www.ocariz.es\\\/index.php\\\/producto\\\/termoestufa-pellet-eco-hidro-20-kw\\\/\"]}]},{\"@type\":\"ImageObject\",\"inLanguage\":\"es\",\"@id\":\"https:\\\/\\\/www.ocariz.es\\\/index.php\\\/producto\\\/termoestufa-pellet-eco-hidro-20-kw\\\/#primaryimage\",\"url\":\"https:\\\/\\\/www.ocariz.es\\\/wp-content\\\/uploads\\\/2020\\\/11\\\/Termoestufas_de_pellet_Ocariz_Eco_Hidro_20_Kw.jpg\",\"contentUrl\":\"https:\\\/\\\/www.ocariz.es\\\/wp-content\\\/uploads\\\/2020\\\/11\\\/Termoestufas_de_pellet_Ocariz_Eco_Hidro_20_Kw.jpg\",\"width\":1200,\"height\":1001},{\"@type\":\"BreadcrumbList\",\"@id\":\"https:\\\/\\\/www.ocariz.es\\\/index.php\\\/producto\\\/termoestufa-pellet-eco-hidro-20-kw\\\/#breadcrumb\",\"itemListElement\":[{\"@type\":\"ListItem\",\"position\":1,\"name\":\"Portada\",\"item\":\"https:\\\/\\\/www.ocariz.es\\\/\"},{\"@type\":\"ListItem\",\"position\":2,\"name\":\"Tienda\",\"item\":\"https:\\\/\\\/www.ocariz.es\\\/?page_id=2104\"},{\"@type\":\"ListItem\",\"position\":3,\"name\":\"TERMOESTUFA PELLET ECO-HIDRO 20 KW\"}]},{\"@type\":\"WebSite\",\"@id\":\"https:\\\/\\\/www.ocariz.es\\\/#website\",\"url\":\"https:\\\/\\\/www.ocariz.es\\\/\",\"name\":\"Herrajes Ocariz, S.A.\",\"description\":\"Atenci\u00f3n telef\u00f3nica +34 945 263 400\",\"publisher\":{\"@id\":\"https:\\\/\\\/www.ocariz.es\\\/#organization\"},\"potentialAction\":[{\"@type\":\"SearchAction\",\"target\":{\"@type\":\"EntryPoint\",\"urlTemplate\":\"https:\\\/\\\/www.ocariz.es\\\/?s={search_term_string}\"},\"query-input\":{\"@type\":\"PropertyValueSpecification\",\"valueRequired\":true,\"valueName\":\"search_term_string\"}}],\"inLanguage\":\"es\"},{\"@type\":\"Organization\",\"@id\":\"https:\\\/\\\/www.ocariz.es\\\/#organization\",\"name\":\"HERRAJES OCARIZ, S.A.\",\"url\":\"https:\\\/\\\/www.ocariz.es\\\/\",\"logo\":{\"@type\":\"ImageObject\",\"inLanguage\":\"es\",\"@id\":\"https:\\\/\\\/www.ocariz.es\\\/#\\\/schema\\\/logo\\\/image\\\/\",\"url\":\"https:\\\/\\\/www.ocariz.es\\\/wp-content\\\/uploads\\\/2019\\\/01\\\/ocariz90.png\",\"contentUrl\":\"https:\\\/\\\/www.ocariz.es\\\/wp-content\\\/uploads\\\/2019\\\/01\\\/ocariz90.png\",\"width\":94,\"height\":76,\"caption\":\"HERRAJES OCARIZ, S.A.\"},\"image\":{\"@id\":\"https:\\\/\\\/www.ocariz.es\\\/#\\\/schema\\\/logo\\\/image\\\/\"}}]}<\/script>\n<!-- \/ Yoast SEO plugin. -->","yoast_head_json":{"title":"TERMOESTUFA PELLET ECO-HIDRO 20 KW - Herrajes Ocariz, S.A.","robots":{"index":"index","follow":"follow","max-snippet":"max-snippet:-1","max-image-preview":"max-image-preview:large","max-video-preview":"max-video-preview:-1"},"canonical":"https:\/\/www.ocariz.es\/index.php\/producto\/termoestufa-pellet-eco-hidro-20-kw\/","og_locale":"es_ES","og_type":"article","og_title":"TERMOESTUFA PELLET ECO-HIDRO 20 KW - Herrajes Ocariz, S.A.","og_description":"TERMOESTUFA PELLET ECO-HIDRO 20 KW","og_url":"https:\/\/www.ocariz.es\/index.php\/producto\/termoestufa-pellet-eco-hidro-20-kw\/","og_site_name":"Herrajes Ocariz, S.A.","article_modified_time":"2022-09-12T06:44:37+00:00","og_image":[{"width":1200,"height":1001,"url":"https:\/\/www.ocariz.es\/wp-content\/uploads\/2020\/11\/Termoestufas_de_pellet_Ocariz_Eco_Hidro_20_Kw.jpg","type":"image\/jpeg"}],"twitter_card":"summary_large_image","twitter_misc":{"Tiempo de lectura":"2 minutos"},"schema":{"@context":"https:\/\/schema.org","@graph":[{"@type":"WebPage","@id":"https:\/\/www.ocariz.es\/index.php\/producto\/termoestufa-pellet-eco-hidro-20-kw\/","url":"https:\/\/www.ocariz.es\/index.php\/producto\/termoestufa-pellet-eco-hidro-20-kw\/","name":"TERMOESTUFA PELLET ECO-HIDRO 20 KW - Herrajes Ocariz, S.A.","isPartOf":{"@id":"https:\/\/www.ocariz.es\/#website"},"primaryImageOfPage":{"@id":"https:\/\/www.ocariz.es\/index.php\/producto\/termoestufa-pellet-eco-hidro-20-kw\/#primaryimage"},"image":{"@id":"https:\/\/www.ocariz.es\/index.php\/producto\/termoestufa-pellet-eco-hidro-20-kw\/#primaryimage"},"thumbnailUrl":"https:\/\/www.ocariz.es\/wp-content\/uploads\/2020\/11\/Termoestufas_de_pellet_Ocariz_Eco_Hidro_20_Kw.jpg","datePublished":"2020-11-11T18:07:17+00:00","dateModified":"2022-09-12T06:44:37+00:00","breadcrumb":{"@id":"https:\/\/www.ocariz.es\/index.php\/producto\/termoestufa-pellet-eco-hidro-20-kw\/#breadcrumb"},"inLanguage":"es","potentialAction":[{"@type":"ReadAction","target":["https:\/\/www.ocariz.es\/index.php\/producto\/termoestufa-pellet-eco-hidro-20-kw\/"]}]},{"@type":"ImageObject","inLanguage":"es","@id":"https:\/\/www.ocariz.es\/index.php\/producto\/termoestufa-pellet-eco-hidro-20-kw\/#primaryimage","url":"https:\/\/www.ocariz.es\/wp-content\/uploads\/2020\/11\/Termoestufas_de_pellet_Ocariz_Eco_Hidro_20_Kw.jpg","contentUrl":"https:\/\/www.ocariz.es\/wp-content\/uploads\/2020\/11\/Termoestufas_de_pellet_Ocariz_Eco_Hidro_20_Kw.jpg","width":1200,"height":1001},{"@type":"BreadcrumbList","@id":"https:\/\/www.ocariz.es\/index.php\/producto\/termoestufa-pellet-eco-hidro-20-kw\/#breadcrumb","itemListElement":[{"@type":"ListItem","position":1,"name":"Portada","item":"https:\/\/www.ocariz.es\/"},{"@type":"ListItem","position":2,"name":"Tienda","item":"https:\/\/www.ocariz.es\/?page_id=2104"},{"@type":"ListItem","position":3,"name":"TERMOESTUFA PELLET ECO-HIDRO 20 KW"}]},{"@type":"WebSite","@id":"https:\/\/www.ocariz.es\/#website","url":"https:\/\/www.ocariz.es\/","name":"Herrajes Ocariz, S.A.","description":"Atenci\u00f3n telef\u00f3nica +34 945 263 400","publisher":{"@id":"https:\/\/www.ocariz.es\/#organization"},"potentialAction":[{"@type":"SearchAction","target":{"@type":"EntryPoint","urlTemplate":"https:\/\/www.ocariz.es\/?s={search_term_string}"},"query-input":{"@type":"PropertyValueSpecification","valueRequired":true,"valueName":"search_term_string"}}],"inLanguage":"es"},{"@type":"Organization","@id":"https:\/\/www.ocariz.es\/#organization","name":"HERRAJES OCARIZ, S.A.","url":"https:\/\/www.ocariz.es\/","logo":{"@type":"ImageObject","inLanguage":"es","@id":"https:\/\/www.ocariz.es\/#\/schema\/logo\/image\/","url":"https:\/\/www.ocariz.es\/wp-content\/uploads\/2019\/01\/ocariz90.png","contentUrl":"https:\/\/www.ocariz.es\/wp-content\/uploads\/2019\/01\/ocariz90.png","width":94,"height":76,"caption":"HERRAJES OCARIZ, S.A."},"image":{"@id":"https:\/\/www.ocariz.es\/#\/schema\/logo\/image\/"}}]}},"_links":{"self":[{"href":"https:\/\/www.ocariz.es\/index.php\/wp-json\/wp\/v2\/product\/2297","targetHints":{"allow":["GET"]}}],"collection":[{"href":"https:\/\/www.ocariz.es\/index.php\/wp-json\/wp\/v2\/product"}],"about":[{"href":"https:\/\/www.ocariz.es\/index.php\/wp-json\/wp\/v2\/types\/product"}],"replies":[{"embeddable":true,"href":"https:\/\/www.ocariz.es\/index.php\/wp-json\/wp\/v2\/comments?post=2297"}],"wp:featuredmedia":[{"embeddable":true,"href":"https:\/\/www.ocariz.es\/index.php\/wp-json\/wp\/v2\/media\/2449"}],"wp:attachment":[{"href":"https:\/\/www.ocariz.es\/index.php\/wp-json\/wp\/v2\/media?parent=2297"}],"wp:term":[{"taxonomy":"product_brand","embeddable":true,"href":"https:\/\/www.ocariz.es\/index.php\/wp-json\/wp\/v2\/product_brand?post=2297"},{"taxonomy":"product_cat","embeddable":true,"href":"https:\/\/www.ocariz.es\/index.php\/wp-json\/wp\/v2\/product_cat?post=2297"},{"taxonomy":"product_tag","embeddable":true,"href":"https:\/\/www.ocariz.es\/index.php\/wp-json\/wp\/v2\/product_tag?post=2297"}],"curies":[{"name":"wp","href":"https:\/\/api.w.org\/{rel}","templated":true}]}}