{"id":2199,"date":"2020-11-09T18:08:06","date_gmt":"2020-11-09T18:08:06","guid":{"rendered":"http:\/\/www.ocariz.es\/?post_type=product&#038;p=2199"},"modified":"2022-09-12T06:38:27","modified_gmt":"2022-09-12T06:38:27","slug":"estufa-pellet-6-kw-minimal","status":"publish","type":"product","link":"https:\/\/www.ocariz.es\/index.php\/producto\/estufa-pellet-6-kw-minimal\/","title":{"rendered":"ESTUFA PELLET ECO-AIRE 6 KW MINIMAL"},"content":{"rendered":"<ul>\n<li>Caracter\u00edsticas t\u00e9cnicas 6 kW ECO-AIRE MINIMAL:\n<ul>\n<li>Volumen orientativo de calentamiento: 150 m3<\/li>\n<li>Caudal de aire: 180 m3\/h<\/li>\n<li>Potencia: 6,3 kW<\/li>\n<li>Rendimiento: 87 %<\/li>\n<li>Capacidad del depo\u0301sito de pellets: 18 Kg<\/li>\n<li>Consumo de pellets: 0,6-1,3 Kg\/h<\/li>\n<li>Autonomi\u0301a ma\u0301xima orientativa: 30 h<\/li>\n<li>Peso: 92 Kg<\/li>\n<li>Medidas anchura\/profundidad\/altura: 430 x 465 x 845 mm<\/li>\n<li>Salida de humos: \u00d8 80 mm<\/li>\n<li>Toma de aire: \u00d8 40 mm<\/li>\n<li>Alimentacio\u0301n ele\u0301ctrica: 220-230V \/ 50 Hz<\/li>\n<li>Consumo El\u00e9ctrico: 40 \/ 250W<\/li>\n<li>Revestimiento lateral: Acero<\/li>\n<li>Revestimiento superior: Acero<\/li>\n<li>Colores disponibles:<\/li>\n<li>Beige<\/li>\n<li>Burdeos<\/li>\n<li>Negro opaco<\/li>\n<li>Certificados: CE EN 14785:2006, Art. 15a BV-G, LRV, BIMS chv y Flamme Verte<\/li>\n<\/ul>\n<p>&nbsp;<\/p>\n<p>Equipamiento:<\/p>\n<ul>\n<li>Cronotermostato programable semanal con visor de informaci\u00f3n (display).<\/li>\n<li>Mando a distancia por infrarrojos (bater\u00eda 12V\/23A) opcional.<\/li>\n<li>Regulaci\u00f3n sobre 5 niveles de potencia modulables.<\/li>\n<li>Regulaci\u00f3n sobre 5 niveles de ventilaci\u00f3n.<\/li>\n<li>Regulaci\u00f3n autom\u00e1tica de la dosificaci\u00f3n de los pellets.<\/li>\n<li>Vidrio cer\u00e1mico autolimpiante de alta resistencia 800 0C y 4 mm de espesor.<\/li>\n<li>Caj\u00f3n cenicero extra\u00edble.<\/li>\n<li>Cestillo de acero.<\/li>\n<li>Sonda temperatura ambiente.<\/li>\n<\/ul>\n<p>&nbsp;<\/p>\n<p>Equipamiento de seguridad:<\/p>\n<ul>\n<li>Presostato.<\/li>\n<li>Monitorizacio\u0301n continua del aire de combustio\u0301n y de la temperatura de humos.<\/li>\n<li>Termostato de seguridad autom\u00e1tico interno a contacto.<\/li>\n<li>Control de la temperatura de la placa electro\u0301nica.<\/li>\n<li>Control de giros del motor de humos.<\/li>\n<\/ul>\n<\/li>\n<\/ul>\n<p>&nbsp;<\/p>\n<div>\n<div><\/div>\n<\/div>\n","protected":false},"excerpt":{"rendered":"<p>ESTUFA PELLET ECO-AIRE 6 KW MINIMAL<\/p>\n<p>&nbsp;<\/p>\n","protected":false},"featured_media":2405,"comment_status":"open","ping_status":"closed","template":"","meta":[],"product_brand":[],"product_cat":[16],"product_tag":[],"class_list":{"0":"post-2199","1":"product","2":"type-product","3":"status-publish","4":"has-post-thumbnail","6":"product_cat-estufa-pellet","8":"first","9":"instock","10":"taxable","11":"shipping-taxable","12":"purchasable","13":"product-type-variable"},"yoast_head":"<!-- This site is optimized with the Yoast SEO plugin v27.4 - https:\/\/yoast.com\/product\/yoast-seo-wordpress\/ -->\n<title>ESTUFA PELLET ECO-AIRE 6 KW MINIMAL - Herrajes Ocariz, S.A.<\/title>\n<meta name=\"description\" content=\"Herrajes Ocariz, S.A.\" \/>\n<meta name=\"robots\" content=\"index, follow, max-snippet:-1, max-image-preview:large, max-video-preview:-1\" \/>\n<link rel=\"canonical\" href=\"https:\/\/www.ocariz.es\/index.php\/producto\/estufa-pellet-6-kw-minimal\/\" \/>\n<meta property=\"og:locale\" content=\"es_ES\" \/>\n<meta property=\"og:type\" content=\"article\" \/>\n<meta property=\"og:title\" content=\"ESTUFA PELLET ECO-AIRE 6 KW MINIMAL - Herrajes Ocariz, S.A.\" \/>\n<meta property=\"og:description\" content=\"Herrajes Ocariz, S.A.\" \/>\n<meta property=\"og:url\" content=\"https:\/\/www.ocariz.es\/index.php\/producto\/estufa-pellet-6-kw-minimal\/\" \/>\n<meta property=\"og:site_name\" content=\"Herrajes Ocariz, S.A.\" \/>\n<meta property=\"article:modified_time\" content=\"2022-09-12T06:38:27+00:00\" \/>\n<meta property=\"og:image\" content=\"https:\/\/www.ocariz.es\/wp-content\/uploads\/2020\/11\/estufa-6-kw-.jpg\" \/>\n\t<meta property=\"og:image:width\" content=\"225\" \/>\n\t<meta property=\"og:image:height\" content=\"225\" \/>\n\t<meta property=\"og:image:type\" content=\"image\/jpeg\" \/>\n<meta name=\"twitter:card\" content=\"summary_large_image\" \/>\n<meta name=\"twitter:label1\" content=\"Tiempo de lectura\" \/>\n\t<meta name=\"twitter:data1\" content=\"1 minuto\" \/>\n<script type=\"application\/ld+json\" class=\"yoast-schema-graph\">{\"@context\":\"https:\\\/\\\/schema.org\",\"@graph\":[{\"@type\":\"WebPage\",\"@id\":\"https:\\\/\\\/www.ocariz.es\\\/index.php\\\/producto\\\/estufa-pellet-6-kw-minimal\\\/\",\"url\":\"https:\\\/\\\/www.ocariz.es\\\/index.php\\\/producto\\\/estufa-pellet-6-kw-minimal\\\/\",\"name\":\"ESTUFA PELLET ECO-AIRE 6 KW MINIMAL - Herrajes Ocariz, S.A.\",\"isPartOf\":{\"@id\":\"https:\\\/\\\/www.ocariz.es\\\/#website\"},\"primaryImageOfPage\":{\"@id\":\"https:\\\/\\\/www.ocariz.es\\\/index.php\\\/producto\\\/estufa-pellet-6-kw-minimal\\\/#primaryimage\"},\"image\":{\"@id\":\"https:\\\/\\\/www.ocariz.es\\\/index.php\\\/producto\\\/estufa-pellet-6-kw-minimal\\\/#primaryimage\"},\"thumbnailUrl\":\"https:\\\/\\\/www.ocariz.es\\\/wp-content\\\/uploads\\\/2020\\\/11\\\/estufa-6-kw-.jpg\",\"datePublished\":\"2020-11-09T18:08:06+00:00\",\"dateModified\":\"2022-09-12T06:38:27+00:00\",\"description\":\"Herrajes Ocariz, S.A.\",\"breadcrumb\":{\"@id\":\"https:\\\/\\\/www.ocariz.es\\\/index.php\\\/producto\\\/estufa-pellet-6-kw-minimal\\\/#breadcrumb\"},\"inLanguage\":\"es\",\"potentialAction\":[{\"@type\":\"ReadAction\",\"target\":[\"https:\\\/\\\/www.ocariz.es\\\/index.php\\\/producto\\\/estufa-pellet-6-kw-minimal\\\/\"]}]},{\"@type\":\"ImageObject\",\"inLanguage\":\"es\",\"@id\":\"https:\\\/\\\/www.ocariz.es\\\/index.php\\\/producto\\\/estufa-pellet-6-kw-minimal\\\/#primaryimage\",\"url\":\"https:\\\/\\\/www.ocariz.es\\\/wp-content\\\/uploads\\\/2020\\\/11\\\/estufa-6-kw-.jpg\",\"contentUrl\":\"https:\\\/\\\/www.ocariz.es\\\/wp-content\\\/uploads\\\/2020\\\/11\\\/estufa-6-kw-.jpg\",\"width\":225,\"height\":225},{\"@type\":\"BreadcrumbList\",\"@id\":\"https:\\\/\\\/www.ocariz.es\\\/index.php\\\/producto\\\/estufa-pellet-6-kw-minimal\\\/#breadcrumb\",\"itemListElement\":[{\"@type\":\"ListItem\",\"position\":1,\"name\":\"Portada\",\"item\":\"https:\\\/\\\/www.ocariz.es\\\/\"},{\"@type\":\"ListItem\",\"position\":2,\"name\":\"Tienda\",\"item\":\"https:\\\/\\\/www.ocariz.es\\\/?page_id=2104\"},{\"@type\":\"ListItem\",\"position\":3,\"name\":\"ESTUFA PELLET ECO-AIRE 6 KW MINIMAL\"}]},{\"@type\":\"WebSite\",\"@id\":\"https:\\\/\\\/www.ocariz.es\\\/#website\",\"url\":\"https:\\\/\\\/www.ocariz.es\\\/\",\"name\":\"Herrajes Ocariz, S.A.\",\"description\":\"Atenci\u00f3n telef\u00f3nica +34 945 263 400\",\"publisher\":{\"@id\":\"https:\\\/\\\/www.ocariz.es\\\/#organization\"},\"potentialAction\":[{\"@type\":\"SearchAction\",\"target\":{\"@type\":\"EntryPoint\",\"urlTemplate\":\"https:\\\/\\\/www.ocariz.es\\\/?s={search_term_string}\"},\"query-input\":{\"@type\":\"PropertyValueSpecification\",\"valueRequired\":true,\"valueName\":\"search_term_string\"}}],\"inLanguage\":\"es\"},{\"@type\":\"Organization\",\"@id\":\"https:\\\/\\\/www.ocariz.es\\\/#organization\",\"name\":\"HERRAJES OCARIZ, S.A.\",\"url\":\"https:\\\/\\\/www.ocariz.es\\\/\",\"logo\":{\"@type\":\"ImageObject\",\"inLanguage\":\"es\",\"@id\":\"https:\\\/\\\/www.ocariz.es\\\/#\\\/schema\\\/logo\\\/image\\\/\",\"url\":\"https:\\\/\\\/www.ocariz.es\\\/wp-content\\\/uploads\\\/2019\\\/01\\\/ocariz90.png\",\"contentUrl\":\"https:\\\/\\\/www.ocariz.es\\\/wp-content\\\/uploads\\\/2019\\\/01\\\/ocariz90.png\",\"width\":94,\"height\":76,\"caption\":\"HERRAJES OCARIZ, S.A.\"},\"image\":{\"@id\":\"https:\\\/\\\/www.ocariz.es\\\/#\\\/schema\\\/logo\\\/image\\\/\"}}]}<\/script>\n<!-- \/ Yoast SEO plugin. -->","yoast_head_json":{"title":"ESTUFA PELLET ECO-AIRE 6 KW MINIMAL - Herrajes Ocariz, S.A.","description":"Herrajes Ocariz, S.A.","robots":{"index":"index","follow":"follow","max-snippet":"max-snippet:-1","max-image-preview":"max-image-preview:large","max-video-preview":"max-video-preview:-1"},"canonical":"https:\/\/www.ocariz.es\/index.php\/producto\/estufa-pellet-6-kw-minimal\/","og_locale":"es_ES","og_type":"article","og_title":"ESTUFA PELLET ECO-AIRE 6 KW MINIMAL - Herrajes Ocariz, S.A.","og_description":"Herrajes Ocariz, S.A.","og_url":"https:\/\/www.ocariz.es\/index.php\/producto\/estufa-pellet-6-kw-minimal\/","og_site_name":"Herrajes Ocariz, S.A.","article_modified_time":"2022-09-12T06:38:27+00:00","og_image":[{"width":225,"height":225,"url":"https:\/\/www.ocariz.es\/wp-content\/uploads\/2020\/11\/estufa-6-kw-.jpg","type":"image\/jpeg"}],"twitter_card":"summary_large_image","twitter_misc":{"Tiempo de lectura":"1 minuto"},"schema":{"@context":"https:\/\/schema.org","@graph":[{"@type":"WebPage","@id":"https:\/\/www.ocariz.es\/index.php\/producto\/estufa-pellet-6-kw-minimal\/","url":"https:\/\/www.ocariz.es\/index.php\/producto\/estufa-pellet-6-kw-minimal\/","name":"ESTUFA PELLET ECO-AIRE 6 KW MINIMAL - Herrajes Ocariz, S.A.","isPartOf":{"@id":"https:\/\/www.ocariz.es\/#website"},"primaryImageOfPage":{"@id":"https:\/\/www.ocariz.es\/index.php\/producto\/estufa-pellet-6-kw-minimal\/#primaryimage"},"image":{"@id":"https:\/\/www.ocariz.es\/index.php\/producto\/estufa-pellet-6-kw-minimal\/#primaryimage"},"thumbnailUrl":"https:\/\/www.ocariz.es\/wp-content\/uploads\/2020\/11\/estufa-6-kw-.jpg","datePublished":"2020-11-09T18:08:06+00:00","dateModified":"2022-09-12T06:38:27+00:00","description":"Herrajes Ocariz, S.A.","breadcrumb":{"@id":"https:\/\/www.ocariz.es\/index.php\/producto\/estufa-pellet-6-kw-minimal\/#breadcrumb"},"inLanguage":"es","potentialAction":[{"@type":"ReadAction","target":["https:\/\/www.ocariz.es\/index.php\/producto\/estufa-pellet-6-kw-minimal\/"]}]},{"@type":"ImageObject","inLanguage":"es","@id":"https:\/\/www.ocariz.es\/index.php\/producto\/estufa-pellet-6-kw-minimal\/#primaryimage","url":"https:\/\/www.ocariz.es\/wp-content\/uploads\/2020\/11\/estufa-6-kw-.jpg","contentUrl":"https:\/\/www.ocariz.es\/wp-content\/uploads\/2020\/11\/estufa-6-kw-.jpg","width":225,"height":225},{"@type":"BreadcrumbList","@id":"https:\/\/www.ocariz.es\/index.php\/producto\/estufa-pellet-6-kw-minimal\/#breadcrumb","itemListElement":[{"@type":"ListItem","position":1,"name":"Portada","item":"https:\/\/www.ocariz.es\/"},{"@type":"ListItem","position":2,"name":"Tienda","item":"https:\/\/www.ocariz.es\/?page_id=2104"},{"@type":"ListItem","position":3,"name":"ESTUFA PELLET ECO-AIRE 6 KW MINIMAL"}]},{"@type":"WebSite","@id":"https:\/\/www.ocariz.es\/#website","url":"https:\/\/www.ocariz.es\/","name":"Herrajes Ocariz, S.A.","description":"Atenci\u00f3n telef\u00f3nica +34 945 263 400","publisher":{"@id":"https:\/\/www.ocariz.es\/#organization"},"potentialAction":[{"@type":"SearchAction","target":{"@type":"EntryPoint","urlTemplate":"https:\/\/www.ocariz.es\/?s={search_term_string}"},"query-input":{"@type":"PropertyValueSpecification","valueRequired":true,"valueName":"search_term_string"}}],"inLanguage":"es"},{"@type":"Organization","@id":"https:\/\/www.ocariz.es\/#organization","name":"HERRAJES OCARIZ, S.A.","url":"https:\/\/www.ocariz.es\/","logo":{"@type":"ImageObject","inLanguage":"es","@id":"https:\/\/www.ocariz.es\/#\/schema\/logo\/image\/","url":"https:\/\/www.ocariz.es\/wp-content\/uploads\/2019\/01\/ocariz90.png","contentUrl":"https:\/\/www.ocariz.es\/wp-content\/uploads\/2019\/01\/ocariz90.png","width":94,"height":76,"caption":"HERRAJES OCARIZ, S.A."},"image":{"@id":"https:\/\/www.ocariz.es\/#\/schema\/logo\/image\/"}}]}},"_links":{"self":[{"href":"https:\/\/www.ocariz.es\/index.php\/wp-json\/wp\/v2\/product\/2199","targetHints":{"allow":["GET"]}}],"collection":[{"href":"https:\/\/www.ocariz.es\/index.php\/wp-json\/wp\/v2\/product"}],"about":[{"href":"https:\/\/www.ocariz.es\/index.php\/wp-json\/wp\/v2\/types\/product"}],"replies":[{"embeddable":true,"href":"https:\/\/www.ocariz.es\/index.php\/wp-json\/wp\/v2\/comments?post=2199"}],"wp:featuredmedia":[{"embeddable":true,"href":"https:\/\/www.ocariz.es\/index.php\/wp-json\/wp\/v2\/media\/2405"}],"wp:attachment":[{"href":"https:\/\/www.ocariz.es\/index.php\/wp-json\/wp\/v2\/media?parent=2199"}],"wp:term":[{"taxonomy":"product_brand","embeddable":true,"href":"https:\/\/www.ocariz.es\/index.php\/wp-json\/wp\/v2\/product_brand?post=2199"},{"taxonomy":"product_cat","embeddable":true,"href":"https:\/\/www.ocariz.es\/index.php\/wp-json\/wp\/v2\/product_cat?post=2199"},{"taxonomy":"product_tag","embeddable":true,"href":"https:\/\/www.ocariz.es\/index.php\/wp-json\/wp\/v2\/product_tag?post=2199"}],"curies":[{"name":"wp","href":"https:\/\/api.w.org\/{rel}","templated":true}]}}