{"id":799,"date":"2019-01-31T21:58:35","date_gmt":"2019-01-31T21:58:35","guid":{"rendered":"http:\/\/www.ocariz.pfisdbbadalona.cat\/?page_id=799"},"modified":"2020-01-03T12:27:39","modified_gmt":"2020-01-03T12:27:39","slug":"aluminio-sistema-resist","status":"publish","type":"page","link":"https:\/\/www.ocariz.es\/index.php\/aluminio-sistema-resist\/","title":{"rendered":"Aluminio Sistema RESIST"},"content":{"rendered":"<div  class=\"content-left-image-section content-image-left\" id=\"content-3\" style=\"background-color: rgb(255, 255, 255);\" data-id=\"content-image-left\" data-label=\"Content\" data-category=\"content\">\n<div  class=\"gridContainer\">\n<div  class=\"row\">\n<div  class=\"content-left-image-imgcol\" data-type=\"column\"> <img decoding=\"async\"  src=\"https:\/\/www.ocariz.es\/wp-content\/uploads\/2020\/01\/Aluminio_Anodizado.png\" class=\"\"><\/div>\n<div  class=\"content-left-image-textcol dynamic-color\" data-type=\"column\">\n<p  class=\"\"><strong >HERRAJES OCARIZ cuenta con la m\u00e1s amplia gama de herrajes decorativos del mercado.<\/strong> Las manillas y accesorios fabricados en aluminio, <strong >con tratamientos superficiales anodizado y rilsanizado, protegen el 100% de la superficie expuesta a la corrosi\u00f3n atmosf\u00e9rica.<\/strong> Tambi\u00e9n son completamente resistentes al ataque qu\u00edmico, a los esfuerzos mec\u00e1nicos (rozamientos), a la abrasi\u00f3n, al desgaste, al agua del mar, a la intemperie y superan las 2000 horas de exposici\u00f3n a la niebla salina. <strong >Adem\u00e1s de ser at\u00f3xicos e inodoros estos tratamientos superficiales hacen que no necesiten ning\u00fan tipo de mantenimiento especial.<\/strong><\/p>\n<p  class=\"\">Nuestros fabricados en aluminio <strong >incorporan el sistema Resist\u00ae<\/strong> dise\u00f1ado y patentado por Ocariz. Es un <strong >dispositivo de montaje de la manilla sobre el escudo, compacto e indesmontable, que incorpora un muelle de gran capacidad de recuperaci\u00f3n<\/strong> y elimina las t\u00edpicas holguras y cabeceos de la manilla. Esto hace que nuestros productos soporten las condiciones m\u00e1s duras de trabajo y est\u00e9n <strong >especialmente recomendados en edificios de alto tr\u00e1fico (colegios, hospitales, oficinas, locales comerciales, etc.) o cuando sea necesario protegernos de la intrusi\u00f3n.<\/strong><\/p>\n<a  class=\"button color1\" href=\"https:\/\/ocariz.es\/pdf\/Aluminio_Anodizado.pdf\" target=\"_blank\" data-icon=\"\"> + Informaci\u00f3n <\/a>\n\n<\/div>\n<\/div>\n<\/div>\n<\/div>","protected":false},"excerpt":{"rendered":"<p>HERRAJES OCARIZ cuenta con la m\u00e1s amplia gama de herrajes decorativos del mercado. Las manillas y accesorios fabricados en aluminio, con tratamientos superficiales anodizado y rilsanizado, protegen el 100% de la superficie expuesta a la corrosi\u00f3n atmosf\u00e9rica. Tambi\u00e9n son completamente resistentes al ataque qu\u00edmico, a los esfuerzos mec\u00e1nicos (rozamientos), a la abrasi\u00f3n, al desgaste, al&hellip; <br \/> <a class=\"button small blue\" href=\"https:\/\/www.ocariz.es\/index.php\/aluminio-sistema-resist\/\">Leer m\u00e1s<\/a><\/p>\n","protected":false},"author":1,"featured_media":0,"parent":0,"menu_order":0,"comment_status":"closed","ping_status":"closed","template":"full-width-page.php","meta":{"footnotes":""},"class_list":["post-799","page","type-page","status-publish","hentry"],"yoast_head":"<!-- This site is optimized with the Yoast SEO plugin v27.5 - https:\/\/yoast.com\/product\/yoast-seo-wordpress\/ -->\n<title>Aluminio Sistema RESIST - Herrajes Ocariz, S.A.<\/title>\n<meta name=\"robots\" content=\"index, follow, max-snippet:-1, max-image-preview:large, max-video-preview:-1\" \/>\n<link rel=\"canonical\" href=\"https:\/\/www.ocariz.es\/index.php\/aluminio-sistema-resist\/\" \/>\n<meta property=\"og:locale\" content=\"es_ES\" \/>\n<meta property=\"og:type\" content=\"article\" \/>\n<meta property=\"og:title\" content=\"Aluminio Sistema RESIST - Herrajes Ocariz, S.A.\" \/>\n<meta property=\"og:description\" content=\"HERRAJES OCARIZ cuenta con la m\u00e1s amplia gama de herrajes decorativos del mercado. Las manillas y accesorios fabricados en aluminio, con tratamientos superficiales anodizado y rilsanizado, protegen el 100% de la superficie expuesta a la corrosi\u00f3n atmosf\u00e9rica. Tambi\u00e9n son completamente resistentes al ataque qu\u00edmico, a los esfuerzos mec\u00e1nicos (rozamientos), a la abrasi\u00f3n, al desgaste, al&hellip; Leer m\u00e1s\" \/>\n<meta property=\"og:url\" content=\"https:\/\/www.ocariz.es\/index.php\/aluminio-sistema-resist\/\" \/>\n<meta property=\"og:site_name\" content=\"Herrajes Ocariz, S.A.\" \/>\n<meta property=\"article:modified_time\" content=\"2020-01-03T12:27:39+00:00\" \/>\n<meta property=\"og:image\" content=\"http:\/\/www.ocariz.es\/wp-content\/uploads\/2020\/01\/Aluminio_Anodizado.png\" \/>\n<meta name=\"twitter:card\" content=\"summary_large_image\" \/>\n<meta name=\"twitter:label1\" content=\"Tiempo de lectura\" \/>\n\t<meta name=\"twitter:data1\" content=\"1 minuto\" \/>\n<script type=\"application\/ld+json\" class=\"yoast-schema-graph\">{\"@context\":\"https:\\\/\\\/schema.org\",\"@graph\":[{\"@type\":\"WebPage\",\"@id\":\"https:\\\/\\\/www.ocariz.es\\\/index.php\\\/aluminio-sistema-resist\\\/\",\"url\":\"https:\\\/\\\/www.ocariz.es\\\/index.php\\\/aluminio-sistema-resist\\\/\",\"name\":\"Aluminio Sistema RESIST - Herrajes Ocariz, S.A.\",\"isPartOf\":{\"@id\":\"https:\\\/\\\/www.ocariz.es\\\/#website\"},\"primaryImageOfPage\":{\"@id\":\"https:\\\/\\\/www.ocariz.es\\\/index.php\\\/aluminio-sistema-resist\\\/#primaryimage\"},\"image\":{\"@id\":\"https:\\\/\\\/www.ocariz.es\\\/index.php\\\/aluminio-sistema-resist\\\/#primaryimage\"},\"thumbnailUrl\":\"http:\\\/\\\/www.ocariz.es\\\/wp-content\\\/uploads\\\/2020\\\/01\\\/Aluminio_Anodizado.png\",\"datePublished\":\"2019-01-31T21:58:35+00:00\",\"dateModified\":\"2020-01-03T12:27:39+00:00\",\"breadcrumb\":{\"@id\":\"https:\\\/\\\/www.ocariz.es\\\/index.php\\\/aluminio-sistema-resist\\\/#breadcrumb\"},\"inLanguage\":\"es\",\"potentialAction\":[{\"@type\":\"ReadAction\",\"target\":[\"https:\\\/\\\/www.ocariz.es\\\/index.php\\\/aluminio-sistema-resist\\\/\"]}]},{\"@type\":\"ImageObject\",\"inLanguage\":\"es\",\"@id\":\"https:\\\/\\\/www.ocariz.es\\\/index.php\\\/aluminio-sistema-resist\\\/#primaryimage\",\"url\":\"http:\\\/\\\/www.ocariz.es\\\/wp-content\\\/uploads\\\/2020\\\/01\\\/Aluminio_Anodizado.png\",\"contentUrl\":\"http:\\\/\\\/www.ocariz.es\\\/wp-content\\\/uploads\\\/2020\\\/01\\\/Aluminio_Anodizado.png\"},{\"@type\":\"BreadcrumbList\",\"@id\":\"https:\\\/\\\/www.ocariz.es\\\/index.php\\\/aluminio-sistema-resist\\\/#breadcrumb\",\"itemListElement\":[{\"@type\":\"ListItem\",\"position\":1,\"name\":\"Portada\",\"item\":\"https:\\\/\\\/www.ocariz.es\\\/\"},{\"@type\":\"ListItem\",\"position\":2,\"name\":\"Aluminio Sistema RESIST\"}]},{\"@type\":\"WebSite\",\"@id\":\"https:\\\/\\\/www.ocariz.es\\\/#website\",\"url\":\"https:\\\/\\\/www.ocariz.es\\\/\",\"name\":\"Herrajes Ocariz, S.A.\",\"description\":\"Atenci\u00f3n telef\u00f3nica +34 945 263 400\",\"publisher\":{\"@id\":\"https:\\\/\\\/www.ocariz.es\\\/#organization\"},\"potentialAction\":[{\"@type\":\"SearchAction\",\"target\":{\"@type\":\"EntryPoint\",\"urlTemplate\":\"https:\\\/\\\/www.ocariz.es\\\/?s={search_term_string}\"},\"query-input\":{\"@type\":\"PropertyValueSpecification\",\"valueRequired\":true,\"valueName\":\"search_term_string\"}}],\"inLanguage\":\"es\"},{\"@type\":\"Organization\",\"@id\":\"https:\\\/\\\/www.ocariz.es\\\/#organization\",\"name\":\"HERRAJES OCARIZ, S.A.\",\"url\":\"https:\\\/\\\/www.ocariz.es\\\/\",\"logo\":{\"@type\":\"ImageObject\",\"inLanguage\":\"es\",\"@id\":\"https:\\\/\\\/www.ocariz.es\\\/#\\\/schema\\\/logo\\\/image\\\/\",\"url\":\"https:\\\/\\\/www.ocariz.es\\\/wp-content\\\/uploads\\\/2019\\\/01\\\/ocariz90.png\",\"contentUrl\":\"https:\\\/\\\/www.ocariz.es\\\/wp-content\\\/uploads\\\/2019\\\/01\\\/ocariz90.png\",\"width\":94,\"height\":76,\"caption\":\"HERRAJES OCARIZ, S.A.\"},\"image\":{\"@id\":\"https:\\\/\\\/www.ocariz.es\\\/#\\\/schema\\\/logo\\\/image\\\/\"}}]}<\/script>\n<!-- \/ Yoast SEO plugin. -->","yoast_head_json":{"title":"Aluminio Sistema RESIST - Herrajes Ocariz, S.A.","robots":{"index":"index","follow":"follow","max-snippet":"max-snippet:-1","max-image-preview":"max-image-preview:large","max-video-preview":"max-video-preview:-1"},"canonical":"https:\/\/www.ocariz.es\/index.php\/aluminio-sistema-resist\/","og_locale":"es_ES","og_type":"article","og_title":"Aluminio Sistema RESIST - Herrajes Ocariz, S.A.","og_description":"HERRAJES OCARIZ cuenta con la m\u00e1s amplia gama de herrajes decorativos del mercado. Las manillas y accesorios fabricados en aluminio, con tratamientos superficiales anodizado y rilsanizado, protegen el 100% de la superficie expuesta a la corrosi\u00f3n atmosf\u00e9rica. Tambi\u00e9n son completamente resistentes al ataque qu\u00edmico, a los esfuerzos mec\u00e1nicos (rozamientos), a la abrasi\u00f3n, al desgaste, al&hellip; Leer m\u00e1s","og_url":"https:\/\/www.ocariz.es\/index.php\/aluminio-sistema-resist\/","og_site_name":"Herrajes Ocariz, S.A.","article_modified_time":"2020-01-03T12:27:39+00:00","og_image":[{"url":"http:\/\/www.ocariz.es\/wp-content\/uploads\/2020\/01\/Aluminio_Anodizado.png","type":"","width":"","height":""}],"twitter_card":"summary_large_image","twitter_misc":{"Tiempo de lectura":"1 minuto"},"schema":{"@context":"https:\/\/schema.org","@graph":[{"@type":"WebPage","@id":"https:\/\/www.ocariz.es\/index.php\/aluminio-sistema-resist\/","url":"https:\/\/www.ocariz.es\/index.php\/aluminio-sistema-resist\/","name":"Aluminio Sistema RESIST - Herrajes Ocariz, S.A.","isPartOf":{"@id":"https:\/\/www.ocariz.es\/#website"},"primaryImageOfPage":{"@id":"https:\/\/www.ocariz.es\/index.php\/aluminio-sistema-resist\/#primaryimage"},"image":{"@id":"https:\/\/www.ocariz.es\/index.php\/aluminio-sistema-resist\/#primaryimage"},"thumbnailUrl":"http:\/\/www.ocariz.es\/wp-content\/uploads\/2020\/01\/Aluminio_Anodizado.png","datePublished":"2019-01-31T21:58:35+00:00","dateModified":"2020-01-03T12:27:39+00:00","breadcrumb":{"@id":"https:\/\/www.ocariz.es\/index.php\/aluminio-sistema-resist\/#breadcrumb"},"inLanguage":"es","potentialAction":[{"@type":"ReadAction","target":["https:\/\/www.ocariz.es\/index.php\/aluminio-sistema-resist\/"]}]},{"@type":"ImageObject","inLanguage":"es","@id":"https:\/\/www.ocariz.es\/index.php\/aluminio-sistema-resist\/#primaryimage","url":"http:\/\/www.ocariz.es\/wp-content\/uploads\/2020\/01\/Aluminio_Anodizado.png","contentUrl":"http:\/\/www.ocariz.es\/wp-content\/uploads\/2020\/01\/Aluminio_Anodizado.png"},{"@type":"BreadcrumbList","@id":"https:\/\/www.ocariz.es\/index.php\/aluminio-sistema-resist\/#breadcrumb","itemListElement":[{"@type":"ListItem","position":1,"name":"Portada","item":"https:\/\/www.ocariz.es\/"},{"@type":"ListItem","position":2,"name":"Aluminio Sistema RESIST"}]},{"@type":"WebSite","@id":"https:\/\/www.ocariz.es\/#website","url":"https:\/\/www.ocariz.es\/","name":"Herrajes Ocariz, S.A.","description":"Atenci\u00f3n telef\u00f3nica +34 945 263 400","publisher":{"@id":"https:\/\/www.ocariz.es\/#organization"},"potentialAction":[{"@type":"SearchAction","target":{"@type":"EntryPoint","urlTemplate":"https:\/\/www.ocariz.es\/?s={search_term_string}"},"query-input":{"@type":"PropertyValueSpecification","valueRequired":true,"valueName":"search_term_string"}}],"inLanguage":"es"},{"@type":"Organization","@id":"https:\/\/www.ocariz.es\/#organization","name":"HERRAJES OCARIZ, S.A.","url":"https:\/\/www.ocariz.es\/","logo":{"@type":"ImageObject","inLanguage":"es","@id":"https:\/\/www.ocariz.es\/#\/schema\/logo\/image\/","url":"https:\/\/www.ocariz.es\/wp-content\/uploads\/2019\/01\/ocariz90.png","contentUrl":"https:\/\/www.ocariz.es\/wp-content\/uploads\/2019\/01\/ocariz90.png","width":94,"height":76,"caption":"HERRAJES OCARIZ, S.A."},"image":{"@id":"https:\/\/www.ocariz.es\/#\/schema\/logo\/image\/"}}]}},"_links":{"self":[{"href":"https:\/\/www.ocariz.es\/index.php\/wp-json\/wp\/v2\/pages\/799","targetHints":{"allow":["GET"]}}],"collection":[{"href":"https:\/\/www.ocariz.es\/index.php\/wp-json\/wp\/v2\/pages"}],"about":[{"href":"https:\/\/www.ocariz.es\/index.php\/wp-json\/wp\/v2\/types\/page"}],"author":[{"embeddable":true,"href":"https:\/\/www.ocariz.es\/index.php\/wp-json\/wp\/v2\/users\/1"}],"replies":[{"embeddable":true,"href":"https:\/\/www.ocariz.es\/index.php\/wp-json\/wp\/v2\/comments?post=799"}],"version-history":[{"count":7,"href":"https:\/\/www.ocariz.es\/index.php\/wp-json\/wp\/v2\/pages\/799\/revisions"}],"predecessor-version":[{"id":2643,"href":"https:\/\/www.ocariz.es\/index.php\/wp-json\/wp\/v2\/pages\/799\/revisions\/2643"}],"wp:attachment":[{"href":"https:\/\/www.ocariz.es\/index.php\/wp-json\/wp\/v2\/media?parent=799"}],"curies":[{"name":"wp","href":"https:\/\/api.w.org\/{rel}","templated":true}]}}