{"id":5,"date":"2019-01-02T10:12:21","date_gmt":"2019-01-02T10:12:21","guid":{"rendered":"http:\/\/www.ocariz.pfisdbbadalona.cat\/index.php\/one-page-express-pro\/"},"modified":"2022-03-23T11:48:54","modified_gmt":"2022-03-23T11:48:54","slug":"inicio","status":"publish","type":"page","link":"https:\/\/www.ocariz.es\/","title":{"rendered":"Inicio"},"content":{"rendered":"<div  id=\"historia-1\" class=\"content-right-image-section content-image-right\" style=\"background-color: rgb(246, 246, 246); background-image: none;\" data-id=\"content-image-right\" data-label=\"Historia\" data-category=\"content\" data-ovid=\"ovid-historia-1-831\">\n<div  class=\"gridContainer\">\n<div  class=\"content-right-image-gridcol\">\n<div  class=\"content-right-image-textcol dynamic-color\" data-type=\"column\">\n<h3  class=\"\">Historia<\/h3>\n<p  class=\"large_text\">Desde nuestros comienzos en los a\u00f1os 50 estamos especializados en la fabricaci\u00f3n de herrajes para puertas y ventanas fabricados en aluminio, acero inoxidable y lat\u00f3n. Hemos evolucionado en tercera generaci\u00f3n proyectando y dise\u00f1ando nuevos productos y soluciones constructivas desarrolladas por nuestro departamento de I+D+I en colaboraci\u00f3n con prescriptores y dise\u00f1adores lo que nos ha abierto las puertas a los mercados internacionales.<\/p>\n\n<\/div>\n<div  class=\"content-right-image-imgcol\" data-type=\"column\"><img decoding=\"async\"  class=\"\" src=\"https:\/\/www.ocariz.es\/wp-content\/uploads\/2019\/01\/ocariz_escudo-e1553240111446.jpg\"><\/div>\n<\/div>\n<\/div>\n<\/div><div  id=\"reconocimientos\" class=\"about-text-grid-section\" style=\"background-image: none; background-color: #f6f6f6;\" data-id=\"about-text-grid-section\" data-label=\"reconocimientos\" data-category=\"about\" data-ovid=\"ovid-reconocimientos-123\">\n<div  class=\"gridContainer\">\n<div  class=\"about-text-grid-innerrow\">\n<div  class=\"about-text-grid-textcol dynamic-color\" data-type=\"column\">\n<h3  class=\"\">Reconocimientos<\/h3>\nOcariz cuenta con dos premios NAN a los mejores accesorios para la construcci\u00f3n reconociendo as\u00ed la excelencia y calidad de sus productos.\n\n<img decoding=\"async\"  class=\"custom-image\" src=\"https:\/\/www.ocariz.es\/wp-content\/uploads\/2019\/01\/Nueva-imagen-e1546529019831.png\">\n\n<\/div>\n<div  class=\"about-text-grid-rightgridcol\">\n<div  class=\"about-text-grid-rightgridrow flexbox-list\">\n<div  class=\"about-text-grid-imgcol\" style=\"background-image: url(&quot;https:\/\/www.ocariz.es\/wp-content\/uploads\/2019\/01\/Bisagras_Embutidas-e1546602264958.png&quot;);\" data-bg=\"image\"><\/div>\n<div  class=\"about-text-grid-rightgridtextcol\" data-type=\"column\">\n<h5  class=\"\">NAN 2008<\/h5>\nAl producto \u201cBisagras de embutir\u201d.\n\n<\/div>\n<div  class=\"about-text-grid-rightgridtextcol\" data-type=\"column\">\n<h5  class=\"\">NAN 2007<\/h5>\nAl producto \u201cHerrajes de dise\u00f1o para puertas correderas\u201d.\n\n<\/div>\n<div  class=\"about-text-grid-imgcol2\" style=\"background-image: url(&quot;https:\/\/www.ocariz.es\/wp-content\/uploads\/2019\/01\/Herrajes-Puerta-Corredera-Madera-Vidrio-1-e1546528742641.jpg&quot;);\" data-bg=\"image\"><\/div>\n<\/div>\n<\/div>\n<\/div>\n<\/div>\n<\/div><div  id=\"vision\" class=\"about-text-icons-section\" style=\"background-image: none; background-color: #ffffff;\" data-id=\"about-text-icons-section\" data-label=\"vision\" data-category=\"about\" data-ovid=\"ovid-vision-120\">\n<div  class=\"gridContainer\">\n<div  class=\"about-text-icons-innerrow dynamic-color\">\n<div  class=\"about-text-icons-textcol\" data-type=\"column\">\n<h3  class=\"\">Visi\u00f3n<\/h3>\nLa fidelidad de nuestros clientes y nuestra experiencia son la clave para innovar y afrontar nuevos retos lo que nos permite ser una empresa con capacidad de desarrollo que ofrece al mercado productos de gran calidad a precios competitivos , con una atenci\u00f3n personalizada y rapidez en el servicio.\n\n<\/div>\n<\/div>\n<\/div>\n<\/div>","protected":false},"excerpt":{"rendered":"<p>Historia Desde nuestros comienzos en los a\u00f1os 50 estamos especializados en la fabricaci\u00f3n de herrajes para puertas y ventanas fabricados en aluminio, acero inoxidable y lat\u00f3n. Hemos evolucionado en tercera generaci\u00f3n proyectando y dise\u00f1ando nuevos productos y soluciones constructivas desarrolladas por nuestro departamento de I+D+I en colaboraci\u00f3n con prescriptores y dise\u00f1adores lo que nos ha&hellip; <br \/> <a class=\"button small blue\" href=\"https:\/\/www.ocariz.es\/\">Leer m\u00e1s<\/a><\/p>\n","protected":false},"author":1,"featured_media":0,"parent":0,"menu_order":0,"comment_status":"closed","ping_status":"closed","template":"full-width-page.php","meta":{"footnotes":""},"class_list":["post-5","page","type-page","status-publish","hentry"],"yoast_head":"<!-- This site is optimized with the Yoast SEO plugin v27.3 - https:\/\/yoast.com\/product\/yoast-seo-wordpress\/ -->\n<title>Inicio - Herrajes Ocariz, S.A.<\/title>\n<meta name=\"description\" content=\"Herrajes para la Construcci\u00f3n: Manillas, Pomos, Tiradores, Cerraduras, Cilindros y Amaestramientos, Cierrapuertas, Pernios y Bisagras, Buzones, etc.\" \/>\n<meta name=\"robots\" content=\"index, follow, max-snippet:-1, max-image-preview:large, max-video-preview:-1\" \/>\n<link rel=\"canonical\" href=\"https:\/\/www.ocariz.es\/\" \/>\n<meta property=\"og:locale\" content=\"es_ES\" \/>\n<meta property=\"og:type\" content=\"article\" \/>\n<meta property=\"og:title\" content=\"Inicio - Herrajes Ocariz, S.A.\" \/>\n<meta property=\"og:description\" content=\"Herrajes para la Construcci\u00f3n: Manillas, Pomos, Tiradores, Cerraduras, Cilindros y Amaestramientos, Cierrapuertas, Pernios y Bisagras, Buzones, etc.\" \/>\n<meta property=\"og:url\" content=\"https:\/\/www.ocariz.es\/\" \/>\n<meta property=\"og:site_name\" content=\"Herrajes Ocariz, S.A.\" \/>\n<meta property=\"article:modified_time\" content=\"2022-03-23T11:48:54+00:00\" \/>\n<meta property=\"og:image\" content=\"http:\/\/www.ocariz.es\/wp-content\/uploads\/2019\/01\/ocariz_escudo-e1553240111446.jpg\" \/>\n<meta name=\"twitter:card\" content=\"summary_large_image\" \/>\n<meta name=\"twitter:label1\" content=\"Tiempo de lectura\" \/>\n\t<meta name=\"twitter:data1\" content=\"1 minuto\" \/>\n<script type=\"application\/ld+json\" class=\"yoast-schema-graph\">{\"@context\":\"https:\\\/\\\/schema.org\",\"@graph\":[{\"@type\":\"WebPage\",\"@id\":\"https:\\\/\\\/www.ocariz.es\\\/\",\"url\":\"https:\\\/\\\/www.ocariz.es\\\/\",\"name\":\"Inicio - Herrajes Ocariz, S.A.\",\"isPartOf\":{\"@id\":\"https:\\\/\\\/www.ocariz.es\\\/#website\"},\"primaryImageOfPage\":{\"@id\":\"https:\\\/\\\/www.ocariz.es\\\/#primaryimage\"},\"image\":{\"@id\":\"https:\\\/\\\/www.ocariz.es\\\/#primaryimage\"},\"thumbnailUrl\":\"http:\\\/\\\/www.ocariz.es\\\/wp-content\\\/uploads\\\/2019\\\/01\\\/ocariz_escudo-e1553240111446.jpg\",\"datePublished\":\"2019-01-02T10:12:21+00:00\",\"dateModified\":\"2022-03-23T11:48:54+00:00\",\"description\":\"Herrajes para la Construcci\u00f3n: Manillas, Pomos, Tiradores, Cerraduras, Cilindros y Amaestramientos, Cierrapuertas, Pernios y Bisagras, Buzones, etc.\",\"breadcrumb\":{\"@id\":\"https:\\\/\\\/www.ocariz.es\\\/#breadcrumb\"},\"inLanguage\":\"es\",\"potentialAction\":[{\"@type\":\"ReadAction\",\"target\":[\"https:\\\/\\\/www.ocariz.es\\\/\"]}]},{\"@type\":\"ImageObject\",\"inLanguage\":\"es\",\"@id\":\"https:\\\/\\\/www.ocariz.es\\\/#primaryimage\",\"url\":\"https:\\\/\\\/www.ocariz.es\\\/wp-content\\\/uploads\\\/2019\\\/01\\\/ocariz_escudo-e1553240111446.jpg\",\"contentUrl\":\"https:\\\/\\\/www.ocariz.es\\\/wp-content\\\/uploads\\\/2019\\\/01\\\/ocariz_escudo-e1553240111446.jpg\",\"width\":300,\"height\":300},{\"@type\":\"BreadcrumbList\",\"@id\":\"https:\\\/\\\/www.ocariz.es\\\/#breadcrumb\",\"itemListElement\":[{\"@type\":\"ListItem\",\"position\":1,\"name\":\"Portada\",\"item\":\"https:\\\/\\\/www.ocariz.es\\\/\"},{\"@type\":\"ListItem\",\"position\":2,\"name\":\"Inicio\"}]},{\"@type\":\"WebSite\",\"@id\":\"https:\\\/\\\/www.ocariz.es\\\/#website\",\"url\":\"https:\\\/\\\/www.ocariz.es\\\/\",\"name\":\"Herrajes Ocariz, S.A.\",\"description\":\"Atenci\u00f3n telef\u00f3nica +34 945 263 400\",\"publisher\":{\"@id\":\"https:\\\/\\\/www.ocariz.es\\\/#organization\"},\"potentialAction\":[{\"@type\":\"SearchAction\",\"target\":{\"@type\":\"EntryPoint\",\"urlTemplate\":\"https:\\\/\\\/www.ocariz.es\\\/?s={search_term_string}\"},\"query-input\":{\"@type\":\"PropertyValueSpecification\",\"valueRequired\":true,\"valueName\":\"search_term_string\"}}],\"inLanguage\":\"es\"},{\"@type\":\"Organization\",\"@id\":\"https:\\\/\\\/www.ocariz.es\\\/#organization\",\"name\":\"HERRAJES OCARIZ, S.A.\",\"url\":\"https:\\\/\\\/www.ocariz.es\\\/\",\"logo\":{\"@type\":\"ImageObject\",\"inLanguage\":\"es\",\"@id\":\"https:\\\/\\\/www.ocariz.es\\\/#\\\/schema\\\/logo\\\/image\\\/\",\"url\":\"https:\\\/\\\/www.ocariz.es\\\/wp-content\\\/uploads\\\/2019\\\/01\\\/ocariz90.png\",\"contentUrl\":\"https:\\\/\\\/www.ocariz.es\\\/wp-content\\\/uploads\\\/2019\\\/01\\\/ocariz90.png\",\"width\":94,\"height\":76,\"caption\":\"HERRAJES OCARIZ, S.A.\"},\"image\":{\"@id\":\"https:\\\/\\\/www.ocariz.es\\\/#\\\/schema\\\/logo\\\/image\\\/\"}}]}<\/script>\n<!-- \/ Yoast SEO plugin. -->","yoast_head_json":{"title":"Inicio - Herrajes Ocariz, S.A.","description":"Herrajes para la Construcci\u00f3n: Manillas, Pomos, Tiradores, Cerraduras, Cilindros y Amaestramientos, Cierrapuertas, Pernios y Bisagras, Buzones, etc.","robots":{"index":"index","follow":"follow","max-snippet":"max-snippet:-1","max-image-preview":"max-image-preview:large","max-video-preview":"max-video-preview:-1"},"canonical":"https:\/\/www.ocariz.es\/","og_locale":"es_ES","og_type":"article","og_title":"Inicio - Herrajes Ocariz, S.A.","og_description":"Herrajes para la Construcci\u00f3n: Manillas, Pomos, Tiradores, Cerraduras, Cilindros y Amaestramientos, Cierrapuertas, Pernios y Bisagras, Buzones, etc.","og_url":"https:\/\/www.ocariz.es\/","og_site_name":"Herrajes Ocariz, S.A.","article_modified_time":"2022-03-23T11:48:54+00:00","og_image":[{"url":"http:\/\/www.ocariz.es\/wp-content\/uploads\/2019\/01\/ocariz_escudo-e1553240111446.jpg","type":"","width":"","height":""}],"twitter_card":"summary_large_image","twitter_misc":{"Tiempo de lectura":"1 minuto"},"schema":{"@context":"https:\/\/schema.org","@graph":[{"@type":"WebPage","@id":"https:\/\/www.ocariz.es\/","url":"https:\/\/www.ocariz.es\/","name":"Inicio - Herrajes Ocariz, S.A.","isPartOf":{"@id":"https:\/\/www.ocariz.es\/#website"},"primaryImageOfPage":{"@id":"https:\/\/www.ocariz.es\/#primaryimage"},"image":{"@id":"https:\/\/www.ocariz.es\/#primaryimage"},"thumbnailUrl":"http:\/\/www.ocariz.es\/wp-content\/uploads\/2019\/01\/ocariz_escudo-e1553240111446.jpg","datePublished":"2019-01-02T10:12:21+00:00","dateModified":"2022-03-23T11:48:54+00:00","description":"Herrajes para la Construcci\u00f3n: Manillas, Pomos, Tiradores, Cerraduras, Cilindros y Amaestramientos, Cierrapuertas, Pernios y Bisagras, Buzones, etc.","breadcrumb":{"@id":"https:\/\/www.ocariz.es\/#breadcrumb"},"inLanguage":"es","potentialAction":[{"@type":"ReadAction","target":["https:\/\/www.ocariz.es\/"]}]},{"@type":"ImageObject","inLanguage":"es","@id":"https:\/\/www.ocariz.es\/#primaryimage","url":"https:\/\/www.ocariz.es\/wp-content\/uploads\/2019\/01\/ocariz_escudo-e1553240111446.jpg","contentUrl":"https:\/\/www.ocariz.es\/wp-content\/uploads\/2019\/01\/ocariz_escudo-e1553240111446.jpg","width":300,"height":300},{"@type":"BreadcrumbList","@id":"https:\/\/www.ocariz.es\/#breadcrumb","itemListElement":[{"@type":"ListItem","position":1,"name":"Portada","item":"https:\/\/www.ocariz.es\/"},{"@type":"ListItem","position":2,"name":"Inicio"}]},{"@type":"WebSite","@id":"https:\/\/www.ocariz.es\/#website","url":"https:\/\/www.ocariz.es\/","name":"Herrajes Ocariz, S.A.","description":"Atenci\u00f3n telef\u00f3nica +34 945 263 400","publisher":{"@id":"https:\/\/www.ocariz.es\/#organization"},"potentialAction":[{"@type":"SearchAction","target":{"@type":"EntryPoint","urlTemplate":"https:\/\/www.ocariz.es\/?s={search_term_string}"},"query-input":{"@type":"PropertyValueSpecification","valueRequired":true,"valueName":"search_term_string"}}],"inLanguage":"es"},{"@type":"Organization","@id":"https:\/\/www.ocariz.es\/#organization","name":"HERRAJES OCARIZ, S.A.","url":"https:\/\/www.ocariz.es\/","logo":{"@type":"ImageObject","inLanguage":"es","@id":"https:\/\/www.ocariz.es\/#\/schema\/logo\/image\/","url":"https:\/\/www.ocariz.es\/wp-content\/uploads\/2019\/01\/ocariz90.png","contentUrl":"https:\/\/www.ocariz.es\/wp-content\/uploads\/2019\/01\/ocariz90.png","width":94,"height":76,"caption":"HERRAJES OCARIZ, S.A."},"image":{"@id":"https:\/\/www.ocariz.es\/#\/schema\/logo\/image\/"}}]}},"_links":{"self":[{"href":"https:\/\/www.ocariz.es\/index.php\/wp-json\/wp\/v2\/pages\/5","targetHints":{"allow":["GET"]}}],"collection":[{"href":"https:\/\/www.ocariz.es\/index.php\/wp-json\/wp\/v2\/pages"}],"about":[{"href":"https:\/\/www.ocariz.es\/index.php\/wp-json\/wp\/v2\/types\/page"}],"author":[{"embeddable":true,"href":"https:\/\/www.ocariz.es\/index.php\/wp-json\/wp\/v2\/users\/1"}],"replies":[{"embeddable":true,"href":"https:\/\/www.ocariz.es\/index.php\/wp-json\/wp\/v2\/comments?post=5"}],"version-history":[{"count":81,"href":"https:\/\/www.ocariz.es\/index.php\/wp-json\/wp\/v2\/pages\/5\/revisions"}],"predecessor-version":[{"id":2564,"href":"https:\/\/www.ocariz.es\/index.php\/wp-json\/wp\/v2\/pages\/5\/revisions\/2564"}],"wp:attachment":[{"href":"https:\/\/www.ocariz.es\/index.php\/wp-json\/wp\/v2\/media?parent=5"}],"curies":[{"name":"wp","href":"https:\/\/api.w.org\/{rel}","templated":true}]}}