{"id":36,"date":"2019-01-02T12:01:46","date_gmt":"2019-01-02T12:01:46","guid":{"rendered":"http:\/\/www.ocariz.pfisdbbadalona.cat\/?page_id=36"},"modified":"2020-10-06T08:37:30","modified_gmt":"2020-10-06T08:37:30","slug":"ocariz-calor","status":"publish","type":"page","link":"https:\/\/www.ocariz.es\/index.php\/ocariz-calor\/","title":{"rendered":"Estufas de Pellets"},"content":{"rendered":"<div  id=\"baner-publicidad\" class=\"cta-centered-section white-text cta-centered-section-grid millennium_pine\" data-label=\"BANER PUBLICIDAD\" data-id=\"cta-centered-section-grid\" data-category=\"cta\" data-ovid=\"ovid-cta-2-427\">\n<div  class=\"gridContainer\">\n<div  class=\"row\">\n<div  class=\"cta-centered-section-col dynamic-color\" data-type=\"column\"><img decoding=\"async\"  class=\"custom-image\" src=\"https:\/\/www.ocariz.es\/wp-content\/uploads\/2019\/01\/OCARIZ_ASPIRADOR100.png\">\n<h2  class=\"cta-centered-section-tite\"><span  style=\"color: #000000;\"><b >\u00a1\u00a1\u00a1Oferta!!!<\/b><\/span><\/h2>\n<h5  class=\"cta-centered-section-tite\"><span  style=\"color: #030303;\">Con cada estufa de pellets, termoestufa de pellets, caldera de pellets&nbsp;o quemador de pellets ecol\u00f3gico&nbsp;le enviaremos <span  style=\"color: #ff6600;\"><span  style=\"color: #ff0000;\">GRATIS<\/span> <\/span>un <strong >ASPIRADOR DE CENIZAS AUT\u00d3NOMO CON MOTOR, todo ello a <span  style=\"color: #ff0000;\">PORTES PAGADOS<\/span> para Pen\u00ednsula excepto Portugal.<\/strong><\/span><\/h5>\n<\/div>\n<\/div>\n<\/div>\n<\/div><div  id=\"menucalor\" class=\"clients-grid-section content-relative\" style=\"background-image: none; background-color: #f6f6f6;\" data-label=\"MENUCALOR\" data-id=\"clients-grid-section\" data-category=\"clients\" data-ovid=\"ovid-menucalor-819\">\n<div  class=\"gridContainer\">\n<div  class=\"clients-grid-textrow row\" data-type=\"column\">\n<div  class=\"clients-grid-textcol dynamic-color\" data-type=\"column\">\n<h2  class=\"\">Estufas de Pellets<\/h2>\n<\/div>\n<\/div>\n<div  class=\"row\" data-type=\"row\" data-add-content=\"false\">\n<div  class=\"clients-grid-itemcol cp3cols-tablet cp4cols\">\n<div  class=\"middle_align5\"><a href=\"https:\/\/www.ocariz.es\/pdf\/EstufasyTermoestufasEcol%c3%b3gicasdePellets.pdf\" target=\"_blank\" rel=\"noopener noreferrer\"><img decoding=\"async\"  class=\"clients-grid-itemimg\" src=\"https:\/\/www.ocariz.es\/pdf\/Estufas_Termoestufas_eco.png\"><\/a><a href=\"https:\/\/www.ocariz.es\/pdf\/EstufasyTermoestufasEcol%c3%b3gicasdePellets.pdf\" target=\"_self\" rel=\"noopener noreferrer\"><span  style=\"color: #008000;\">CAT\u00c1LOGO GENERAL<\/span><\/a><\/div>\n<\/div>\n<div  class=\"clients-grid-itemcol cp3cols-tablet cp4cols\">\n<div  class=\"middle_align5\"><a href=\"https:\/\/www.ocariz.es\/pdf\/Estufas%20y%20Termoestufas%20Resumido.pdf\" target=\"_blank\" rel=\"noopener noreferrer\"><img decoding=\"async\"  class=\"clients-grid-itemimg\" src=\"https:\/\/www.ocariz.es\/wp-content\/uploads\/2019\/03\/Estufas-y-Termoestufas-Resumido-e1552400302707.jpg\"><\/a><a href=\"https:\/\/www.ocariz.es\/pdf\/Estufas%20y%20Termoestufas%20Resumido.pdf\" target=\"_blank\" rel=\"noopener noreferrer\"><span  style=\"color: #008000;\">CAT\u00c1LOGO RESUMIDO<\/span><\/a><\/div>\n<\/div>\n<div  class=\"clients-grid-itemcol cp3cols-tablet cp4cols\">\n<div  class=\"middle_align5\"><a href=\"https:\/\/www.ocariz.es\/index.php\/estufas-eco-aire\" target=\"_blank\" rel=\"noopener noreferrer\"><img decoding=\"async\"  class=\"clients-grid-itemimg\" src=\"https:\/\/www.ocariz.es\/wp-content\/uploads\/2019\/01\/eco-aire-5kw-mural.jpg\"><\/a><a href=\"https:\/\/www.ocariz.es\/index.php\/estufas-eco-aire\" target=\"_self\" rel=\"noopener noreferrer\"><span  style=\"color: #008000;\">ESTUFAS ECO-AIRE<\/span><\/a><\/div>\n<\/div>\n<div  class=\"clients-grid-itemcol cp3cols-tablet cp4cols\">\n<div  class=\"middle_align5\"><a href=\"https:\/\/www.ocariz.es\/index.php\/untitled-page-2019-03-12-154125\" target=\"_blank\" rel=\"noopener noreferrer\"><img decoding=\"async\"  class=\"clients-grid-itemimg\" src=\"https:\/\/www.ocariz.es\/wp-content\/uploads\/2019\/01\/eco-aire-14kw-canalizable-ceramica.jpg\"><\/a><a href=\"https:\/\/www.ocariz.es\/index.php\/ocariz-calor\" target=\"_self\" rel=\"noopener noreferrer\"><span  style=\"color: #008000;\">ESTUFAS ECO-AIRE CANALIZABLES<\/span><\/a><\/div>\n<\/div>\n<div  class=\"clients-grid-itemcol cp3cols-tablet cp4cols\">\n<div  class=\"middle_align5\"><a href=\"https:\/\/www.ocariz.es\/index.php\/termoestufas-eco-hidro\" target=\"_blank\" rel=\"noopener noreferrer\"><img decoding=\"async\"  class=\"clients-grid-itemimg\" src=\"https:\/\/www.ocariz.es\/wp-content\/uploads\/2019\/01\/eco-hidro-13kw.jpg\"><\/a><a href=\"https:\/\/www.ocariz.es\/index.php\/termoestufas-eco-hidro\" target=\"_self\" rel=\"noopener noreferrer\"><span  style=\"color: #008000;\">TERMOESTUFAS ECO-HIDRO<\/span><\/a><\/div>\n<\/div>\n<div  class=\"clients-grid-itemcol cp3cols-tablet cp4cols\">\n<div  class=\"middle_align5\"><a href=\"https:\/\/www.ocariz.es\/index.php\/calderas-eco-hidro\" target=\"_blank\" rel=\"noopener noreferrer\"><img decoding=\"async\"  class=\"clients-grid-itemimg\" src=\"https:\/\/www.ocariz.es\/wp-content\/uploads\/2019\/01\/Caldera_eco-hidro-35-A-kw.jpg\"><\/a><a href=\"https:\/\/www.ocariz.es\/index.php\/calderas-eco-hidro\" target=\"_self\" rel=\"noopener noreferrer\"><span  style=\"color: #008000;\">CALDERAS ECO-HIDRO<\/span><\/a><\/div>\n<\/div>\n<div  class=\"clients-grid-itemcol cp3cols-tablet cp4cols\">\n<div  class=\"middle_align5\"><a href=\"https:\/\/www.ocariz.es\/index.php\/quemadores-ecologicos-de-pellets\" target=\"_blank\" rel=\"noopener noreferrer\"><img decoding=\"async\"  class=\"clients-grid-itemimg\" src=\"https:\/\/www.ocariz.es\/pdf\/QUEMADOR%20OCARIZ%20FRONTAL.jpg\"><\/a><a href=\"https:\/\/www.ocariz.es\/index.php\/quemadores-ecologicos-de-pellets\" target=\"_self\" rel=\"noopener noreferrer\"><span  style=\"color: #008000;\">QUEMADORES DE PELLETS<\/span><\/a><\/div>\n<\/div>\n<div  class=\"clients-grid-itemcol cp3cols-tablet cp4cols\">\n<div  class=\"middle_align5\"><a href=\"https:\/\/www.ocariz.es\/pdf\/Tuberias_de_Salida_de_Humos.pdf\" target=\"_blank\" rel=\"noopener noreferrer\"><img decoding=\"async\"  class=\"clients-grid-itemimg\" src=\"https:\/\/www.ocariz.es\/wp-content\/uploads\/2019\/01\/Tuberias_ocariz.jpg\"><\/a><a href=\"https:\/\/www.ocariz.es\/pdf\/Tuberias_de_Salida_de_Humos.pdf\" target=\"_blank\" rel=\"noopener noreferrer\"><span  style=\"color: #008000;\">CHIMENEAS INOX AISI 316L<\/span><\/a><\/div>\n<\/div>\n<div  class=\"clients-grid-itemcol cp3cols-tablet cp4cols\">\n<div  class=\"middle_align5\"><a href=\"https:\/\/www.ocariz.es\/index.php\/estufas-de-pellets\" target=\"_blank\" rel=\"noopener noreferrer\"><img decoding=\"async\"  class=\"clients-grid-itemimg\" src=\"https:\/\/www.ocariz.es\/wp-content\/uploads\/2019\/03\/Tolva_sin_fondo.png\"><\/a><a href=\"https:\/\/www.ocariz.es\/index.php\/estufas-de-pellets\" target=\"_blank\" rel=\"noopener noreferrer\"><span  style=\"color: #008000;\">ASPIRADOR DE CENIZAS,TOLVA,SIN FIN\u2026<\/span><\/a><\/div>\n<\/div>\n<div  class=\"clients-grid-itemcol cp3cols-tablet cp4cols\">\n<div  class=\"middle_align5\"><a href=\"https:\/\/www.ocariz.es\/index.php\/calefaccion-por-zocalo-radiante\" target=\"_blank\" rel=\"noopener noreferrer\"><img decoding=\"async\"  class=\"clients-grid-itemimg\" src=\"https:\/\/www.ocariz.es\/wp-content\/uploads\/2019\/01\/zocalo_ocariz.jpg\"><\/a><span  style=\"color: #008000;\"><a style=\"color: #008000;\" href=\"https:\/\/www.ocariz.es\/index.php\/calefaccion-por-zocalo-radiante\" target=\"_self\" rel=\"noopener noreferrer\">Z\u00d3CALO RADIANTE<\/a><\/span><\/div>\n<\/div>\n<\/div>\n<\/div>\n<\/div>","protected":false},"excerpt":{"rendered":"<p>\u00a1\u00a1\u00a1Oferta!!! Con cada estufa de pellets, termoestufa de pellets, caldera de pellets&nbsp;o quemador de pellets ecol\u00f3gico&nbsp;le enviaremos GRATIS un ASPIRADOR DE CENIZAS AUT\u00d3NOMO CON MOTOR, todo ello a PORTES PAGADOS para Pen\u00ednsula excepto Portugal. Estufas de Pellets CAT\u00c1LOGO GENERAL CAT\u00c1LOGO RESUMIDO ESTUFAS ECO-AIRE ESTUFAS ECO-AIRE CANALIZABLES TERMOESTUFAS ECO-HIDRO CALDERAS ECO-HIDRO QUEMADORES DE PELLETS CHIMENEAS INOX&hellip; <br \/> <a class=\"button small blue\" href=\"https:\/\/www.ocariz.es\/index.php\/ocariz-calor\/\">Leer m\u00e1s<\/a><\/p>\n","protected":false},"author":1,"featured_media":0,"parent":0,"menu_order":0,"comment_status":"closed","ping_status":"closed","template":"full-width-page.php","meta":{"footnotes":""},"class_list":["post-36","page","type-page","status-publish","hentry"],"yoast_head":"<!-- This site is optimized with the Yoast SEO plugin v27.4 - https:\/\/yoast.com\/product\/yoast-seo-wordpress\/ -->\n<title>Estufas de Pellets - Herrajes Ocariz, S.A.<\/title>\n<meta name=\"description\" content=\"ESTUFAS DE PELLETS: Estufas, Termoestufas, Calderas y Quemadores de Pellets Ecol\u00f3gicos, Z\u00f3calo Radiante, etc.\" \/>\n<meta name=\"robots\" content=\"index, follow, max-snippet:-1, max-image-preview:large, max-video-preview:-1\" \/>\n<link rel=\"canonical\" href=\"https:\/\/www.ocariz.es\/index.php\/ocariz-calor\/\" \/>\n<meta property=\"og:locale\" content=\"es_ES\" \/>\n<meta property=\"og:type\" content=\"article\" \/>\n<meta property=\"og:title\" content=\"Estufas de Pellets - Herrajes Ocariz, S.A.\" \/>\n<meta property=\"og:description\" content=\"ESTUFAS DE PELLETS: Estufas, Termoestufas, Calderas y Quemadores de Pellets Ecol\u00f3gicos, Z\u00f3calo Radiante, etc.\" \/>\n<meta property=\"og:url\" content=\"https:\/\/www.ocariz.es\/index.php\/ocariz-calor\/\" \/>\n<meta property=\"og:site_name\" content=\"Herrajes Ocariz, S.A.\" \/>\n<meta property=\"article:modified_time\" content=\"2020-10-06T08:37:30+00:00\" \/>\n<meta property=\"og:image\" content=\"http:\/\/www.ocariz.es\/wp-content\/uploads\/2019\/01\/OCARIZ_ASPIRADOR100.png\" \/>\n<meta name=\"twitter:card\" content=\"summary_large_image\" \/>\n<script type=\"application\/ld+json\" class=\"yoast-schema-graph\">{\"@context\":\"https:\\\/\\\/schema.org\",\"@graph\":[{\"@type\":\"WebPage\",\"@id\":\"https:\\\/\\\/www.ocariz.es\\\/index.php\\\/ocariz-calor\\\/\",\"url\":\"https:\\\/\\\/www.ocariz.es\\\/index.php\\\/ocariz-calor\\\/\",\"name\":\"Estufas de Pellets - Herrajes Ocariz, S.A.\",\"isPartOf\":{\"@id\":\"https:\\\/\\\/www.ocariz.es\\\/#website\"},\"primaryImageOfPage\":{\"@id\":\"https:\\\/\\\/www.ocariz.es\\\/index.php\\\/ocariz-calor\\\/#primaryimage\"},\"image\":{\"@id\":\"https:\\\/\\\/www.ocariz.es\\\/index.php\\\/ocariz-calor\\\/#primaryimage\"},\"thumbnailUrl\":\"http:\\\/\\\/www.ocariz.es\\\/wp-content\\\/uploads\\\/2019\\\/01\\\/OCARIZ_ASPIRADOR100.png\",\"datePublished\":\"2019-01-02T12:01:46+00:00\",\"dateModified\":\"2020-10-06T08:37:30+00:00\",\"description\":\"ESTUFAS DE PELLETS: Estufas, Termoestufas, Calderas y Quemadores de Pellets Ecol\u00f3gicos, Z\u00f3calo Radiante, etc.\",\"breadcrumb\":{\"@id\":\"https:\\\/\\\/www.ocariz.es\\\/index.php\\\/ocariz-calor\\\/#breadcrumb\"},\"inLanguage\":\"es\",\"potentialAction\":[{\"@type\":\"ReadAction\",\"target\":[\"https:\\\/\\\/www.ocariz.es\\\/index.php\\\/ocariz-calor\\\/\"]}]},{\"@type\":\"ImageObject\",\"inLanguage\":\"es\",\"@id\":\"https:\\\/\\\/www.ocariz.es\\\/index.php\\\/ocariz-calor\\\/#primaryimage\",\"url\":\"http:\\\/\\\/www.ocariz.es\\\/wp-content\\\/uploads\\\/2019\\\/01\\\/OCARIZ_ASPIRADOR100.png\",\"contentUrl\":\"http:\\\/\\\/www.ocariz.es\\\/wp-content\\\/uploads\\\/2019\\\/01\\\/OCARIZ_ASPIRADOR100.png\"},{\"@type\":\"BreadcrumbList\",\"@id\":\"https:\\\/\\\/www.ocariz.es\\\/index.php\\\/ocariz-calor\\\/#breadcrumb\",\"itemListElement\":[{\"@type\":\"ListItem\",\"position\":1,\"name\":\"Portada\",\"item\":\"https:\\\/\\\/www.ocariz.es\\\/\"},{\"@type\":\"ListItem\",\"position\":2,\"name\":\"Estufas de Pellets\"}]},{\"@type\":\"WebSite\",\"@id\":\"https:\\\/\\\/www.ocariz.es\\\/#website\",\"url\":\"https:\\\/\\\/www.ocariz.es\\\/\",\"name\":\"Herrajes Ocariz, S.A.\",\"description\":\"Atenci\u00f3n telef\u00f3nica +34 945 263 400\",\"publisher\":{\"@id\":\"https:\\\/\\\/www.ocariz.es\\\/#organization\"},\"potentialAction\":[{\"@type\":\"SearchAction\",\"target\":{\"@type\":\"EntryPoint\",\"urlTemplate\":\"https:\\\/\\\/www.ocariz.es\\\/?s={search_term_string}\"},\"query-input\":{\"@type\":\"PropertyValueSpecification\",\"valueRequired\":true,\"valueName\":\"search_term_string\"}}],\"inLanguage\":\"es\"},{\"@type\":\"Organization\",\"@id\":\"https:\\\/\\\/www.ocariz.es\\\/#organization\",\"name\":\"HERRAJES OCARIZ, S.A.\",\"url\":\"https:\\\/\\\/www.ocariz.es\\\/\",\"logo\":{\"@type\":\"ImageObject\",\"inLanguage\":\"es\",\"@id\":\"https:\\\/\\\/www.ocariz.es\\\/#\\\/schema\\\/logo\\\/image\\\/\",\"url\":\"https:\\\/\\\/www.ocariz.es\\\/wp-content\\\/uploads\\\/2019\\\/01\\\/ocariz90.png\",\"contentUrl\":\"https:\\\/\\\/www.ocariz.es\\\/wp-content\\\/uploads\\\/2019\\\/01\\\/ocariz90.png\",\"width\":94,\"height\":76,\"caption\":\"HERRAJES OCARIZ, S.A.\"},\"image\":{\"@id\":\"https:\\\/\\\/www.ocariz.es\\\/#\\\/schema\\\/logo\\\/image\\\/\"}}]}<\/script>\n<!-- \/ Yoast SEO plugin. -->","yoast_head_json":{"title":"Estufas de Pellets - Herrajes Ocariz, S.A.","description":"ESTUFAS DE PELLETS: Estufas, Termoestufas, Calderas y Quemadores de Pellets Ecol\u00f3gicos, Z\u00f3calo Radiante, etc.","robots":{"index":"index","follow":"follow","max-snippet":"max-snippet:-1","max-image-preview":"max-image-preview:large","max-video-preview":"max-video-preview:-1"},"canonical":"https:\/\/www.ocariz.es\/index.php\/ocariz-calor\/","og_locale":"es_ES","og_type":"article","og_title":"Estufas de Pellets - Herrajes Ocariz, S.A.","og_description":"ESTUFAS DE PELLETS: Estufas, Termoestufas, Calderas y Quemadores de Pellets Ecol\u00f3gicos, Z\u00f3calo Radiante, etc.","og_url":"https:\/\/www.ocariz.es\/index.php\/ocariz-calor\/","og_site_name":"Herrajes Ocariz, S.A.","article_modified_time":"2020-10-06T08:37:30+00:00","og_image":[{"url":"http:\/\/www.ocariz.es\/wp-content\/uploads\/2019\/01\/OCARIZ_ASPIRADOR100.png","type":"","width":"","height":""}],"twitter_card":"summary_large_image","schema":{"@context":"https:\/\/schema.org","@graph":[{"@type":"WebPage","@id":"https:\/\/www.ocariz.es\/index.php\/ocariz-calor\/","url":"https:\/\/www.ocariz.es\/index.php\/ocariz-calor\/","name":"Estufas de Pellets - Herrajes Ocariz, S.A.","isPartOf":{"@id":"https:\/\/www.ocariz.es\/#website"},"primaryImageOfPage":{"@id":"https:\/\/www.ocariz.es\/index.php\/ocariz-calor\/#primaryimage"},"image":{"@id":"https:\/\/www.ocariz.es\/index.php\/ocariz-calor\/#primaryimage"},"thumbnailUrl":"http:\/\/www.ocariz.es\/wp-content\/uploads\/2019\/01\/OCARIZ_ASPIRADOR100.png","datePublished":"2019-01-02T12:01:46+00:00","dateModified":"2020-10-06T08:37:30+00:00","description":"ESTUFAS DE PELLETS: Estufas, Termoestufas, Calderas y Quemadores de Pellets Ecol\u00f3gicos, Z\u00f3calo Radiante, etc.","breadcrumb":{"@id":"https:\/\/www.ocariz.es\/index.php\/ocariz-calor\/#breadcrumb"},"inLanguage":"es","potentialAction":[{"@type":"ReadAction","target":["https:\/\/www.ocariz.es\/index.php\/ocariz-calor\/"]}]},{"@type":"ImageObject","inLanguage":"es","@id":"https:\/\/www.ocariz.es\/index.php\/ocariz-calor\/#primaryimage","url":"http:\/\/www.ocariz.es\/wp-content\/uploads\/2019\/01\/OCARIZ_ASPIRADOR100.png","contentUrl":"http:\/\/www.ocariz.es\/wp-content\/uploads\/2019\/01\/OCARIZ_ASPIRADOR100.png"},{"@type":"BreadcrumbList","@id":"https:\/\/www.ocariz.es\/index.php\/ocariz-calor\/#breadcrumb","itemListElement":[{"@type":"ListItem","position":1,"name":"Portada","item":"https:\/\/www.ocariz.es\/"},{"@type":"ListItem","position":2,"name":"Estufas de Pellets"}]},{"@type":"WebSite","@id":"https:\/\/www.ocariz.es\/#website","url":"https:\/\/www.ocariz.es\/","name":"Herrajes Ocariz, S.A.","description":"Atenci\u00f3n telef\u00f3nica +34 945 263 400","publisher":{"@id":"https:\/\/www.ocariz.es\/#organization"},"potentialAction":[{"@type":"SearchAction","target":{"@type":"EntryPoint","urlTemplate":"https:\/\/www.ocariz.es\/?s={search_term_string}"},"query-input":{"@type":"PropertyValueSpecification","valueRequired":true,"valueName":"search_term_string"}}],"inLanguage":"es"},{"@type":"Organization","@id":"https:\/\/www.ocariz.es\/#organization","name":"HERRAJES OCARIZ, S.A.","url":"https:\/\/www.ocariz.es\/","logo":{"@type":"ImageObject","inLanguage":"es","@id":"https:\/\/www.ocariz.es\/#\/schema\/logo\/image\/","url":"https:\/\/www.ocariz.es\/wp-content\/uploads\/2019\/01\/ocariz90.png","contentUrl":"https:\/\/www.ocariz.es\/wp-content\/uploads\/2019\/01\/ocariz90.png","width":94,"height":76,"caption":"HERRAJES OCARIZ, S.A."},"image":{"@id":"https:\/\/www.ocariz.es\/#\/schema\/logo\/image\/"}}]}},"_links":{"self":[{"href":"https:\/\/www.ocariz.es\/index.php\/wp-json\/wp\/v2\/pages\/36","targetHints":{"allow":["GET"]}}],"collection":[{"href":"https:\/\/www.ocariz.es\/index.php\/wp-json\/wp\/v2\/pages"}],"about":[{"href":"https:\/\/www.ocariz.es\/index.php\/wp-json\/wp\/v2\/types\/page"}],"author":[{"embeddable":true,"href":"https:\/\/www.ocariz.es\/index.php\/wp-json\/wp\/v2\/users\/1"}],"replies":[{"embeddable":true,"href":"https:\/\/www.ocariz.es\/index.php\/wp-json\/wp\/v2\/comments?post=36"}],"version-history":[{"count":114,"href":"https:\/\/www.ocariz.es\/index.php\/wp-json\/wp\/v2\/pages\/36\/revisions"}],"predecessor-version":[{"id":2152,"href":"https:\/\/www.ocariz.es\/index.php\/wp-json\/wp\/v2\/pages\/36\/revisions\/2152"}],"wp:attachment":[{"href":"https:\/\/www.ocariz.es\/index.php\/wp-json\/wp\/v2\/media?parent=36"}],"curies":[{"name":"wp","href":"https:\/\/api.w.org\/{rel}","templated":true}]}}