{"id":351,"date":"2019-01-04T22:35:33","date_gmt":"2019-01-04T22:35:33","guid":{"rendered":"http:\/\/www.ocariz.pfisdbbadalona.cat\/?page_id=351"},"modified":"2021-09-23T05:40:02","modified_gmt":"2021-09-23T05:40:02","slug":"calefaccion-por-zocalo-radiante","status":"publish","type":"page","link":"https:\/\/www.ocariz.es\/index.php\/calefaccion-por-zocalo-radiante\/","title":{"rendered":"Calefacci\u00f3n por Z\u00f3calo Radiante"},"content":{"rendered":"<div id=\"content-1\" class=\"content-full-left-image-section\" style=\"background-color: #ffffff;\" data-id=\"content-full-left-image-section\" data-label=\"Content\" data-category=\"content\">\n<div class=\"content-full-left-image-innerrow\">\n<div class=\"content-full-left-image-imgcol\" style=\"background-image: url('https:\/\/www.ocariz.es\/wp-content\/uploads\/2020\/11\/Sistemas-Kit-para-Calefaccion-por-Zocalo-Radiante.png');\" data-bg=\"image\"><\/div>\n<div class=\"content-full-left-image-textcol dynamic-color\">\n<div class=\"\" data-type=\"column\">\n<h2 class=\"\">Calefacci\u00f3n Radiante<\/h2>\nZ\u00f3calo Radiante CE EN 442\n\nEl z\u00f3calo radiante, tambi\u00e9n conocido como \u201cpedestal heating\u201d en ingl\u00e9s, es un sistema de calefacci\u00f3n eficaz a baja temperatura lo que implica un gran ahorro energ\u00e9tico y econ\u00f3mico.\n\n<\/div>\n<div class=\"content-full-left-image-featuresrow\">\n<div class=\"content-full-left-image-featurescol\" data-type=\"column\">\n<h5 class=\"\">Optimizaci\u00f3n:<\/h5>\nLos sistemas kit modulares para calefacci\u00f3n por z\u00f3calo radiante Ocariz&amp;Calor han sido dise\u00f1ados y fabricados con una tecnolog\u00eda que aseguran una gran producci\u00f3n de calor con un alto rendimiento y a un bajo coste.\n<h5 class=\"\">Versiones:<\/h5>\nExisten tres versiones: hidr\u00e1ulica, el\u00e9ctrica y mixta bivalente (combina las dos anteriores en un solo sistema). Los tres sistemas aportan soluciones sencillas y dobles en horizontal, vertical y en paralelo.\n\n<\/div>\n<div class=\"content-full-left-image-featurescol\" data-type=\"column\">\n<h5 class=\"\">Facil Instalaci\u00f3n:<\/h5>\nA diferencia de otros sistemas de calefacci\u00f3n (suelo radiante, etc.), son id\u00f3neos en reformas no siendo necesario, en este caso, la realizaci\u00f3n de molestos trabajos de alba\u00f1iler\u00eda y pudiendo aprovechar la instalaci\u00f3n hidr\u00e1ulica existente.\n<h5 class=\"\">Sostenibles:<\/h5>\nLa instalaci\u00f3n de los z\u00f3calos radiantes Ocariz&amp;Calor junto con sus termoestufas y calderas ecol\u00f3gicas de pellets son \u201cimprescindibles\u201d en viviendas bioclim\u00e1ticas y\/o en construcciones sostenibles.\n\n<a class=\"button color1\" href=\"http:\/\/ocariz.es\/pdf\/Sistemas%20Kit%20para%20Calefacci%C3%B3n%20por%20Z%C3%B3calo%20Radiante.pdf\" target=\"_blank\" rel=\"noopener noreferrer\" data-icon=\"fa-file-pdf-o\">+ Informaci\u00f3n<\/a>\n\n<\/div>\n<\/div>\n<\/div>\n<\/div>\n<\/div>\n<div id=\"about-1\" class=\"about-big-images-section\" style=\"background-image: none; background-color: #f6f6f6;\" data-id=\"about-big-images-section\" data-label=\"About\" data-category=\"about\">\n<div class=\"gridContainer\">\n<div class=\"about-big-images-textrow\">\n<div class=\"about-big-images-textcol dynamic-color\" data-type=\"column\">\n<h3 class=\"\">Z\u00f3calo Radiante Luminoso LED en Blanco o Multicolor (RGB)<\/h3>\nCalefacci\u00f3n instant\u00e1nea a baja temperatura.\u00a0M\u00ednimo consumo energ\u00e9tico. No se necesita realizar obras ni mantenimiento. Compatible con nuestras termoestufas y calderas de pellet ecol\u00f3gicas. Y AHORA TAMBI\u00c9N <strong class=\"\">PROVISTO DE ILUMINACI\u00d3N LED EN BLANCO O MULTICOLOR\u00a0 <\/strong><a class=\"button color1\" href=\"https:\/\/www.ocariz.es\/wp-content\/uploads\/2020\/11\/ZOCALO-RADIANTE-LED.pdf\" target=\"_blank\" rel=\"noopener noreferrer\" data-icon=\"fa-file-pdf-o\">+ Informaci\u00f3n<\/a>\n\n<\/div>\n<\/div>\n<\/div>\n<div class=\"about-big-images-bottomrow\">\n<div class=\"about-big-images-leftimgcol\"><img decoding=\"async\" class=\"about-big-images-leftimg\" src=\"https:\/\/www.ocariz.es\/wp-content\/uploads\/2020\/11\/2020-termoarredo-Vertical-by-Hekos_brochure.png\" \/><\/div>\n<div class=\"about-big-images-centerimgcol\"><img decoding=\"async\" class=\"about-big-images-centerimg\" src=\"https:\/\/www.ocariz.es\/wp-content\/uploads\/2020\/11\/13734460_174231346315702_1540508076_n1.jpg\" \/><\/div>\n<div class=\"about-big-images-rightimgcol\"><img decoding=\"async\" class=\"about-big-images-rightimg\" src=\"http:\/\/www.ocariz.pfisdbbadalona.cat\/wp-content\/uploads\/2019\/01\/ocariz_zocalo_led1.png\" \/><\/div>\n<\/div>\n<\/div>\n<div id=\"about-us-2\" class=\"about-image-section-pro\" style=\"background-color: #ffffff; background-image: none;\" data-id=\"about-image-section-pro\" data-label=\"About us\" data-category=\"about\" data-ovid=\"ovid-about-us-2-19394\">\n<div class=\"gridContainer\">\n<div class=\"row about-image-gridcol-pro\">\n<div class=\"about-image-textcol-pro\" data-type=\"column\">\n<h2 class=\"\">Manual Tecnico<\/h2>\n<div class=\"\">Para una explicaci\u00f3n personalizada del manual contacte con nuestro Departamento Comercial:\n\nTelf. 945 26 34 00\n\nE-mail: comercial@ocariz.es\n\n<\/div>\n<\/div>\n<div class=\"\" data-type=\"column\"><\/div>\n<\/div>\n<\/div>\n<\/div>","protected":false},"excerpt":{"rendered":"<p>Calefacci\u00f3n Radiante Z\u00f3calo Radiante CE EN 442 El z\u00f3calo radiante, tambi\u00e9n conocido como \u201cpedestal heating\u201d en ingl\u00e9s, es un sistema de calefacci\u00f3n eficaz a baja temperatura lo que implica un gran ahorro energ\u00e9tico y econ\u00f3mico. Optimizaci\u00f3n: Los sistemas kit modulares para calefacci\u00f3n por z\u00f3calo radiante Ocariz&amp;Calor han sido dise\u00f1ados y fabricados con una tecnolog\u00eda que&hellip; <br \/> <a class=\"button small blue\" href=\"https:\/\/www.ocariz.es\/index.php\/calefaccion-por-zocalo-radiante\/\">Leer m\u00e1s<\/a><\/p>\n","protected":false},"author":1,"featured_media":0,"parent":0,"menu_order":0,"comment_status":"closed","ping_status":"closed","template":"full-width-page.php","meta":{"footnotes":""},"class_list":["post-351","page","type-page","status-publish","hentry"],"yoast_head":"<!-- This site is optimized with the Yoast SEO plugin v27.4 - https:\/\/yoast.com\/product\/yoast-seo-wordpress\/ -->\n<title>Calefacci\u00f3n por Z\u00f3calo Radiante - Herrajes Ocariz, S.A.<\/title>\n<meta name=\"robots\" content=\"index, follow, max-snippet:-1, max-image-preview:large, max-video-preview:-1\" \/>\n<link rel=\"canonical\" href=\"https:\/\/www.ocariz.es\/index.php\/calefaccion-por-zocalo-radiante\/\" \/>\n<meta property=\"og:locale\" content=\"es_ES\" \/>\n<meta property=\"og:type\" content=\"article\" \/>\n<meta property=\"og:title\" content=\"Calefacci\u00f3n por Z\u00f3calo Radiante - Herrajes Ocariz, S.A.\" \/>\n<meta property=\"og:description\" content=\"Calefacci\u00f3n Radiante Z\u00f3calo Radiante CE EN 442 El z\u00f3calo radiante, tambi\u00e9n conocido como \u201cpedestal heating\u201d en ingl\u00e9s, es un sistema de calefacci\u00f3n eficaz a baja temperatura lo que implica un gran ahorro energ\u00e9tico y econ\u00f3mico. Optimizaci\u00f3n: Los sistemas kit modulares para calefacci\u00f3n por z\u00f3calo radiante Ocariz&amp;Calor han sido dise\u00f1ados y fabricados con una tecnolog\u00eda que&hellip; Leer m\u00e1s\" \/>\n<meta property=\"og:url\" content=\"https:\/\/www.ocariz.es\/index.php\/calefaccion-por-zocalo-radiante\/\" \/>\n<meta property=\"og:site_name\" content=\"Herrajes Ocariz, S.A.\" \/>\n<meta property=\"article:modified_time\" content=\"2021-09-23T05:40:02+00:00\" \/>\n<meta property=\"og:image\" content=\"http:\/\/www.ocariz.es\/wp-content\/uploads\/2020\/11\/2020-termoarredo-Vertical-by-Hekos_brochure.png\" \/>\n<meta name=\"twitter:card\" content=\"summary_large_image\" \/>\n<meta name=\"twitter:label1\" content=\"Tiempo de lectura\" \/>\n\t<meta name=\"twitter:data1\" content=\"2 minutos\" \/>\n<script type=\"application\/ld+json\" class=\"yoast-schema-graph\">{\"@context\":\"https:\\\/\\\/schema.org\",\"@graph\":[{\"@type\":\"WebPage\",\"@id\":\"https:\\\/\\\/www.ocariz.es\\\/index.php\\\/calefaccion-por-zocalo-radiante\\\/\",\"url\":\"https:\\\/\\\/www.ocariz.es\\\/index.php\\\/calefaccion-por-zocalo-radiante\\\/\",\"name\":\"Calefacci\u00f3n por Z\u00f3calo Radiante - Herrajes Ocariz, S.A.\",\"isPartOf\":{\"@id\":\"https:\\\/\\\/www.ocariz.es\\\/#website\"},\"primaryImageOfPage\":{\"@id\":\"https:\\\/\\\/www.ocariz.es\\\/index.php\\\/calefaccion-por-zocalo-radiante\\\/#primaryimage\"},\"image\":{\"@id\":\"https:\\\/\\\/www.ocariz.es\\\/index.php\\\/calefaccion-por-zocalo-radiante\\\/#primaryimage\"},\"thumbnailUrl\":\"http:\\\/\\\/www.ocariz.es\\\/wp-content\\\/uploads\\\/2020\\\/11\\\/2020-termoarredo-Vertical-by-Hekos_brochure.png\",\"datePublished\":\"2019-01-04T22:35:33+00:00\",\"dateModified\":\"2021-09-23T05:40:02+00:00\",\"breadcrumb\":{\"@id\":\"https:\\\/\\\/www.ocariz.es\\\/index.php\\\/calefaccion-por-zocalo-radiante\\\/#breadcrumb\"},\"inLanguage\":\"es\",\"potentialAction\":[{\"@type\":\"ReadAction\",\"target\":[\"https:\\\/\\\/www.ocariz.es\\\/index.php\\\/calefaccion-por-zocalo-radiante\\\/\"]}]},{\"@type\":\"ImageObject\",\"inLanguage\":\"es\",\"@id\":\"https:\\\/\\\/www.ocariz.es\\\/index.php\\\/calefaccion-por-zocalo-radiante\\\/#primaryimage\",\"url\":\"https:\\\/\\\/www.ocariz.es\\\/wp-content\\\/uploads\\\/2020\\\/11\\\/2020-termoarredo-Vertical-by-Hekos_brochure.png\",\"contentUrl\":\"https:\\\/\\\/www.ocariz.es\\\/wp-content\\\/uploads\\\/2020\\\/11\\\/2020-termoarredo-Vertical-by-Hekos_brochure.png\",\"width\":775,\"height\":753},{\"@type\":\"BreadcrumbList\",\"@id\":\"https:\\\/\\\/www.ocariz.es\\\/index.php\\\/calefaccion-por-zocalo-radiante\\\/#breadcrumb\",\"itemListElement\":[{\"@type\":\"ListItem\",\"position\":1,\"name\":\"Portada\",\"item\":\"https:\\\/\\\/www.ocariz.es\\\/\"},{\"@type\":\"ListItem\",\"position\":2,\"name\":\"Calefacci\u00f3n por Z\u00f3calo Radiante\"}]},{\"@type\":\"WebSite\",\"@id\":\"https:\\\/\\\/www.ocariz.es\\\/#website\",\"url\":\"https:\\\/\\\/www.ocariz.es\\\/\",\"name\":\"Herrajes Ocariz, S.A.\",\"description\":\"Atenci\u00f3n telef\u00f3nica +34 945 263 400\",\"publisher\":{\"@id\":\"https:\\\/\\\/www.ocariz.es\\\/#organization\"},\"potentialAction\":[{\"@type\":\"SearchAction\",\"target\":{\"@type\":\"EntryPoint\",\"urlTemplate\":\"https:\\\/\\\/www.ocariz.es\\\/?s={search_term_string}\"},\"query-input\":{\"@type\":\"PropertyValueSpecification\",\"valueRequired\":true,\"valueName\":\"search_term_string\"}}],\"inLanguage\":\"es\"},{\"@type\":\"Organization\",\"@id\":\"https:\\\/\\\/www.ocariz.es\\\/#organization\",\"name\":\"HERRAJES OCARIZ, S.A.\",\"url\":\"https:\\\/\\\/www.ocariz.es\\\/\",\"logo\":{\"@type\":\"ImageObject\",\"inLanguage\":\"es\",\"@id\":\"https:\\\/\\\/www.ocariz.es\\\/#\\\/schema\\\/logo\\\/image\\\/\",\"url\":\"https:\\\/\\\/www.ocariz.es\\\/wp-content\\\/uploads\\\/2019\\\/01\\\/ocariz90.png\",\"contentUrl\":\"https:\\\/\\\/www.ocariz.es\\\/wp-content\\\/uploads\\\/2019\\\/01\\\/ocariz90.png\",\"width\":94,\"height\":76,\"caption\":\"HERRAJES OCARIZ, S.A.\"},\"image\":{\"@id\":\"https:\\\/\\\/www.ocariz.es\\\/#\\\/schema\\\/logo\\\/image\\\/\"}}]}<\/script>\n<!-- \/ Yoast SEO plugin. -->","yoast_head_json":{"title":"Calefacci\u00f3n por Z\u00f3calo Radiante - Herrajes Ocariz, S.A.","robots":{"index":"index","follow":"follow","max-snippet":"max-snippet:-1","max-image-preview":"max-image-preview:large","max-video-preview":"max-video-preview:-1"},"canonical":"https:\/\/www.ocariz.es\/index.php\/calefaccion-por-zocalo-radiante\/","og_locale":"es_ES","og_type":"article","og_title":"Calefacci\u00f3n por Z\u00f3calo Radiante - Herrajes Ocariz, S.A.","og_description":"Calefacci\u00f3n Radiante Z\u00f3calo Radiante CE EN 442 El z\u00f3calo radiante, tambi\u00e9n conocido como \u201cpedestal heating\u201d en ingl\u00e9s, es un sistema de calefacci\u00f3n eficaz a baja temperatura lo que implica un gran ahorro energ\u00e9tico y econ\u00f3mico. Optimizaci\u00f3n: Los sistemas kit modulares para calefacci\u00f3n por z\u00f3calo radiante Ocariz&amp;Calor han sido dise\u00f1ados y fabricados con una tecnolog\u00eda que&hellip; Leer m\u00e1s","og_url":"https:\/\/www.ocariz.es\/index.php\/calefaccion-por-zocalo-radiante\/","og_site_name":"Herrajes Ocariz, S.A.","article_modified_time":"2021-09-23T05:40:02+00:00","og_image":[{"url":"http:\/\/www.ocariz.es\/wp-content\/uploads\/2020\/11\/2020-termoarredo-Vertical-by-Hekos_brochure.png","type":"","width":"","height":""}],"twitter_card":"summary_large_image","twitter_misc":{"Tiempo de lectura":"2 minutos"},"schema":{"@context":"https:\/\/schema.org","@graph":[{"@type":"WebPage","@id":"https:\/\/www.ocariz.es\/index.php\/calefaccion-por-zocalo-radiante\/","url":"https:\/\/www.ocariz.es\/index.php\/calefaccion-por-zocalo-radiante\/","name":"Calefacci\u00f3n por Z\u00f3calo Radiante - Herrajes Ocariz, S.A.","isPartOf":{"@id":"https:\/\/www.ocariz.es\/#website"},"primaryImageOfPage":{"@id":"https:\/\/www.ocariz.es\/index.php\/calefaccion-por-zocalo-radiante\/#primaryimage"},"image":{"@id":"https:\/\/www.ocariz.es\/index.php\/calefaccion-por-zocalo-radiante\/#primaryimage"},"thumbnailUrl":"http:\/\/www.ocariz.es\/wp-content\/uploads\/2020\/11\/2020-termoarredo-Vertical-by-Hekos_brochure.png","datePublished":"2019-01-04T22:35:33+00:00","dateModified":"2021-09-23T05:40:02+00:00","breadcrumb":{"@id":"https:\/\/www.ocariz.es\/index.php\/calefaccion-por-zocalo-radiante\/#breadcrumb"},"inLanguage":"es","potentialAction":[{"@type":"ReadAction","target":["https:\/\/www.ocariz.es\/index.php\/calefaccion-por-zocalo-radiante\/"]}]},{"@type":"ImageObject","inLanguage":"es","@id":"https:\/\/www.ocariz.es\/index.php\/calefaccion-por-zocalo-radiante\/#primaryimage","url":"https:\/\/www.ocariz.es\/wp-content\/uploads\/2020\/11\/2020-termoarredo-Vertical-by-Hekos_brochure.png","contentUrl":"https:\/\/www.ocariz.es\/wp-content\/uploads\/2020\/11\/2020-termoarredo-Vertical-by-Hekos_brochure.png","width":775,"height":753},{"@type":"BreadcrumbList","@id":"https:\/\/www.ocariz.es\/index.php\/calefaccion-por-zocalo-radiante\/#breadcrumb","itemListElement":[{"@type":"ListItem","position":1,"name":"Portada","item":"https:\/\/www.ocariz.es\/"},{"@type":"ListItem","position":2,"name":"Calefacci\u00f3n por Z\u00f3calo Radiante"}]},{"@type":"WebSite","@id":"https:\/\/www.ocariz.es\/#website","url":"https:\/\/www.ocariz.es\/","name":"Herrajes Ocariz, S.A.","description":"Atenci\u00f3n telef\u00f3nica +34 945 263 400","publisher":{"@id":"https:\/\/www.ocariz.es\/#organization"},"potentialAction":[{"@type":"SearchAction","target":{"@type":"EntryPoint","urlTemplate":"https:\/\/www.ocariz.es\/?s={search_term_string}"},"query-input":{"@type":"PropertyValueSpecification","valueRequired":true,"valueName":"search_term_string"}}],"inLanguage":"es"},{"@type":"Organization","@id":"https:\/\/www.ocariz.es\/#organization","name":"HERRAJES OCARIZ, S.A.","url":"https:\/\/www.ocariz.es\/","logo":{"@type":"ImageObject","inLanguage":"es","@id":"https:\/\/www.ocariz.es\/#\/schema\/logo\/image\/","url":"https:\/\/www.ocariz.es\/wp-content\/uploads\/2019\/01\/ocariz90.png","contentUrl":"https:\/\/www.ocariz.es\/wp-content\/uploads\/2019\/01\/ocariz90.png","width":94,"height":76,"caption":"HERRAJES OCARIZ, S.A."},"image":{"@id":"https:\/\/www.ocariz.es\/#\/schema\/logo\/image\/"}}]}},"_links":{"self":[{"href":"https:\/\/www.ocariz.es\/index.php\/wp-json\/wp\/v2\/pages\/351","targetHints":{"allow":["GET"]}}],"collection":[{"href":"https:\/\/www.ocariz.es\/index.php\/wp-json\/wp\/v2\/pages"}],"about":[{"href":"https:\/\/www.ocariz.es\/index.php\/wp-json\/wp\/v2\/types\/page"}],"author":[{"embeddable":true,"href":"https:\/\/www.ocariz.es\/index.php\/wp-json\/wp\/v2\/users\/1"}],"replies":[{"embeddable":true,"href":"https:\/\/www.ocariz.es\/index.php\/wp-json\/wp\/v2\/comments?post=351"}],"version-history":[{"count":29,"href":"https:\/\/www.ocariz.es\/index.php\/wp-json\/wp\/v2\/pages\/351\/revisions"}],"predecessor-version":[{"id":2325,"href":"https:\/\/www.ocariz.es\/index.php\/wp-json\/wp\/v2\/pages\/351\/revisions\/2325"}],"wp:attachment":[{"href":"https:\/\/www.ocariz.es\/index.php\/wp-json\/wp\/v2\/media?parent=351"}],"curies":[{"name":"wp","href":"https:\/\/api.w.org\/{rel}","templated":true}]}}