{"id":337,"date":"2019-01-04T22:10:00","date_gmt":"2019-01-04T22:10:00","guid":{"rendered":"http:\/\/www.ocariz.pfisdbbadalona.cat\/?page_id=337"},"modified":"2020-01-03T13:14:34","modified_gmt":"2020-01-03T13:14:34","slug":"estufas-de-pellets","status":"publish","type":"page","link":"https:\/\/www.ocariz.es\/index.php\/estufas-de-pellets\/","title":{"rendered":"Accesorios Ocariz &#038; Calor"},"content":{"rendered":"<div  class=\"features-small-image-cards-section\" id=\"accesorios\" style=\"background-color: rgb(246, 246, 246);\" data-category=\"features\" data-label=\"accesorios\" data-id=\"features-small-image-cards-section\">\n<div  class=\"gridContainer\">\n<div  class=\"features-small-image-cards-textrow\">\n<div  class=\"features-small-image-cards-textcol dynamic-color\" data-type=\"column\">\n<h2  class=\"\">Accesorios para las Estufas de Pellets<\/h2>\nInformacion relevante general\n\n<\/div>\n<\/div>\n<div  class=\"features-small-image-cards-featrow dark-text\" data-type=\"row\">\n<div  class=\"features-small-image-cards-featcol\">\n<div  class=\"features-small-image-cards-featinnerrow flexbox-list\">\n<div  class=\"features-small-image-cards-imgcol\" style=\"background-image: url(&quot;https:\/\/www.ocariz.es\/wp-content\/uploads\/2020\/01\/Tolva_ocariz-150x133-1.jpg&quot;);\" data-bg=\"image\"><\/div>\n<div  class=\"features-small-image-cards-featcol-feattextcol\" data-type=\"column\">\n<h4  class=\"heading103\">Tolva de combustible met\u00e1lica<\/h4>\nTolva de combustible met\u00e1lica de 260kg autoportante con ruedas (para calderas 18-AkW y 35-AkW).\n\n<hr  class=\"features-small-image-cards-separator\">\n\n<a  href=\"#\" target=\"_self\" rel=\"noopener noreferrer\" class=\"\">M\u00e1s informaci\u00f3n<\/a><\/div>\n<\/div>\n<\/div>\n<div  class=\"features-small-image-cards-featcol\">\n<div  class=\"features-small-image-cards-featinnerrow flexbox-list\">\n<div  class=\"features-small-image-cards-imgcol\" style=\"background-image: url(&quot;https:\/\/www.ocariz.es\/wp-content\/uploads\/2020\/01\/OCARIZ_ASPIRADOR-150x150-1.png&quot;);\" data-bg=\"image\"><\/div>\n<div  class=\"features-small-image-cards-featcol-feattextcol\" data-type=\"column\">\n<h4  class=\"heading103\">Aspirador de cenizas<\/h4>\nAspirador de cenizas aut\u00f3nomo con motor y doble sistema de filtrado lavable para estufas, termoestufas y calderas ecol\u00f3gicas de pellets.\n\n<hr  class=\"features-small-image-cards-separator\">\n\n<a  href=\"#\" target=\"_self\" rel=\"noopener noreferrer\" class=\"\">M\u00e1s informaci\u00f3n<\/a><\/div>\n<\/div>\n<\/div>\n<div  class=\"features-small-image-cards-featcol\">\n<div  class=\"features-small-image-cards-featinnerrow flexbox-list\">\n<div  class=\"features-small-image-cards-imgcol\" style=\"background-image: url(&quot;https:\/\/www.ocariz.es\/wp-content\/uploads\/2020\/01\/alimentador-189x300-1-e1578057256227.jpg&quot;);\" data-bg=\"image\"><\/div>\n<div  class=\"features-small-image-cards-featcol-feattextcol\" data-type=\"column\">\n<h4  class=\"heading103\">Sin fin alimentador de pellets<\/h4>\nSin fin alimentador con entubaci\u00f3n met\u00e1lica, motor, conducto flexible de alimentaci\u00f3n autoextinguible y soporte a la tolva (para calderas 18-AkW y 35-AkW).\n\n<hr  class=\"features-small-image-cards-separator\">\n\n<a  href=\"#\" target=\"_self\" rel=\"noopener noreferrer\" class=\"\">M\u00e1s informaci\u00f3n<\/a><\/div>\n<\/div>\n<\/div>\n<div  class=\"features-small-image-cards-featcol\">\n<div  class=\"features-small-image-cards-featinnerrow flexbox-list\">\n<div  class=\"features-small-image-cards-imgcol\" style=\"background-image: url(&quot;https:\/\/www.ocariz.es\/wp-content\/uploads\/2020\/01\/carrito.jpg&quot;);\" data-bg=\"image\"><\/div>\n<div  class=\"features-small-image-cards-featcol-feattextcol\" data-type=\"column\">\n<h4  class=\"heading103\">Carrito portapellets<\/h4>\nEl carrito portapellets nos permite transportar los pellets hasta el equipo calefactor de manera limpia y c\u00f3moda\n\n<hr  class=\"features-small-image-cards-separator\">\n\n<a  href=\"#\" target=\"_self\" rel=\"noopener noreferrer\" class=\"\">M\u00e1s informaci\u00f3n<\/a><\/div>\n<\/div>\n<\/div>\n<\/div>\n<\/div>\n<\/div>","protected":false},"excerpt":{"rendered":"<p>Accesorios para las Estufas de Pellets Informacion relevante general Tolva de combustible met\u00e1lica Tolva de combustible met\u00e1lica de 260kg autoportante con ruedas (para calderas 18-AkW y 35-AkW). M\u00e1s informaci\u00f3n Aspirador de cenizas Aspirador de cenizas aut\u00f3nomo con motor y doble sistema de filtrado lavable para estufas, termoestufas y calderas ecol\u00f3gicas de pellets. M\u00e1s informaci\u00f3n Sin&hellip; <br \/> <a class=\"button small blue\" href=\"https:\/\/www.ocariz.es\/index.php\/estufas-de-pellets\/\">Leer m\u00e1s<\/a><\/p>\n","protected":false},"author":1,"featured_media":0,"parent":0,"menu_order":0,"comment_status":"closed","ping_status":"closed","template":"full-width-page.php","meta":{"footnotes":""},"class_list":["post-337","page","type-page","status-publish","hentry"],"yoast_head":"<!-- This site is optimized with the Yoast SEO plugin v27.4 - https:\/\/yoast.com\/product\/yoast-seo-wordpress\/ -->\n<title>% - Herrajes Ocariz, S.A.<\/title>\n<meta name=\"description\" content=\"Estufas, Termoestufas, Calderas y Quemadores de Pellets Ec\u00f3logicos, Z\u00f3calo Radiante, Chimeneas Inox AISI 316L, Aspirador de Cenizas, Tolva, Sin Fin.\" \/>\n<meta name=\"robots\" content=\"index, follow, max-snippet:-1, max-image-preview:large, max-video-preview:-1\" \/>\n<link rel=\"canonical\" href=\"https:\/\/www.ocariz.es\/index.php\/estufas-de-pellets\/\" \/>\n<meta property=\"og:locale\" content=\"es_ES\" \/>\n<meta property=\"og:type\" content=\"article\" \/>\n<meta property=\"og:title\" content=\"% - Herrajes Ocariz, S.A.\" \/>\n<meta property=\"og:description\" content=\"Estufas, Termoestufas, Calderas y Quemadores de Pellets Ec\u00f3logicos, Z\u00f3calo Radiante, Chimeneas Inox AISI 316L, Aspirador de Cenizas, Tolva, Sin Fin.\" \/>\n<meta property=\"og:url\" content=\"https:\/\/www.ocariz.es\/index.php\/estufas-de-pellets\/\" \/>\n<meta property=\"og:site_name\" content=\"Herrajes Ocariz, S.A.\" \/>\n<meta property=\"article:modified_time\" content=\"2020-01-03T13:14:34+00:00\" \/>\n<meta name=\"twitter:card\" content=\"summary_large_image\" \/>\n<meta name=\"twitter:label1\" content=\"Tiempo de lectura\" \/>\n\t<meta name=\"twitter:data1\" content=\"1 minuto\" \/>\n<script type=\"application\/ld+json\" class=\"yoast-schema-graph\">{\"@context\":\"https:\\\/\\\/schema.org\",\"@graph\":[{\"@type\":\"WebPage\",\"@id\":\"https:\\\/\\\/www.ocariz.es\\\/index.php\\\/estufas-de-pellets\\\/\",\"url\":\"https:\\\/\\\/www.ocariz.es\\\/index.php\\\/estufas-de-pellets\\\/\",\"name\":\"% - Herrajes Ocariz, S.A.\",\"isPartOf\":{\"@id\":\"https:\\\/\\\/www.ocariz.es\\\/#website\"},\"datePublished\":\"2019-01-04T22:10:00+00:00\",\"dateModified\":\"2020-01-03T13:14:34+00:00\",\"description\":\"Estufas, Termoestufas, Calderas y Quemadores de Pellets Ec\u00f3logicos, Z\u00f3calo Radiante, Chimeneas Inox AISI 316L, Aspirador de Cenizas, Tolva, Sin Fin.\",\"breadcrumb\":{\"@id\":\"https:\\\/\\\/www.ocariz.es\\\/index.php\\\/estufas-de-pellets\\\/#breadcrumb\"},\"inLanguage\":\"es\",\"potentialAction\":[{\"@type\":\"ReadAction\",\"target\":[\"https:\\\/\\\/www.ocariz.es\\\/index.php\\\/estufas-de-pellets\\\/\"]}]},{\"@type\":\"BreadcrumbList\",\"@id\":\"https:\\\/\\\/www.ocariz.es\\\/index.php\\\/estufas-de-pellets\\\/#breadcrumb\",\"itemListElement\":[{\"@type\":\"ListItem\",\"position\":1,\"name\":\"Portada\",\"item\":\"https:\\\/\\\/www.ocariz.es\\\/\"},{\"@type\":\"ListItem\",\"position\":2,\"name\":\"Accesorios Ocariz &#038; Calor\"}]},{\"@type\":\"WebSite\",\"@id\":\"https:\\\/\\\/www.ocariz.es\\\/#website\",\"url\":\"https:\\\/\\\/www.ocariz.es\\\/\",\"name\":\"Herrajes Ocariz, S.A.\",\"description\":\"Atenci\u00f3n telef\u00f3nica +34 945 263 400\",\"publisher\":{\"@id\":\"https:\\\/\\\/www.ocariz.es\\\/#organization\"},\"potentialAction\":[{\"@type\":\"SearchAction\",\"target\":{\"@type\":\"EntryPoint\",\"urlTemplate\":\"https:\\\/\\\/www.ocariz.es\\\/?s={search_term_string}\"},\"query-input\":{\"@type\":\"PropertyValueSpecification\",\"valueRequired\":true,\"valueName\":\"search_term_string\"}}],\"inLanguage\":\"es\"},{\"@type\":\"Organization\",\"@id\":\"https:\\\/\\\/www.ocariz.es\\\/#organization\",\"name\":\"HERRAJES OCARIZ, S.A.\",\"url\":\"https:\\\/\\\/www.ocariz.es\\\/\",\"logo\":{\"@type\":\"ImageObject\",\"inLanguage\":\"es\",\"@id\":\"https:\\\/\\\/www.ocariz.es\\\/#\\\/schema\\\/logo\\\/image\\\/\",\"url\":\"https:\\\/\\\/www.ocariz.es\\\/wp-content\\\/uploads\\\/2019\\\/01\\\/ocariz90.png\",\"contentUrl\":\"https:\\\/\\\/www.ocariz.es\\\/wp-content\\\/uploads\\\/2019\\\/01\\\/ocariz90.png\",\"width\":94,\"height\":76,\"caption\":\"HERRAJES OCARIZ, S.A.\"},\"image\":{\"@id\":\"https:\\\/\\\/www.ocariz.es\\\/#\\\/schema\\\/logo\\\/image\\\/\"}}]}<\/script>\n<!-- \/ Yoast SEO plugin. -->","yoast_head_json":{"title":"% - Herrajes Ocariz, S.A.","description":"Estufas, Termoestufas, Calderas y Quemadores de Pellets Ec\u00f3logicos, Z\u00f3calo Radiante, Chimeneas Inox AISI 316L, Aspirador de Cenizas, Tolva, Sin Fin.","robots":{"index":"index","follow":"follow","max-snippet":"max-snippet:-1","max-image-preview":"max-image-preview:large","max-video-preview":"max-video-preview:-1"},"canonical":"https:\/\/www.ocariz.es\/index.php\/estufas-de-pellets\/","og_locale":"es_ES","og_type":"article","og_title":"% - Herrajes Ocariz, S.A.","og_description":"Estufas, Termoestufas, Calderas y Quemadores de Pellets Ec\u00f3logicos, Z\u00f3calo Radiante, Chimeneas Inox AISI 316L, Aspirador de Cenizas, Tolva, Sin Fin.","og_url":"https:\/\/www.ocariz.es\/index.php\/estufas-de-pellets\/","og_site_name":"Herrajes Ocariz, S.A.","article_modified_time":"2020-01-03T13:14:34+00:00","twitter_card":"summary_large_image","twitter_misc":{"Tiempo de lectura":"1 minuto"},"schema":{"@context":"https:\/\/schema.org","@graph":[{"@type":"WebPage","@id":"https:\/\/www.ocariz.es\/index.php\/estufas-de-pellets\/","url":"https:\/\/www.ocariz.es\/index.php\/estufas-de-pellets\/","name":"% - Herrajes Ocariz, S.A.","isPartOf":{"@id":"https:\/\/www.ocariz.es\/#website"},"datePublished":"2019-01-04T22:10:00+00:00","dateModified":"2020-01-03T13:14:34+00:00","description":"Estufas, Termoestufas, Calderas y Quemadores de Pellets Ec\u00f3logicos, Z\u00f3calo Radiante, Chimeneas Inox AISI 316L, Aspirador de Cenizas, Tolva, Sin Fin.","breadcrumb":{"@id":"https:\/\/www.ocariz.es\/index.php\/estufas-de-pellets\/#breadcrumb"},"inLanguage":"es","potentialAction":[{"@type":"ReadAction","target":["https:\/\/www.ocariz.es\/index.php\/estufas-de-pellets\/"]}]},{"@type":"BreadcrumbList","@id":"https:\/\/www.ocariz.es\/index.php\/estufas-de-pellets\/#breadcrumb","itemListElement":[{"@type":"ListItem","position":1,"name":"Portada","item":"https:\/\/www.ocariz.es\/"},{"@type":"ListItem","position":2,"name":"Accesorios Ocariz &#038; Calor"}]},{"@type":"WebSite","@id":"https:\/\/www.ocariz.es\/#website","url":"https:\/\/www.ocariz.es\/","name":"Herrajes Ocariz, S.A.","description":"Atenci\u00f3n telef\u00f3nica +34 945 263 400","publisher":{"@id":"https:\/\/www.ocariz.es\/#organization"},"potentialAction":[{"@type":"SearchAction","target":{"@type":"EntryPoint","urlTemplate":"https:\/\/www.ocariz.es\/?s={search_term_string}"},"query-input":{"@type":"PropertyValueSpecification","valueRequired":true,"valueName":"search_term_string"}}],"inLanguage":"es"},{"@type":"Organization","@id":"https:\/\/www.ocariz.es\/#organization","name":"HERRAJES OCARIZ, S.A.","url":"https:\/\/www.ocariz.es\/","logo":{"@type":"ImageObject","inLanguage":"es","@id":"https:\/\/www.ocariz.es\/#\/schema\/logo\/image\/","url":"https:\/\/www.ocariz.es\/wp-content\/uploads\/2019\/01\/ocariz90.png","contentUrl":"https:\/\/www.ocariz.es\/wp-content\/uploads\/2019\/01\/ocariz90.png","width":94,"height":76,"caption":"HERRAJES OCARIZ, S.A."},"image":{"@id":"https:\/\/www.ocariz.es\/#\/schema\/logo\/image\/"}}]}},"_links":{"self":[{"href":"https:\/\/www.ocariz.es\/index.php\/wp-json\/wp\/v2\/pages\/337","targetHints":{"allow":["GET"]}}],"collection":[{"href":"https:\/\/www.ocariz.es\/index.php\/wp-json\/wp\/v2\/pages"}],"about":[{"href":"https:\/\/www.ocariz.es\/index.php\/wp-json\/wp\/v2\/types\/page"}],"author":[{"embeddable":true,"href":"https:\/\/www.ocariz.es\/index.php\/wp-json\/wp\/v2\/users\/1"}],"replies":[{"embeddable":true,"href":"https:\/\/www.ocariz.es\/index.php\/wp-json\/wp\/v2\/comments?post=337"}],"version-history":[{"count":11,"href":"https:\/\/www.ocariz.es\/index.php\/wp-json\/wp\/v2\/pages\/337\/revisions"}],"predecessor-version":[{"id":1901,"href":"https:\/\/www.ocariz.es\/index.php\/wp-json\/wp\/v2\/pages\/337\/revisions\/1901"}],"wp:attachment":[{"href":"https:\/\/www.ocariz.es\/index.php\/wp-json\/wp\/v2\/media?parent=337"}],"curies":[{"name":"wp","href":"https:\/\/api.w.org\/{rel}","templated":true}]}}