{"id":2581,"date":"2022-11-17T07:47:51","date_gmt":"2022-11-17T07:47:51","guid":{"rendered":"https:\/\/www.ocariz.es\/?page_id=2581"},"modified":"2022-11-17T08:23:16","modified_gmt":"2022-11-17T08:23:16","slug":"aviso-legal","status":"publish","type":"page","link":"https:\/\/www.ocariz.es\/index.php\/aviso-legal\/","title":{"rendered":"Aviso legal"},"content":{"rendered":"\n<p><\/p>\n\n\n\n<p>Aviso Legal<\/p>\n\n\n\n<p><strong>Informaci\u00f3n general<\/strong><\/p>\n\n\n\n<p>El presente sitio web, es titularidad de HERRAJES OCARIZ, S.A. con domicilio en Portal de Beto\u00f1o, 16 ,&nbsp; 01013 Vitoria , con direcci\u00f3n de email: <a href=\"mailto:ocariz@ocariz.es\">ocariz@ocariz.es<\/a><\/p>\n\n\n\n<p>En caso de contrataci\u00f3n on-line, cualquier consumidor y usuario, puede interponer sus quejas y reclamaciones o solicitar informaci\u00f3n sobre los bienes o servicios ofertados o contratados por los citados medios.<\/p>\n\n\n\n<p>El presente aviso legal se aplica igualmente a cualesquiera otras p\u00e1ginas web, subdominios y subapartados contenidos en dicho sitio web y\/o los servicios disponibles en este sitio o a trav\u00e9s de este, o cualquier otro proporcionado por HERRAJES OCARIZ, S.A. puede proporcionarle el derecho a usar un subdominio en el Sitio. Todos los subdominios son propiedad exclusiva de HERRAJES OCARIZ,S.A.<\/p>\n\n\n\n<p>Al usar este sitio web, se entender\u00e1 que usted ha le\u00eddo, entendido y aceptado, sin limitaci\u00f3n ni reserva alguna, las condiciones de uso recogidas en este aviso legal as\u00ed como la Pol\u00edtica de Privacidad, constituyendo el uso del mismo la expresa y plena aceptaci\u00f3n del aviso legal y pol\u00edtica de privacidad en la versi\u00f3n que se encuentre publicada en el momento de acceso, sin perjuicio de las condiciones o t\u00e9rminos de uso espec\u00edficos que pudieran aplicarse respecto algunos servicios concretos del sitio web, cuya aceptaci\u00f3n previa, ser\u00e1 requisito indispensable para acceder a dichos servicios.<\/p>\n\n\n\n<p>Si no est\u00e1 conforme con los t\u00e9rminos de este Aviso Legal, rogamos no haga uso del sitio web, porque el uso del mismo, reiteramos, implicar\u00e1 la aceptaci\u00f3n de los t\u00e9rminos legales recogidos en este texto y en la pol\u00edtica de privacidad.<\/p>\n\n\n\n<p>HERRAJES OCARIZ,S.A. se reserva el derecho de modificar los t\u00e9rminos y condiciones que aparecen en este sitio web as\u00ed como ampliar contenidos, informaciones, etc, en cualquier momento y sin previo aviso y, por tanto, aconseja su consulta con una periodicidad razonable por si se producen cambios en los mismos.<\/p>\n\n\n\n<p>La actividad no est\u00e1 sujeta a ning\u00fan r\u00e9gimen de autorizaci\u00f3n administrativa previa.<\/p>\n\n\n\n<p><strong>Idioma<\/strong><\/p>\n\n\n\n<p>En caso de que traduzcamos este Aviso Legal, nuestra Pol\u00edtica de privacidad, o cualesquiera otras normas de uso, pol\u00edticas y procedimientos que pudieran publicarse cada cierto tiempo en este sitio web, si existe discrepancia entre la versi\u00f3n en espa\u00f1ol y una versi\u00f3n traducida, prevalecer\u00e1 la versi\u00f3n en espa\u00f1ol.<\/p>\n\n\n\n<p><strong>Comunicaciones comerciales y contenidos publicitarios<\/strong><\/p>\n\n\n\n<p>HERRAJES OCARIZ,S.A. informa a los usuarios que conforme a la Ley 34\/2002, de 11 de julio, de Servicios de la Sociedad de la Informaci\u00f3n y de Comercio Electr\u00f3nico, proceder\u00e1 a enviarle informaci\u00f3n por e-mail sobre los productos, servicios y actividades. Si no desea recibir comunicaciones electr\u00f3nicas sobre nuestros productos, servicios y actividades rogamos nos remita un e-mail en tal sentido a <a href=\"mailto:ocariz@ocariz.es\">ocariz@ocariz.es<\/a><\/p>\n\n\n\n<p><strong>Derechos de propiedad intelectual y\/o industrial<\/strong><\/p>\n\n\n\n<p>El titular del contenido y de los elementos que conforman el presente Sitio Web es HERRAJES OCARIZ, S.A. perteneci\u00e9ndole en consecuencia la propiedad intelectual e industrial del mismo y en particular de todos los c\u00f3digos fuente, textos, im\u00e1genes, dise\u00f1o, logos, programas inform\u00e1ticos, animaciones, bases de datos, marcas, nombre comercial o signo distintivo, sonidos y dem\u00e1s elementos gr\u00e1ficos o sonoros de las p\u00e1ginas del Sitio Web. Esta enumeraci\u00f3n no constituye un listado cerrado sino ejemplificativo y dichos elementos se encuentran debidamente protegidos de conformidad con la normativa espa\u00f1ola e internacional sobre Propiedad Intelectual e Industrial.<\/p>\n\n\n\n<p>El Usuario se obliga a usar los contenidos de forma diligente y correcta, de acuerdo a la ley, la moral y el orden p\u00fablico.<\/p>\n\n\n\n<p>HERRAJES OCARIZ,S.A. autoriza al Usuario para visualizar la informaci\u00f3n que se contiene en este sitio web, as\u00ed como para efectuar reproducciones privadas (simple actividad de descarga y almacenamiento en sus sistemas inform\u00e1ticos), siempre y cuando los elementos sean destinados \u00fanicamente al uso personal, as\u00ed como su utilizaci\u00f3n exclusivamente con fines period\u00edsticos, siempre que, en ambos casos, se respete la integridad del mismo y se identifique que la fuente originaria ha sido el presente Sitio Web perteneciente a HERRAJES OCARIZ,S.A. quedando prohibido de manera expresa cualquier tipo de utilizaci\u00f3n sesgada y contraria a su naturaleza.<\/p>\n\n\n\n<p>Se proh\u00edbe, fuera de las finalidades establecidas expresamente en el p\u00e1rrafo anterior, la utilizaci\u00f3n del contenido del Sitio Web, y su distribuci\u00f3n, modificaci\u00f3n, cesi\u00f3n a terceros, as\u00ed como la reproducci\u00f3n, transformaci\u00f3n o comunicaci\u00f3n p\u00fablica, mediante cualquier medio y tecnolog\u00eda, requiri\u00e9ndose para ello el consentimiento previo y expreso de HERRAJES OCARIZ,S.A. constituyendo cualquier actuaci\u00f3n contraria al presente texto una vulneraci\u00f3n de la normativa en materia de derechos de propiedad industrial e intelectual.<\/p>\n\n\n\n<p>Se permite no obstante la utilizaci\u00f3n de <a href=\"https:\/\/www.ocariz.es\/\">https:\/\/www.ocariz.es\/<\/a>&nbsp; siempre y cuando se respete la integridad del mismo y se identifique que la fuente originaria ha sido el presente sitio web perteneciente a HERRAJES OCARIZ,S.A. quedando prohibido de manera expresa cualquier tipo de utilizaci\u00f3n sesgada y contraria a su naturaleza.<\/p>\n\n\n\n<p>HERRAJES OCARIZ,S.A. se reserva el ejercicio de las acciones legales oportunas en defensa de sus derechos.<\/p>\n\n\n\n<p><strong>Contrase\u00f1as y zona privada<\/strong><\/p>\n\n\n\n<p>En los supuestos en que proceda a remit\u00edrsele una contrase\u00f1a de acceso a determinados servicios, el USUARIO deber\u00e1 mantenerla bajo su exclusiva responsabilidad en la m\u00e1s estricta y absoluta confidencialidad y secreto, deber\u00e1 proceder a su custodia, uso y preservaci\u00f3n de manera diligente, prohibi\u00e9ndose de manera expresa la cesi\u00f3n de la misma a terceros, resultando responsabilidad del USUARIO y por lo tanto a \u00e9l imputable las consecuencias perjudiciales que pudieran originarse tanto para el titular del Sitio Web como para el resto de USUARIOS. En caso de robo, p\u00e9rdida o uso o acceso no autorizado de la contrase\u00f1a, el USUARIO deber\u00e1 proceder a comunicarlo de forma inmediata a HERRAJES OCARIZ,S.A. para la adopci\u00f3n de las medidas oportunas, siendo responsabilidad del USUARIO los da\u00f1os que se pudieran irrogar tanto a HERRAJES OCARIZ,S.A. como a otros USUARIOS, como consecuencia de una tard\u00eda comunicaci\u00f3n.<\/p>\n\n\n\n<p>HERRAJES OCARIZ,S.A. no ser\u00e1 responsable en ning\u00fan caso de las incidencias que puedan surgir en torno a los datos personales cuando se deriven bien de un ataque o acceso no autorizado a los sistemas de tal forma que sea imposible de detectar por las medidas de seguridad implantadas, bien cuando se deba a una falta de diligencia del cliente registrado en cuanto a la guardia y custodia de sus claves de acceso o de sus propios datos personales.<\/p>\n\n\n\n<p><strong>Responsabilidad<\/strong><\/p>\n\n\n\n<p><em>Generalidades<\/em><\/p>\n\n\n\n<p>El inter\u00e9s de HERRAJES OCARIZ,S.A. es el de que este sitio web funcione con la m\u00e1xima eficacia y cumpla la finalidad para la que ha sido creado pero no se responsabiliza de los eventuales errores tipogr\u00e1ficos, formales o num\u00e9ricos que pueda contener el sitio web, ni de la exactitud de la informaci\u00f3n contenida en \u00e9l, ni de posibles disfunciones o anomal\u00edas en su funcionamiento.<\/p>\n\n\n\n<p>HERRAJES OCARIZ,S.A. no garantiza que el sitio web y el servidor est\u00e9n libres de virus y no se hace responsable de los da\u00f1os causados por el acceso al sitio web o por la imposibilidad de acceder al mismo.<\/p>\n\n\n\n<p>HERRAJES OCARIZ,S.A. se reserva el derecho de modificar los t\u00e9rminos y condiciones que aparecen en este sitio web as\u00ed como ampliar contenidos, informaciones, etc., en cualquier momento y sin previo aviso y, por tanto, aconseja su consulta con una periodicidad razonable por si se producen cambios en los mismos. Vd. deber\u00e1 leer y los nuevos avisos legales y condiciones de uso del sitio web que se pudieran incorporar. En caso contrario, deber\u00e1 abstenerse de su utilizaci\u00f3n y acceso, declinando toda  responsabilidad a HERRAJES OCARIZ,S.A. que se reserva el derecho de suspender y terminar el acceso a los contenidos del Sitio Web, as\u00ed como de los servicios prestados desde el mismo.<\/p>\n","protected":false},"excerpt":{"rendered":"<p>Aviso Legal Informaci\u00f3n general El presente sitio web, es titularidad de HERRAJES OCARIZ, S.A. con domicilio en Portal de Beto\u00f1o, 16 ,&nbsp; 01013 Vitoria , con direcci\u00f3n de email: ocariz@ocariz.es En caso de contrataci\u00f3n on-line, cualquier consumidor y usuario, puede interponer sus quejas y reclamaciones o solicitar informaci\u00f3n sobre los bienes o servicios ofertados o&hellip; <br \/> <a class=\"button small blue\" href=\"https:\/\/www.ocariz.es\/index.php\/aviso-legal\/\">Leer m\u00e1s<\/a><\/p>\n","protected":false},"author":1,"featured_media":0,"parent":0,"menu_order":0,"comment_status":"closed","ping_status":"closed","template":"","meta":{"footnotes":""},"class_list":["post-2581","page","type-page","status-publish","hentry"],"yoast_head":"<!-- This site is optimized with the Yoast SEO plugin v27.6 - https:\/\/yoast.com\/product\/yoast-seo-wordpress\/ -->\n<title>Aviso legal - Herrajes Ocariz, S.A.<\/title>\n<meta name=\"description\" content=\"Aviso Legal\" \/>\n<meta name=\"robots\" content=\"index, follow, max-snippet:-1, max-image-preview:large, max-video-preview:-1\" \/>\n<link rel=\"canonical\" href=\"https:\/\/www.ocariz.es\/index.php\/aviso-legal\/\" \/>\n<meta property=\"og:locale\" content=\"es_ES\" \/>\n<meta property=\"og:type\" content=\"article\" \/>\n<meta property=\"og:title\" content=\"Aviso legal - Herrajes Ocariz, S.A.\" \/>\n<meta property=\"og:description\" content=\"Aviso Legal\" \/>\n<meta property=\"og:url\" content=\"https:\/\/www.ocariz.es\/index.php\/aviso-legal\/\" \/>\n<meta property=\"og:site_name\" content=\"Herrajes Ocariz, S.A.\" \/>\n<meta property=\"article:modified_time\" content=\"2022-11-17T08:23:16+00:00\" \/>\n<meta name=\"twitter:card\" content=\"summary_large_image\" \/>\n<meta name=\"twitter:label1\" content=\"Tiempo de lectura\" \/>\n\t<meta name=\"twitter:data1\" content=\"6 minutos\" \/>\n<script type=\"application\/ld+json\" class=\"yoast-schema-graph\">{\"@context\":\"https:\\\/\\\/schema.org\",\"@graph\":[{\"@type\":\"WebPage\",\"@id\":\"https:\\\/\\\/www.ocariz.es\\\/index.php\\\/aviso-legal\\\/\",\"url\":\"https:\\\/\\\/www.ocariz.es\\\/index.php\\\/aviso-legal\\\/\",\"name\":\"Aviso legal - Herrajes Ocariz, S.A.\",\"isPartOf\":{\"@id\":\"https:\\\/\\\/www.ocariz.es\\\/#website\"},\"datePublished\":\"2022-11-17T07:47:51+00:00\",\"dateModified\":\"2022-11-17T08:23:16+00:00\",\"description\":\"Aviso Legal\",\"breadcrumb\":{\"@id\":\"https:\\\/\\\/www.ocariz.es\\\/index.php\\\/aviso-legal\\\/#breadcrumb\"},\"inLanguage\":\"es\",\"potentialAction\":[{\"@type\":\"ReadAction\",\"target\":[\"https:\\\/\\\/www.ocariz.es\\\/index.php\\\/aviso-legal\\\/\"]}]},{\"@type\":\"BreadcrumbList\",\"@id\":\"https:\\\/\\\/www.ocariz.es\\\/index.php\\\/aviso-legal\\\/#breadcrumb\",\"itemListElement\":[{\"@type\":\"ListItem\",\"position\":1,\"name\":\"Portada\",\"item\":\"https:\\\/\\\/www.ocariz.es\\\/\"},{\"@type\":\"ListItem\",\"position\":2,\"name\":\"Aviso legal\"}]},{\"@type\":\"WebSite\",\"@id\":\"https:\\\/\\\/www.ocariz.es\\\/#website\",\"url\":\"https:\\\/\\\/www.ocariz.es\\\/\",\"name\":\"Herrajes Ocariz, S.A.\",\"description\":\"Atenci\u00f3n telef\u00f3nica +34 945 263 400\",\"publisher\":{\"@id\":\"https:\\\/\\\/www.ocariz.es\\\/#organization\"},\"potentialAction\":[{\"@type\":\"SearchAction\",\"target\":{\"@type\":\"EntryPoint\",\"urlTemplate\":\"https:\\\/\\\/www.ocariz.es\\\/?s={search_term_string}\"},\"query-input\":{\"@type\":\"PropertyValueSpecification\",\"valueRequired\":true,\"valueName\":\"search_term_string\"}}],\"inLanguage\":\"es\"},{\"@type\":\"Organization\",\"@id\":\"https:\\\/\\\/www.ocariz.es\\\/#organization\",\"name\":\"HERRAJES OCARIZ, S.A.\",\"url\":\"https:\\\/\\\/www.ocariz.es\\\/\",\"logo\":{\"@type\":\"ImageObject\",\"inLanguage\":\"es\",\"@id\":\"https:\\\/\\\/www.ocariz.es\\\/#\\\/schema\\\/logo\\\/image\\\/\",\"url\":\"https:\\\/\\\/www.ocariz.es\\\/wp-content\\\/uploads\\\/2019\\\/01\\\/ocariz90.png\",\"contentUrl\":\"https:\\\/\\\/www.ocariz.es\\\/wp-content\\\/uploads\\\/2019\\\/01\\\/ocariz90.png\",\"width\":94,\"height\":76,\"caption\":\"HERRAJES OCARIZ, S.A.\"},\"image\":{\"@id\":\"https:\\\/\\\/www.ocariz.es\\\/#\\\/schema\\\/logo\\\/image\\\/\"}}]}<\/script>\n<!-- \/ Yoast SEO plugin. -->","yoast_head_json":{"title":"Aviso legal - Herrajes Ocariz, S.A.","description":"Aviso Legal","robots":{"index":"index","follow":"follow","max-snippet":"max-snippet:-1","max-image-preview":"max-image-preview:large","max-video-preview":"max-video-preview:-1"},"canonical":"https:\/\/www.ocariz.es\/index.php\/aviso-legal\/","og_locale":"es_ES","og_type":"article","og_title":"Aviso legal - Herrajes Ocariz, S.A.","og_description":"Aviso Legal","og_url":"https:\/\/www.ocariz.es\/index.php\/aviso-legal\/","og_site_name":"Herrajes Ocariz, S.A.","article_modified_time":"2022-11-17T08:23:16+00:00","twitter_card":"summary_large_image","twitter_misc":{"Tiempo de lectura":"6 minutos"},"schema":{"@context":"https:\/\/schema.org","@graph":[{"@type":"WebPage","@id":"https:\/\/www.ocariz.es\/index.php\/aviso-legal\/","url":"https:\/\/www.ocariz.es\/index.php\/aviso-legal\/","name":"Aviso legal - Herrajes Ocariz, S.A.","isPartOf":{"@id":"https:\/\/www.ocariz.es\/#website"},"datePublished":"2022-11-17T07:47:51+00:00","dateModified":"2022-11-17T08:23:16+00:00","description":"Aviso Legal","breadcrumb":{"@id":"https:\/\/www.ocariz.es\/index.php\/aviso-legal\/#breadcrumb"},"inLanguage":"es","potentialAction":[{"@type":"ReadAction","target":["https:\/\/www.ocariz.es\/index.php\/aviso-legal\/"]}]},{"@type":"BreadcrumbList","@id":"https:\/\/www.ocariz.es\/index.php\/aviso-legal\/#breadcrumb","itemListElement":[{"@type":"ListItem","position":1,"name":"Portada","item":"https:\/\/www.ocariz.es\/"},{"@type":"ListItem","position":2,"name":"Aviso legal"}]},{"@type":"WebSite","@id":"https:\/\/www.ocariz.es\/#website","url":"https:\/\/www.ocariz.es\/","name":"Herrajes Ocariz, S.A.","description":"Atenci\u00f3n telef\u00f3nica +34 945 263 400","publisher":{"@id":"https:\/\/www.ocariz.es\/#organization"},"potentialAction":[{"@type":"SearchAction","target":{"@type":"EntryPoint","urlTemplate":"https:\/\/www.ocariz.es\/?s={search_term_string}"},"query-input":{"@type":"PropertyValueSpecification","valueRequired":true,"valueName":"search_term_string"}}],"inLanguage":"es"},{"@type":"Organization","@id":"https:\/\/www.ocariz.es\/#organization","name":"HERRAJES OCARIZ, S.A.","url":"https:\/\/www.ocariz.es\/","logo":{"@type":"ImageObject","inLanguage":"es","@id":"https:\/\/www.ocariz.es\/#\/schema\/logo\/image\/","url":"https:\/\/www.ocariz.es\/wp-content\/uploads\/2019\/01\/ocariz90.png","contentUrl":"https:\/\/www.ocariz.es\/wp-content\/uploads\/2019\/01\/ocariz90.png","width":94,"height":76,"caption":"HERRAJES OCARIZ, S.A."},"image":{"@id":"https:\/\/www.ocariz.es\/#\/schema\/logo\/image\/"}}]}},"_links":{"self":[{"href":"https:\/\/www.ocariz.es\/index.php\/wp-json\/wp\/v2\/pages\/2581","targetHints":{"allow":["GET"]}}],"collection":[{"href":"https:\/\/www.ocariz.es\/index.php\/wp-json\/wp\/v2\/pages"}],"about":[{"href":"https:\/\/www.ocariz.es\/index.php\/wp-json\/wp\/v2\/types\/page"}],"author":[{"embeddable":true,"href":"https:\/\/www.ocariz.es\/index.php\/wp-json\/wp\/v2\/users\/1"}],"replies":[{"embeddable":true,"href":"https:\/\/www.ocariz.es\/index.php\/wp-json\/wp\/v2\/comments?post=2581"}],"version-history":[{"count":3,"href":"https:\/\/www.ocariz.es\/index.php\/wp-json\/wp\/v2\/pages\/2581\/revisions"}],"predecessor-version":[{"id":2588,"href":"https:\/\/www.ocariz.es\/index.php\/wp-json\/wp\/v2\/pages\/2581\/revisions\/2588"}],"wp:attachment":[{"href":"https:\/\/www.ocariz.es\/index.php\/wp-json\/wp\/v2\/media?parent=2581"}],"curies":[{"name":"wp","href":"https:\/\/api.w.org\/{rel}","templated":true}]}}