{"id":2337,"date":"2020-11-15T09:36:29","date_gmt":"2020-11-15T09:36:29","guid":{"rendered":"http:\/\/www.ocariz.es\/?page_id=2337"},"modified":"2022-11-17T06:21:15","modified_gmt":"2022-11-17T06:21:15","slug":"terminos-y-condiciones-de-venta","status":"publish","type":"page","link":"https:\/\/www.ocariz.es\/index.php\/terminos-y-condiciones-de-venta\/","title":{"rendered":"TERMINOS Y CONDICIONES DE VENTA"},"content":{"rendered":"\n<p>CONDICIONES GENERALES DE VENTA<br>PARA TODA LA GAMA DE ESTUFAS, TERMOESTUFAS, CALDERAS,<br>QUEMADORES, TUBER\u00cdAS DE SALIDA DE HUMOS Y Z\u00d3CALO RADIANTE OCARIZ &amp; CALOR<\/p>\n\n\n\n<ol class=\"wp-block-list\">\n<li>Todas las tarifas y condiciones de venta adjuntas anulan y sustituyen a las anteriormente editadas. Los precios podr\u00e1n estar sujetos a<br>cualquier variaci\u00f3n, sin previo aviso al comprador, factur\u00e1ndose a los que rijan el d\u00eda de la aceptaci\u00f3n del pedido.<\/li>\n\n\n\n<li>Los precios indicados en esta tarifa est\u00e1n sujetos al IVA y a los impuestos correspondientes.<\/li>\n\n\n\n<li>Para Pen\u00ednsula excepto Portugal los pedidos superiores a 795 euros netos se suministrar\u00e1n libres de portes (hasta la puerta del cliente<br>a nivel del suelo), excepto los realizados v\u00eda urgente.<\/li>\n\n\n\n<li>Las mercanc\u00edas viajar\u00e1n por cuenta y riesgo del comprador.<\/li>\n\n\n\n<li>Toda mercanc\u00eda ser\u00e1 propiedad de HERRAJES OCARIZ, S.A. hasta que no haya sido pagado el total del importe facturado.<\/li>\n\n\n\n<li>FORMAS DE PAGO:<br>\uf02d Pago anticipado mediante transferencia bancaria a nuestra cuenta.<\/li>\n\n\n\n<li>MODIFICACI\u00d3N DE PEDIDOS:<br>\uf02d Una vez recibido por cualquier medio o forma el pedido y habi\u00e9ndose pasado \u00e9ste a f\u00e1brica se considerar\u00e1 en firme, no<br>admiti\u00e9ndose anulaciones, cambios o modificaciones de ning\u00fan tipo.<br>\uf02d En el momento en el que se haya emitido el albar\u00e1n de salida no se admitir\u00e1n m\u00e1s pedidos para agruparlos en una sola<br>expedici\u00f3n.<\/li>\n\n\n\n<li>El cliente deber\u00e1 asegurarse del perfecto estado de la mercanc\u00eda antes de firmar el albar\u00e1n de entrega de la agencia. A partir de dar<br>su conformidad, el cliente se responsabiliza del estado de la mercanc\u00eda y dispone de 24 horas para reclamar a la agencia cualquier<br>desperfecto consecuencia del transporte. Si no lo ha notificado a la agencia en ese plazo, la reparaci\u00f3n correr\u00e1 a cargo del cliente.<br>FORMA Y PLAZOS DE RECLAMACI\u00d3N A LA AGENCIA: de conformidad con lo establecido en la legislaci\u00f3n vigente, la<br>reclamaci\u00f3n por p\u00e9rdida o aver\u00eda de las mercanc\u00edas transportadas deber\u00e1 hacerse siempre por escrito, sacando fotograf\u00edas del<br>material da\u00f1ado y describiendo la naturaleza de la p\u00e9rdida o aver\u00eda. La reclamaci\u00f3n deber\u00e1 efectuarse en el mismo momento de la<br>entrega de la mercanc\u00eda al destinatario en el caso de p\u00e9rdidas o aver\u00edas aparentes o manifiestas. En los casos de p\u00e9rdidas o aver\u00edas no<br>aparentes o no manifiestas, el plazo m\u00e1ximo para efectuar reclamaciones ser\u00e1 dentro de las 24 horas siguientes a la entrega de la<br>mercanc\u00eda.<br>En todo caso y a efectos de las oportunas comprobaciones o peritaciones de las faltas o aver\u00edas, los bultos deber\u00e1n conservarse a<br>disposici\u00f3n del transportista junto con su embalaje original.<\/li>\n\n\n\n<li>DEVOLUCIONES DE MERCANC\u00cdA:<br>\uf02d No atenderemos reclamaciones de mercanc\u00eda una vez pasados 6 d\u00edas desde la fecha de salida de la misma desde cualquiera de<br>nuestros almacenes. Una vez transcurrido este periodo de 6 d\u00edas, la entrega y la mercanc\u00eda se entender\u00e1n totalmente aceptadas en<br>todos sus t\u00e9rminos y condiciones.<br>\uf02d Cualquier devoluci\u00f3n de mercanc\u00eda (estando \u00e9sta en perfectas condiciones de uso, empaquetado, embalaje, etc.) deber\u00e1 ser<br>precedida de una solicitud y autorizaci\u00f3n de devoluci\u00f3n dirigida por escrito indicando n\u00ba de factura, n\u00ba de albar\u00e1n, etc.<br>\uf02d Solamente se aceptar\u00e1 mercanc\u00eda en f\u00e1brica que contenga debidamente identificado el C\u00d3DIGO DE AUTORIZACI\u00d3N DE<br>DEVOLUCI\u00d3N, que el cliente deber\u00e1 solicitar previo al env\u00edo de la mercanc\u00eda.<br>\uf02d De proceder su devoluci\u00f3n (siempre a porte pagado) la mercanc\u00eda standard deber\u00e1 estar perfectamente documentada y<br>correctamente empaquetada para evitar el deterioro en el transporte. De no cumplirse estos requisitos, no se admitir\u00e1 la<br>devoluci\u00f3n.<br>\uf02d En toda devoluci\u00f3n autorizada de mercanc\u00eda que se encuentre en correctas condiciones t\u00e9cnicas y de uso y en su embalaje<br>original, deduciremos un 25% del abono que corresponda en concepto de costos de administraci\u00f3n, inspecci\u00f3n, manipulaci\u00f3n y<br>almacenaje, importe que compensaremos en la pr\u00f3xima factura.<\/li>\n\n\n\n<li>La empresa no se responsabiliza de los posibles da\u00f1os o perjuicios que pudieran ocasionar incluso a terceros una err\u00f3nea o<br>inadecuada selecci\u00f3n del producto, las equivocaciones o malas interpretaciones, erratas, cambios, modificaciones totales o parciales<br>que sin previo aviso y con el objeto de una mejora continua pueden realizarse tanto de los precios como de las referencias,<br>caracter\u00edsticas t\u00e9cnicas o apariencia est\u00e9tica de sus productos contenidos en esta tarifa, cat\u00e1logos correspondientes, manual de<br>instrucciones o cualquier otro tipo de documento y en general cualesquiera otras condiciones generales o particulares que resulten o<br>sean de aplicaci\u00f3n.<\/li>\n\n\n\n<li>Los plazos de entrega previstos para los pedidos se dan a t\u00edtulo meramente orientativo y las posibles demoras no dar\u00e1n derecho al<br>comprador a la cancelaci\u00f3n de la venta ni a retenci\u00f3n ni a efectuar ning\u00fan tipo de compensaci\u00f3n, rechazar la mercanc\u00eda o reclamar<br>da\u00f1os y perjuicios en su nombre o en el de terceros.<\/li>\n\n\n\n<li>Los precios de todos los productos ofertados en la tarifa vigente en cada momento no podr\u00e1n ser publicados en ning\u00fan medio<br>p\u00fablico ni privado (internet, prensa, promociones, otras tarifas, etc.) a un precio inferior al marcado en la misma sin el previo<br>consentimiento o autorizaci\u00f3n escrita por parte de HERRAJES OCARIZ, S.A.<\/li>\n\n\n\n<li>La responsabilidad de HERRAJES OCARIZ, S.A. se limita \u00fanica y exclusivamente al suministro de la mercanc\u00eda, es decir, NO SE<br>HACE RESPONSABLE DE LA INSTALACI\u00d3N, DEL MANTENIMIENTO, DEL POSIBLE MAL USO DE LOS EQUIPOS y de<br>la CONSERVACI\u00d3N y ELECCI\u00d3N DE UN PELLET que NO es, el que HERRAJES OCARIZ, S.A. RECOMIENDA (ENplus<br>A1).<\/li>\n\n\n\n<li>El cliente conoce, da por le\u00eddas, entendidas y aceptadas las presentes condiciones generales de venta comprometi\u00e9ndose a<br>cumplirlas en todos sus t\u00e9rminos.<\/li>\n\n\n\n<li>El cliente acepta y consiente que estas condiciones generales de ventas son un contrato y compromiso irrenunciable.<\/li>\n\n\n\n<li>Ambas partes, con renuncia a cualquier fuero que pudiera corresponderles, se someten para cualquier duda, discrepancia o<br>interpretaci\u00f3n que surja con relaci\u00f3n al cumplimiento o ejecuci\u00f3n de las presentes condiciones de venta u otros documentos de<br>cualquier tipo emitidos por la empresa a los Juzgados y Tribunales de Vitoria.<br>HERRAJES OCARIZ, S.A.<br>DEPARTAMENTO COMERCIAL<\/li>\n<\/ol>\n","protected":false},"excerpt":{"rendered":"<p>CONDICIONES GENERALES DE VENTAPARA TODA LA GAMA DE ESTUFAS, TERMOESTUFAS, CALDERAS,QUEMADORES, TUBER\u00cdAS DE SALIDA DE HUMOS Y Z\u00d3CALO RADIANTE OCARIZ &amp; CALOR<\/p>\n","protected":false},"author":1,"featured_media":0,"parent":0,"menu_order":0,"comment_status":"closed","ping_status":"closed","template":"full-width-page.php","meta":{"footnotes":""},"class_list":["post-2337","page","type-page","status-publish","hentry"],"yoast_head":"<!-- This site is optimized with the Yoast SEO plugin v27.5 - https:\/\/yoast.com\/product\/yoast-seo-wordpress\/ -->\n<title>TERMINOS Y CONDICIONES DE VENTA - Herrajes Ocariz, S.A.<\/title>\n<meta name=\"robots\" content=\"index, follow, max-snippet:-1, max-image-preview:large, max-video-preview:-1\" \/>\n<link rel=\"canonical\" href=\"https:\/\/www.ocariz.es\/index.php\/terminos-y-condiciones-de-venta\/\" \/>\n<meta property=\"og:locale\" content=\"es_ES\" \/>\n<meta property=\"og:type\" content=\"article\" \/>\n<meta property=\"og:title\" content=\"TERMINOS Y CONDICIONES DE VENTA - Herrajes Ocariz, S.A.\" \/>\n<meta property=\"og:description\" content=\"CONDICIONES GENERALES DE VENTAPARA TODA LA GAMA DE ESTUFAS, TERMOESTUFAS, CALDERAS,QUEMADORES, TUBER\u00cdAS DE SALIDA DE HUMOS Y Z\u00d3CALO RADIANTE OCARIZ &amp; CALOR\" \/>\n<meta property=\"og:url\" content=\"https:\/\/www.ocariz.es\/index.php\/terminos-y-condiciones-de-venta\/\" \/>\n<meta property=\"og:site_name\" content=\"Herrajes Ocariz, S.A.\" \/>\n<meta property=\"article:modified_time\" content=\"2022-11-17T06:21:15+00:00\" \/>\n<meta name=\"twitter:card\" content=\"summary_large_image\" \/>\n<meta name=\"twitter:label1\" content=\"Tiempo de lectura\" \/>\n\t<meta name=\"twitter:data1\" content=\"5 minutos\" \/>\n<script type=\"application\/ld+json\" class=\"yoast-schema-graph\">{\"@context\":\"https:\\\/\\\/schema.org\",\"@graph\":[{\"@type\":\"WebPage\",\"@id\":\"https:\\\/\\\/www.ocariz.es\\\/index.php\\\/terminos-y-condiciones-de-venta\\\/\",\"url\":\"https:\\\/\\\/www.ocariz.es\\\/index.php\\\/terminos-y-condiciones-de-venta\\\/\",\"name\":\"TERMINOS Y CONDICIONES DE VENTA - Herrajes Ocariz, S.A.\",\"isPartOf\":{\"@id\":\"https:\\\/\\\/www.ocariz.es\\\/#website\"},\"datePublished\":\"2020-11-15T09:36:29+00:00\",\"dateModified\":\"2022-11-17T06:21:15+00:00\",\"breadcrumb\":{\"@id\":\"https:\\\/\\\/www.ocariz.es\\\/index.php\\\/terminos-y-condiciones-de-venta\\\/#breadcrumb\"},\"inLanguage\":\"es\",\"potentialAction\":[{\"@type\":\"ReadAction\",\"target\":[\"https:\\\/\\\/www.ocariz.es\\\/index.php\\\/terminos-y-condiciones-de-venta\\\/\"]}]},{\"@type\":\"BreadcrumbList\",\"@id\":\"https:\\\/\\\/www.ocariz.es\\\/index.php\\\/terminos-y-condiciones-de-venta\\\/#breadcrumb\",\"itemListElement\":[{\"@type\":\"ListItem\",\"position\":1,\"name\":\"Portada\",\"item\":\"https:\\\/\\\/www.ocariz.es\\\/\"},{\"@type\":\"ListItem\",\"position\":2,\"name\":\"TERMINOS Y CONDICIONES DE VENTA\"}]},{\"@type\":\"WebSite\",\"@id\":\"https:\\\/\\\/www.ocariz.es\\\/#website\",\"url\":\"https:\\\/\\\/www.ocariz.es\\\/\",\"name\":\"Herrajes Ocariz, S.A.\",\"description\":\"Atenci\u00f3n telef\u00f3nica +34 945 263 400\",\"publisher\":{\"@id\":\"https:\\\/\\\/www.ocariz.es\\\/#organization\"},\"potentialAction\":[{\"@type\":\"SearchAction\",\"target\":{\"@type\":\"EntryPoint\",\"urlTemplate\":\"https:\\\/\\\/www.ocariz.es\\\/?s={search_term_string}\"},\"query-input\":{\"@type\":\"PropertyValueSpecification\",\"valueRequired\":true,\"valueName\":\"search_term_string\"}}],\"inLanguage\":\"es\"},{\"@type\":\"Organization\",\"@id\":\"https:\\\/\\\/www.ocariz.es\\\/#organization\",\"name\":\"HERRAJES OCARIZ, S.A.\",\"url\":\"https:\\\/\\\/www.ocariz.es\\\/\",\"logo\":{\"@type\":\"ImageObject\",\"inLanguage\":\"es\",\"@id\":\"https:\\\/\\\/www.ocariz.es\\\/#\\\/schema\\\/logo\\\/image\\\/\",\"url\":\"https:\\\/\\\/www.ocariz.es\\\/wp-content\\\/uploads\\\/2019\\\/01\\\/ocariz90.png\",\"contentUrl\":\"https:\\\/\\\/www.ocariz.es\\\/wp-content\\\/uploads\\\/2019\\\/01\\\/ocariz90.png\",\"width\":94,\"height\":76,\"caption\":\"HERRAJES OCARIZ, S.A.\"},\"image\":{\"@id\":\"https:\\\/\\\/www.ocariz.es\\\/#\\\/schema\\\/logo\\\/image\\\/\"}}]}<\/script>\n<!-- \/ Yoast SEO plugin. -->","yoast_head_json":{"title":"TERMINOS Y CONDICIONES DE VENTA - Herrajes Ocariz, S.A.","robots":{"index":"index","follow":"follow","max-snippet":"max-snippet:-1","max-image-preview":"max-image-preview:large","max-video-preview":"max-video-preview:-1"},"canonical":"https:\/\/www.ocariz.es\/index.php\/terminos-y-condiciones-de-venta\/","og_locale":"es_ES","og_type":"article","og_title":"TERMINOS Y CONDICIONES DE VENTA - Herrajes Ocariz, S.A.","og_description":"CONDICIONES GENERALES DE VENTAPARA TODA LA GAMA DE ESTUFAS, TERMOESTUFAS, CALDERAS,QUEMADORES, TUBER\u00cdAS DE SALIDA DE HUMOS Y Z\u00d3CALO RADIANTE OCARIZ &amp; CALOR","og_url":"https:\/\/www.ocariz.es\/index.php\/terminos-y-condiciones-de-venta\/","og_site_name":"Herrajes Ocariz, S.A.","article_modified_time":"2022-11-17T06:21:15+00:00","twitter_card":"summary_large_image","twitter_misc":{"Tiempo de lectura":"5 minutos"},"schema":{"@context":"https:\/\/schema.org","@graph":[{"@type":"WebPage","@id":"https:\/\/www.ocariz.es\/index.php\/terminos-y-condiciones-de-venta\/","url":"https:\/\/www.ocariz.es\/index.php\/terminos-y-condiciones-de-venta\/","name":"TERMINOS Y CONDICIONES DE VENTA - Herrajes Ocariz, S.A.","isPartOf":{"@id":"https:\/\/www.ocariz.es\/#website"},"datePublished":"2020-11-15T09:36:29+00:00","dateModified":"2022-11-17T06:21:15+00:00","breadcrumb":{"@id":"https:\/\/www.ocariz.es\/index.php\/terminos-y-condiciones-de-venta\/#breadcrumb"},"inLanguage":"es","potentialAction":[{"@type":"ReadAction","target":["https:\/\/www.ocariz.es\/index.php\/terminos-y-condiciones-de-venta\/"]}]},{"@type":"BreadcrumbList","@id":"https:\/\/www.ocariz.es\/index.php\/terminos-y-condiciones-de-venta\/#breadcrumb","itemListElement":[{"@type":"ListItem","position":1,"name":"Portada","item":"https:\/\/www.ocariz.es\/"},{"@type":"ListItem","position":2,"name":"TERMINOS Y CONDICIONES DE VENTA"}]},{"@type":"WebSite","@id":"https:\/\/www.ocariz.es\/#website","url":"https:\/\/www.ocariz.es\/","name":"Herrajes Ocariz, S.A.","description":"Atenci\u00f3n telef\u00f3nica +34 945 263 400","publisher":{"@id":"https:\/\/www.ocariz.es\/#organization"},"potentialAction":[{"@type":"SearchAction","target":{"@type":"EntryPoint","urlTemplate":"https:\/\/www.ocariz.es\/?s={search_term_string}"},"query-input":{"@type":"PropertyValueSpecification","valueRequired":true,"valueName":"search_term_string"}}],"inLanguage":"es"},{"@type":"Organization","@id":"https:\/\/www.ocariz.es\/#organization","name":"HERRAJES OCARIZ, S.A.","url":"https:\/\/www.ocariz.es\/","logo":{"@type":"ImageObject","inLanguage":"es","@id":"https:\/\/www.ocariz.es\/#\/schema\/logo\/image\/","url":"https:\/\/www.ocariz.es\/wp-content\/uploads\/2019\/01\/ocariz90.png","contentUrl":"https:\/\/www.ocariz.es\/wp-content\/uploads\/2019\/01\/ocariz90.png","width":94,"height":76,"caption":"HERRAJES OCARIZ, S.A."},"image":{"@id":"https:\/\/www.ocariz.es\/#\/schema\/logo\/image\/"}}]}},"_links":{"self":[{"href":"https:\/\/www.ocariz.es\/index.php\/wp-json\/wp\/v2\/pages\/2337","targetHints":{"allow":["GET"]}}],"collection":[{"href":"https:\/\/www.ocariz.es\/index.php\/wp-json\/wp\/v2\/pages"}],"about":[{"href":"https:\/\/www.ocariz.es\/index.php\/wp-json\/wp\/v2\/types\/page"}],"author":[{"embeddable":true,"href":"https:\/\/www.ocariz.es\/index.php\/wp-json\/wp\/v2\/users\/1"}],"replies":[{"embeddable":true,"href":"https:\/\/www.ocariz.es\/index.php\/wp-json\/wp\/v2\/comments?post=2337"}],"version-history":[{"count":2,"href":"https:\/\/www.ocariz.es\/index.php\/wp-json\/wp\/v2\/pages\/2337\/revisions"}],"predecessor-version":[{"id":2579,"href":"https:\/\/www.ocariz.es\/index.php\/wp-json\/wp\/v2\/pages\/2337\/revisions\/2579"}],"wp:attachment":[{"href":"https:\/\/www.ocariz.es\/index.php\/wp-json\/wp\/v2\/media?parent=2337"}],"curies":[{"name":"wp","href":"https:\/\/api.w.org\/{rel}","templated":true}]}}